{"id":36090,"date":"2026-04-18T01:53:07","date_gmt":"2026-04-18T01:53:07","guid":{"rendered":"https:\/\/singuli.wpress.me\/index.php\/proizvod\/pantene-pro-v-miracles-hydra-glow-poklon-paket\/"},"modified":"2026-04-21T00:26:45","modified_gmt":"2026-04-21T00:26:45","slug":"pantene-pro-v-miracles-hydra-glow-poklon-paket","status":"publish","type":"product","link":"https:\/\/singuli.wpress.me\/index.php\/proizvod\/pantene-pro-v-miracles-hydra-glow-poklon-paket\/","title":{"rendered":"PANTENE Pro-V Miracles Hydra Glow, poklon paket"},"content":{"rendered":"<p>Otkrijte snagu maksimalne hidratacije s kolekcijom Pantene Hydra: \u0161ampon, regenerator i maska. Formula Pro-V s Nutri Pearls osloba\u0111a hranjive sastojke, kosa postaje 100% mek\u0161a ve\u0107 nakon prvog kori\u0161tenja<\/p>\n","protected":false},"excerpt":{"rendered":"<p>Intenzivna hidratacija: Set sadr\u017ei \u0161ampon, regenerator i masku, osmi\u0161ljene za hidrataciju suhe kose, pru\u017eaju\u0107i joj lagan i zdrav sjaj<br \/>\nNutrijentima oboga\u0107ena formula: Formula Pro-V s Nutri Pearls oboga\u0107ena je biotinom i hijaluronskom kiselinom, \u0161to kosi osigurava potpunu njegu<br \/>\nVidljivi rezultati: Kosa postaje 100% mek\u0161a nakon prvog kori\u0161tenja, s dugotrajnom hidratacijom do 72 sata. U\u010dinkovitost je potvr\u0111ena od strane Swiss Vitamin Institute<\/p>\n","protected":false},"featured_media":36091,"template":"","meta":{"_seopress_robots_primary_cat":"","_seopress_titles_title":"","_seopress_titles_desc":"","_seopress_robots_index":"","iawp_total_views":0},"product_brand":[411],"product_cat":[261,277],"product_tag":[],"class_list":{"0":"post-36090","1":"product","2":"type-product","3":"status-publish","4":"has-post-thumbnail","6":"product_brand-pantene","7":"product_cat-hrana-i-pice","8":"product_cat-slatkisi-i-grickalice-261","10":"first","11":"outofstock","12":"shipping-taxable","13":"purchasable","14":"product-type-simple"},"_links":{"self":[{"href":"https:\/\/singuli.wpress.me\/index.php\/wp-json\/wp\/v2\/product\/36090","targetHints":{"allow":["GET"]}}],"collection":[{"href":"https:\/\/singuli.wpress.me\/index.php\/wp-json\/wp\/v2\/product"}],"about":[{"href":"https:\/\/singuli.wpress.me\/index.php\/wp-json\/wp\/v2\/types\/product"}],"version-history":[{"count":0,"href":"https:\/\/singuli.wpress.me\/index.php\/wp-json\/wp\/v2\/product\/36090\/revisions"}],"wp:featuredmedia":[{"embeddable":true,"href":"https:\/\/singuli.wpress.me\/index.php\/wp-json\/wp\/v2\/media\/36091"}],"wp:attachment":[{"href":"https:\/\/singuli.wpress.me\/index.php\/wp-json\/wp\/v2\/media?parent=36090"}],"wp:term":[{"taxonomy":"product_brand","embeddable":true,"href":"https:\/\/singuli.wpress.me\/index.php\/wp-json\/wp\/v2\/product_brand?post=36090"},{"taxonomy":"product_cat","embeddable":true,"href":"https:\/\/singuli.wpress.me\/index.php\/wp-json\/wp\/v2\/product_cat?post=36090"},{"taxonomy":"product_tag","embeddable":true,"href":"https:\/\/singuli.wpress.me\/index.php\/wp-json\/wp\/v2\/product_tag?post=36090"}],"curies":[{"name":"wp","href":"https:\/\/api.w.org\/{rel}","templated":true}]}}