{"id":36099,"date":"2026-04-18T01:53:12","date_gmt":"2026-04-18T01:53:12","guid":{"rendered":"https:\/\/singuli.wpress.me\/index.php\/proizvod\/gillette-mach-3-charcoal-brijac-s-zamjenskim-britvicama\/"},"modified":"2026-04-20T12:33:17","modified_gmt":"2026-04-20T12:33:17","slug":"gillette-mach-3-charcoal-brijac-s-zamjenskim-britvicama","status":"publish","type":"product","link":"https:\/\/singuli.wpress.me\/index.php\/proizvod\/gillette-mach-3-charcoal-brijac-s-zamjenskim-britvicama\/","title":{"rendered":"GILLETTE Mach 3 Charcoal, brija\u010d s zamjenskim britvicama"},"content":{"rendered":"<p>U\u017eivajte u bezvremenskom i iznimno temeljitom brijanju uz brija\u010d Gillette Mach3 Charcoal. Posebno osmi\u0161ljene o\u0161trice smanjuju iritaciju pri brijanju* te pru\u017eaju iznimno glatko i ugodno iskustvo (*1. i 3. o\u0161trica). Mach3 Charcoal ima pobolj\u0161anu lubrikantnu trakicu za jo\u0161 lak\u0161e klizanje (u odnosu na Mach3) i zamjenjivu britvicu \u010diji sustav s 3 o\u0161trice omogu\u0107uje jednostavno, uredno i temeljito brijanje te ve\u0107u ugodnost. Zahvaljuju\u0107i za\u0161titnim mikrokrilcima, priprema va\u0161u ko\u017eu za brijanje i dodatno pobolj\u0161ava cjelokupno iskustvo.<\/p>\n","protected":false},"excerpt":{"rendered":"<p>Set uklju\u010duje 1 brija\u010d i 2 zamjenske britvice s 3 o\u0161trice, posebno osmi\u0161ljene za manju iritaciju ko\u017ee<br \/>\nBrija\u010d ima pobolj\u0161anu lubrikantnu trakicu za iznimno glatko klizanje i za\u0161titna mikrokrilca za ugodno brijanje<br \/>\nSvaka zamjenska britvica pru\u017ea do 15 brijanja, a kompatibilna je sa svim Gillette Mach3 britvicama<\/p>\n","protected":false},"featured_media":36100,"template":"","meta":{"_seopress_robots_primary_cat":"","_seopress_titles_title":"","_seopress_titles_desc":"","_seopress_robots_index":"","iawp_total_views":0},"product_brand":[323],"product_cat":[261,277],"product_tag":[],"class_list":{"0":"post-36099","1":"product","2":"type-product","3":"status-publish","4":"has-post-thumbnail","6":"product_brand-gillette","7":"product_cat-hrana-i-pice","8":"product_cat-slatkisi-i-grickalice-261","10":"first","11":"outofstock","12":"shipping-taxable","13":"purchasable","14":"product-type-simple"},"_links":{"self":[{"href":"https:\/\/singuli.wpress.me\/index.php\/wp-json\/wp\/v2\/product\/36099","targetHints":{"allow":["GET"]}}],"collection":[{"href":"https:\/\/singuli.wpress.me\/index.php\/wp-json\/wp\/v2\/product"}],"about":[{"href":"https:\/\/singuli.wpress.me\/index.php\/wp-json\/wp\/v2\/types\/product"}],"version-history":[{"count":0,"href":"https:\/\/singuli.wpress.me\/index.php\/wp-json\/wp\/v2\/product\/36099\/revisions"}],"wp:featuredmedia":[{"embeddable":true,"href":"https:\/\/singuli.wpress.me\/index.php\/wp-json\/wp\/v2\/media\/36100"}],"wp:attachment":[{"href":"https:\/\/singuli.wpress.me\/index.php\/wp-json\/wp\/v2\/media?parent=36099"}],"wp:term":[{"taxonomy":"product_brand","embeddable":true,"href":"https:\/\/singuli.wpress.me\/index.php\/wp-json\/wp\/v2\/product_brand?post=36099"},{"taxonomy":"product_cat","embeddable":true,"href":"https:\/\/singuli.wpress.me\/index.php\/wp-json\/wp\/v2\/product_cat?post=36099"},{"taxonomy":"product_tag","embeddable":true,"href":"https:\/\/singuli.wpress.me\/index.php\/wp-json\/wp\/v2\/product_tag?post=36099"}],"curies":[{"name":"wp","href":"https:\/\/api.w.org\/{rel}","templated":true}]}}