{"id":36102,"date":"2026-04-18T01:53:16","date_gmt":"2026-04-18T01:53:16","guid":{"rendered":"https:\/\/singuli.wpress.me\/index.php\/proizvod\/gillette-mach3-old-spice-whitewater-poklon-paket\/"},"modified":"2026-04-21T00:26:46","modified_gmt":"2026-04-21T00:26:46","slug":"gillette-mach3-old-spice-whitewater-poklon-paket","status":"publish","type":"product","link":"https:\/\/singuli.wpress.me\/index.php\/proizvod\/gillette-mach3-old-spice-whitewater-poklon-paket\/","title":{"rendered":"GILLETTE Mach3 + Old Spice Whitewater, poklon paket"},"content":{"rendered":"<p>Ovog Bo\u017ei\u0107a poklonite mu najbolji dar za mu\u0161karca \u2013 darovni komplet Gillette! U njemu ga \u010dekaju brija\u010d Gillette Mach3 i gel Old Spice 3-in-1 za pranje tijela, kose i lica: savr\u0161ena kombinacija s kojom \u0107e se osje\u0107ati fenomenalno tijekom blagdana.<\/p>\n","protected":false},"excerpt":{"rendered":"<p>Savr\u0161ena kombinacija: Set sadr\u017ei brija\u010d Gillette Mach3 s dvije zamjenske britvice i Old Spice Whitewater 3-u-1 gel za pranje tijela, kose i lica<br \/>\nKvaliteta i trajnost: O\u0161trice brija\u010da sna\u017enije su od \u010delika i svaka pru\u017ea do 15 brijanja, dok Old Spice gel ima bogat miris s notama ambre, sandalovine i citrusa<br \/>\nIdealan poklon: Elegantan darovni komplet za mu\u0161karca koji u jednom pakiranju pru\u017ea temeljito brijanje i osvje\u017eavaju\u0107i, dugotrajan miris<\/p>\n","protected":false},"featured_media":36103,"template":"","meta":{"_seopress_robots_primary_cat":"","_seopress_titles_title":"","_seopress_titles_desc":"","_seopress_robots_index":"","iawp_total_views":0},"product_brand":[323],"product_cat":[261,277],"product_tag":[],"class_list":{"0":"post-36102","1":"product","2":"type-product","3":"status-publish","4":"has-post-thumbnail","6":"product_brand-gillette","7":"product_cat-hrana-i-pice","8":"product_cat-slatkisi-i-grickalice-261","10":"first","11":"outofstock","12":"shipping-taxable","13":"purchasable","14":"product-type-simple"},"_links":{"self":[{"href":"https:\/\/singuli.wpress.me\/index.php\/wp-json\/wp\/v2\/product\/36102","targetHints":{"allow":["GET"]}}],"collection":[{"href":"https:\/\/singuli.wpress.me\/index.php\/wp-json\/wp\/v2\/product"}],"about":[{"href":"https:\/\/singuli.wpress.me\/index.php\/wp-json\/wp\/v2\/types\/product"}],"version-history":[{"count":0,"href":"https:\/\/singuli.wpress.me\/index.php\/wp-json\/wp\/v2\/product\/36102\/revisions"}],"wp:featuredmedia":[{"embeddable":true,"href":"https:\/\/singuli.wpress.me\/index.php\/wp-json\/wp\/v2\/media\/36103"}],"wp:attachment":[{"href":"https:\/\/singuli.wpress.me\/index.php\/wp-json\/wp\/v2\/media?parent=36102"}],"wp:term":[{"taxonomy":"product_brand","embeddable":true,"href":"https:\/\/singuli.wpress.me\/index.php\/wp-json\/wp\/v2\/product_brand?post=36102"},{"taxonomy":"product_cat","embeddable":true,"href":"https:\/\/singuli.wpress.me\/index.php\/wp-json\/wp\/v2\/product_cat?post=36102"},{"taxonomy":"product_tag","embeddable":true,"href":"https:\/\/singuli.wpress.me\/index.php\/wp-json\/wp\/v2\/product_tag?post=36102"}],"curies":[{"name":"wp","href":"https:\/\/api.w.org\/{rel}","templated":true}]}}