{"id":36107,"date":"2026-04-18T01:53:17","date_gmt":"2026-04-18T01:53:17","guid":{"rendered":"https:\/\/singuli.wpress.me\/index.php\/proizvod\/old-spice-gamer-poklon-paket\/"},"modified":"2026-04-21T00:26:46","modified_gmt":"2026-04-21T00:26:46","slug":"old-spice-gamer-poklon-paket","status":"publish","type":"product","link":"https:\/\/singuli.wpress.me\/index.php\/proizvod\/old-spice-gamer-poklon-paket\/","title":{"rendered":"OLD SPICE Gamer, poklon paket"},"content":{"rendered":"<p>Oslobodi nevjerojatnu 24-satnu svje\u017einu 7 dana u tjednu* uz darovne komplete Old Spice! Tra\u017ei\u0161 savr\u0161en dar za ljubitelja igara koji u \u017eivotu spretno prelazi na vi\u0161e nivoe i legendarno miri\u0161e? Ne tra\u017ei dalje! Darovni komplet sadr\u017ei dezodorans u stiku i gel za tu\u0161iranje za mu\u0161karce Wolfthorn, prekrasno upakirane u kartonskoj kutiji s dizajnom Gamer. Ne mo\u017ee\u0161 pogrije\u0161iti s mirisom parfemske kvalitete Old Spice Wolfthorn: svje\u017ei miris divljih citrusa, tropskog vo\u0107a i so\u010dne mandarine s da\u0161kom vanilije istaknut \u0107e njegovu neukrotivu stranu. Kako to da ovaj darovni komplet Old Spice nije ve\u0107 u tvojoj ko\u0161arici? (*kada se koriste gel za tu\u0161iranje i dezodorans)<\/p>\n","protected":false},"excerpt":{"rendered":"<p>Set uklju\u010duje dezodorans u stiku (50 ml) i gel za tu\u0161iranje (250 ml), sve s mirisom &#8220;Wolfthorn&#8221;<br \/>\nAtraktivan miris: Miris parfemske kvalitete s notama divljih citrusa, tropskog vo\u0107a i so\u010dne mandarine s da\u0161kom vanilije.<br \/>\nIdealan poklon: Savr\u0161en dar za ljubitelje igara, dizajniran za 24-satnu svje\u017einu i pobjedni\u010dki duh<\/p>\n","protected":false},"featured_media":36108,"template":"","meta":{"_seopress_robots_primary_cat":"","_seopress_titles_title":"","_seopress_titles_desc":"","_seopress_robots_index":"","iawp_total_views":0},"product_brand":[448],"product_cat":[261,277],"product_tag":[],"class_list":{"0":"post-36107","1":"product","2":"type-product","3":"status-publish","4":"has-post-thumbnail","6":"product_brand-old-spice","7":"product_cat-hrana-i-pice","8":"product_cat-slatkisi-i-grickalice-261","10":"first","11":"instock","12":"shipping-taxable","13":"purchasable","14":"product-type-simple"},"_links":{"self":[{"href":"https:\/\/singuli.wpress.me\/index.php\/wp-json\/wp\/v2\/product\/36107","targetHints":{"allow":["GET"]}}],"collection":[{"href":"https:\/\/singuli.wpress.me\/index.php\/wp-json\/wp\/v2\/product"}],"about":[{"href":"https:\/\/singuli.wpress.me\/index.php\/wp-json\/wp\/v2\/types\/product"}],"version-history":[{"count":0,"href":"https:\/\/singuli.wpress.me\/index.php\/wp-json\/wp\/v2\/product\/36107\/revisions"}],"wp:featuredmedia":[{"embeddable":true,"href":"https:\/\/singuli.wpress.me\/index.php\/wp-json\/wp\/v2\/media\/36108"}],"wp:attachment":[{"href":"https:\/\/singuli.wpress.me\/index.php\/wp-json\/wp\/v2\/media?parent=36107"}],"wp:term":[{"taxonomy":"product_brand","embeddable":true,"href":"https:\/\/singuli.wpress.me\/index.php\/wp-json\/wp\/v2\/product_brand?post=36107"},{"taxonomy":"product_cat","embeddable":true,"href":"https:\/\/singuli.wpress.me\/index.php\/wp-json\/wp\/v2\/product_cat?post=36107"},{"taxonomy":"product_tag","embeddable":true,"href":"https:\/\/singuli.wpress.me\/index.php\/wp-json\/wp\/v2\/product_tag?post=36107"}],"curies":[{"name":"wp","href":"https:\/\/api.w.org\/{rel}","templated":true}]}}