{"id":36116,"date":"2026-04-18T01:53:27","date_gmt":"2026-04-18T01:53:27","guid":{"rendered":"https:\/\/singuli.wpress.me\/index.php\/proizvod\/old-spice-tin-box-poklon-paket\/"},"modified":"2026-04-20T12:33:17","modified_gmt":"2026-04-20T12:33:17","slug":"old-spice-tin-box-poklon-paket","status":"publish","type":"product","link":"https:\/\/singuli.wpress.me\/index.php\/proizvod\/old-spice-tin-box-poklon-paket\/","title":{"rendered":"OLD SPICE Tin Box, poklon paket"},"content":{"rendered":"<p>Oslobodi nevjerojatnu 24-satnu svje\u017einu 7 dana u tjednu* uz darovne komplete Old Spice! Tra\u017ei\u0161 savr\u0161en dar za samouvjerenog mu\u0161karca koji legendarno miri\u0161e? Ne tra\u017ei dalje! Darovni komplet Tin Box sadr\u017ei dezodorans u stiku, gel za tu\u0161iranje i losion za njegu nakon brijanja za mu\u0161karce Captain, prekrasno upakirane u prepoznatljivoj limenoj kutiji Old Spice koja se mo\u017ee ponovo koristiti za \u010duvanje vrijednih stvari ili bilo kojeg mu\u0161kar\u010devog tajnog blaga. Ne mo\u017ee\u0161 pogrije\u0161iti s mirisom parfemske kvalitete Old Spice Captain: miris divljih morskih valova, sandalovine i pikantnog bergamota pretvorit \u0107e svakog mu\u0161karca u neustra\u0161ivog kapetana svje\u017eine. Kako to da ovaj darovni komplet Old Spice nije ve\u0107 u tvojoj ko\u0161arici? (*kada se koriste gel za tu\u0161iranje i dezodorans)<\/p>\n","protected":false},"excerpt":{"rendered":"<p>Set uklju\u010duje dezodorans u stiku (50 ml), gel za tu\u0161iranje (250 ml) i losion za njegu nakon brijanja (100 ml)<br \/>\nDugotrajni miris s notama divljih morskih valova, sandalovine i pikantnog bergamota<br \/>\nDolazi u prepoznatljivoj, vi\u0161ekratno iskoristivoj limenoj kutiji, savr\u0161enoj za \u010duvanje sitnica<\/p>\n","protected":false},"featured_media":36117,"template":"","meta":{"_seopress_robots_primary_cat":"","_seopress_titles_title":"","_seopress_titles_desc":"","_seopress_robots_index":"","iawp_total_views":0},"product_brand":[448],"product_cat":[261,277],"product_tag":[],"class_list":{"0":"post-36116","1":"product","2":"type-product","3":"status-publish","4":"has-post-thumbnail","6":"product_brand-old-spice","7":"product_cat-hrana-i-pice","8":"product_cat-slatkisi-i-grickalice-261","10":"first","11":"outofstock","12":"shipping-taxable","13":"purchasable","14":"product-type-simple"},"_links":{"self":[{"href":"https:\/\/singuli.wpress.me\/index.php\/wp-json\/wp\/v2\/product\/36116","targetHints":{"allow":["GET"]}}],"collection":[{"href":"https:\/\/singuli.wpress.me\/index.php\/wp-json\/wp\/v2\/product"}],"about":[{"href":"https:\/\/singuli.wpress.me\/index.php\/wp-json\/wp\/v2\/types\/product"}],"version-history":[{"count":0,"href":"https:\/\/singuli.wpress.me\/index.php\/wp-json\/wp\/v2\/product\/36116\/revisions"}],"wp:featuredmedia":[{"embeddable":true,"href":"https:\/\/singuli.wpress.me\/index.php\/wp-json\/wp\/v2\/media\/36117"}],"wp:attachment":[{"href":"https:\/\/singuli.wpress.me\/index.php\/wp-json\/wp\/v2\/media?parent=36116"}],"wp:term":[{"taxonomy":"product_brand","embeddable":true,"href":"https:\/\/singuli.wpress.me\/index.php\/wp-json\/wp\/v2\/product_brand?post=36116"},{"taxonomy":"product_cat","embeddable":true,"href":"https:\/\/singuli.wpress.me\/index.php\/wp-json\/wp\/v2\/product_cat?post=36116"},{"taxonomy":"product_tag","embeddable":true,"href":"https:\/\/singuli.wpress.me\/index.php\/wp-json\/wp\/v2\/product_tag?post=36116"}],"curies":[{"name":"wp","href":"https:\/\/api.w.org\/{rel}","templated":true}]}}