{"id":36119,"date":"2026-04-18T01:53:28","date_gmt":"2026-04-18T01:53:28","guid":{"rendered":"https:\/\/singuli.wpress.me\/index.php\/proizvod\/oral-b-luxe-perfection-zubna-pasta-75-ml\/"},"modified":"2026-04-20T12:33:17","modified_gmt":"2026-04-20T12:33:17","slug":"oral-b-luxe-perfection-zubna-pasta-75-ml","status":"publish","type":"product","link":"https:\/\/singuli.wpress.me\/index.php\/proizvod\/oral-b-luxe-perfection-zubna-pasta-75-ml\/","title":{"rendered":"ORAL-B Luxe Perfection, zubna pasta, 75\u00a0ml"},"content":{"rendered":"<p>Zubna pasta Oral-B 3D White Advanced Whitening ima tehnologiju izbjeljivanja koju nudi Oral-B. Izbjeljuje tako \u0161to uklanja povr\u0161inske mrlje ve\u0107 od 1. pranja, uklanja do 100% povr\u0161inskih mrlja za 5 dana te \u0161titi zube od kiselina i budu\u0107ih povr\u0161inskih mrlja.<\/p>\n","protected":false},"excerpt":{"rendered":"<p>Brzo izbjeljuje zube tako \u0161to uklanja do 100% povr\u0161inskih mrlja, uz redovitu upotrebu<br \/>\nSigurno za zubnu caklinu kako biste mogli dobiti bjelje zube koji \u0107e uz za\u0161titu cakline tako\u0111er biti blistavi i zdravi<br \/>\nKlini\u010dki dokazano i osmi\u0161ljeno u suradnji sa stru\u010dnjacima<\/p>\n","protected":false},"featured_media":36120,"template":"","meta":{"_seopress_robots_primary_cat":"","_seopress_titles_title":"","_seopress_titles_desc":"","_seopress_robots_index":"","iawp_total_views":0},"product_brand":[423],"product_cat":[268,309,320],"product_tag":[],"class_list":{"0":"post-36119","1":"product","2":"type-product","3":"status-publish","4":"has-post-thumbnail","6":"product_brand-oral-b-2","7":"product_cat-kozmetika-2","8":"product_cat-oralna-higijena-268","9":"product_cat-paste-za-zube-309","11":"first","12":"instock","13":"shipping-taxable","14":"purchasable","15":"product-type-simple"},"_links":{"self":[{"href":"https:\/\/singuli.wpress.me\/index.php\/wp-json\/wp\/v2\/product\/36119","targetHints":{"allow":["GET"]}}],"collection":[{"href":"https:\/\/singuli.wpress.me\/index.php\/wp-json\/wp\/v2\/product"}],"about":[{"href":"https:\/\/singuli.wpress.me\/index.php\/wp-json\/wp\/v2\/types\/product"}],"version-history":[{"count":0,"href":"https:\/\/singuli.wpress.me\/index.php\/wp-json\/wp\/v2\/product\/36119\/revisions"}],"wp:featuredmedia":[{"embeddable":true,"href":"https:\/\/singuli.wpress.me\/index.php\/wp-json\/wp\/v2\/media\/36120"}],"wp:attachment":[{"href":"https:\/\/singuli.wpress.me\/index.php\/wp-json\/wp\/v2\/media?parent=36119"}],"wp:term":[{"taxonomy":"product_brand","embeddable":true,"href":"https:\/\/singuli.wpress.me\/index.php\/wp-json\/wp\/v2\/product_brand?post=36119"},{"taxonomy":"product_cat","embeddable":true,"href":"https:\/\/singuli.wpress.me\/index.php\/wp-json\/wp\/v2\/product_cat?post=36119"},{"taxonomy":"product_tag","embeddable":true,"href":"https:\/\/singuli.wpress.me\/index.php\/wp-json\/wp\/v2\/product_tag?post=36119"}],"curies":[{"name":"wp","href":"https:\/\/api.w.org\/{rel}","templated":true}]}}