{"id":36132,"date":"2026-04-18T01:53:38","date_gmt":"2026-04-18T01:53:38","guid":{"rendered":"https:\/\/singuli.wpress.me\/index.php\/proizvod\/oral-b-expert-freshbreath-zubna-pasta-75-ml\/"},"modified":"2026-04-20T12:33:17","modified_gmt":"2026-04-20T12:33:17","slug":"oral-b-expert-freshbreath-zubna-pasta-75-ml","status":"publish","type":"product","link":"https:\/\/singuli.wpress.me\/index.php\/proizvod\/oral-b-expert-freshbreath-zubna-pasta-75-ml\/","title":{"rendered":"ORAL-B Expert FreshBreath, zubna pasta, 75\u00a0ml"},"content":{"rendered":"<p>Zubna pasta Oral-B Pro Expert Fresh Breath klini\u010dki je dokazana i osmi\u0161ljena u stru\u010dnoj suradnji sa stomatolozima. Ova zubna pasta osvje\u017eava dah i pru\u017ea 24-satnu za\u0161titu od zubnih naslaga kada perete zube dvaput dnevno.<\/p>\n","protected":false},"excerpt":{"rendered":"<p>Bori se protiv zadaha i pru\u017ea dugotrajnu svje\u017einu<br \/>\nPru\u017ea 24-satnu za\u0161titu od zubnih naslaga kada perete zube dvaput dnevno<br \/>\nOsigurava za\u0161titu od bakterija i kiselina<\/p>\n","protected":false},"featured_media":36133,"template":"","meta":{"_seopress_robots_primary_cat":"","_seopress_titles_title":"","_seopress_titles_desc":"","_seopress_robots_index":"","iawp_total_views":0},"product_brand":[423],"product_cat":[268,309,320],"product_tag":[],"class_list":{"0":"post-36132","1":"product","2":"type-product","3":"status-publish","4":"has-post-thumbnail","6":"product_brand-oral-b-2","7":"product_cat-kozmetika-2","8":"product_cat-oralna-higijena-268","9":"product_cat-paste-za-zube-309","11":"first","12":"outofstock","13":"shipping-taxable","14":"purchasable","15":"product-type-simple"},"_links":{"self":[{"href":"https:\/\/singuli.wpress.me\/index.php\/wp-json\/wp\/v2\/product\/36132","targetHints":{"allow":["GET"]}}],"collection":[{"href":"https:\/\/singuli.wpress.me\/index.php\/wp-json\/wp\/v2\/product"}],"about":[{"href":"https:\/\/singuli.wpress.me\/index.php\/wp-json\/wp\/v2\/types\/product"}],"version-history":[{"count":0,"href":"https:\/\/singuli.wpress.me\/index.php\/wp-json\/wp\/v2\/product\/36132\/revisions"}],"wp:featuredmedia":[{"embeddable":true,"href":"https:\/\/singuli.wpress.me\/index.php\/wp-json\/wp\/v2\/media\/36133"}],"wp:attachment":[{"href":"https:\/\/singuli.wpress.me\/index.php\/wp-json\/wp\/v2\/media?parent=36132"}],"wp:term":[{"taxonomy":"product_brand","embeddable":true,"href":"https:\/\/singuli.wpress.me\/index.php\/wp-json\/wp\/v2\/product_brand?post=36132"},{"taxonomy":"product_cat","embeddable":true,"href":"https:\/\/singuli.wpress.me\/index.php\/wp-json\/wp\/v2\/product_cat?post=36132"},{"taxonomy":"product_tag","embeddable":true,"href":"https:\/\/singuli.wpress.me\/index.php\/wp-json\/wp\/v2\/product_tag?post=36132"}],"curies":[{"name":"wp","href":"https:\/\/api.w.org\/{rel}","templated":true}]}}