{"id":36137,"date":"2026-04-18T01:53:40","date_gmt":"2026-04-18T01:53:40","guid":{"rendered":"https:\/\/singuli.wpress.me\/index.php\/proizvod\/gillette-proglide-zamjenske-britvice-14-kom\/"},"modified":"2026-04-20T12:33:17","modified_gmt":"2026-04-20T12:33:17","slug":"gillette-proglide-zamjenske-britvice-14-kom","status":"publish","type":"product","link":"https:\/\/singuli.wpress.me\/index.php\/proizvod\/gillette-proglide-zamjenske-britvice-14-kom\/","title":{"rendered":"GILLETTE ProGlide, zamjenske britvice, 14\u00a0kom"},"content":{"rendered":"<p>U\u017eivajte u nevjerojatno temeljitom i ugodnom brijanju koje pru\u017eaju zamjenske britvice za brija\u010d Gillette ProGlide. Iskoristite prednosti tehnologije kompatibilne dr\u0161ke FlexBall koja se prilago\u0111ava i reagira na pojedina\u010dne konture lica kako biste dohvatili doslovno svaku dla\u010dicu za temeljito brijanje. Precizni trimer i za\u0161titna mikrokrilca osiguravaju uredno i precizno brijanje uz nje\u017eno usmjeravanje dla\u010dica prema o\u0161trici. Uz to, u\u017eivajte u dugotrajnoj vrijednosti uz svaku zamjensku britvicu ProGlide koja pru\u017ea do 30 brijanja* (*na temelju brijanja triput tjedno).<\/p>\n","protected":false},"excerpt":{"rendered":"<p>Veliko pakiranje: Sadr\u017ei 14 zamjenskih britvica za brija\u010d Gillette ProGlide, \u0161to osigurava dugotrajnu vrijednost i neprekidnu zalihu za savr\u0161eno brijanje<br \/>\nSvaka britvica ima 5 o\u0161trica, precizni trimer za oblikovanje i pobolj\u0161anu EverGlide lubrikaciju za glatko i temeljito klizanje<br \/>\nSvaka britvica omogu\u0107uje do 30 brijanja, a kompatibilna je sa svim brija\u010dima Gillette Fusion, ProGlide i ProShield<\/p>\n","protected":false},"featured_media":36138,"template":"","meta":{"_seopress_robots_primary_cat":"","_seopress_titles_title":"","_seopress_titles_desc":"","_seopress_robots_index":"","iawp_total_views":0},"product_brand":[323],"product_cat":[261,277],"product_tag":[],"class_list":{"0":"post-36137","1":"product","2":"type-product","3":"status-publish","4":"has-post-thumbnail","6":"product_brand-gillette","7":"product_cat-hrana-i-pice","8":"product_cat-slatkisi-i-grickalice-261","10":"first","11":"instock","12":"shipping-taxable","13":"purchasable","14":"product-type-simple"},"_links":{"self":[{"href":"https:\/\/singuli.wpress.me\/index.php\/wp-json\/wp\/v2\/product\/36137","targetHints":{"allow":["GET"]}}],"collection":[{"href":"https:\/\/singuli.wpress.me\/index.php\/wp-json\/wp\/v2\/product"}],"about":[{"href":"https:\/\/singuli.wpress.me\/index.php\/wp-json\/wp\/v2\/types\/product"}],"version-history":[{"count":0,"href":"https:\/\/singuli.wpress.me\/index.php\/wp-json\/wp\/v2\/product\/36137\/revisions"}],"wp:featuredmedia":[{"embeddable":true,"href":"https:\/\/singuli.wpress.me\/index.php\/wp-json\/wp\/v2\/media\/36138"}],"wp:attachment":[{"href":"https:\/\/singuli.wpress.me\/index.php\/wp-json\/wp\/v2\/media?parent=36137"}],"wp:term":[{"taxonomy":"product_brand","embeddable":true,"href":"https:\/\/singuli.wpress.me\/index.php\/wp-json\/wp\/v2\/product_brand?post=36137"},{"taxonomy":"product_cat","embeddable":true,"href":"https:\/\/singuli.wpress.me\/index.php\/wp-json\/wp\/v2\/product_cat?post=36137"},{"taxonomy":"product_tag","embeddable":true,"href":"https:\/\/singuli.wpress.me\/index.php\/wp-json\/wp\/v2\/product_tag?post=36137"}],"curies":[{"name":"wp","href":"https:\/\/api.w.org\/{rel}","templated":true}]}}