{"id":36140,"date":"2026-04-18T01:53:41","date_gmt":"2026-04-18T01:53:41","guid":{"rendered":"https:\/\/singuli.wpress.me\/index.php\/proizvod\/old-spice-treasure-chest-poklon-paket\/"},"modified":"2026-04-20T12:33:17","modified_gmt":"2026-04-20T12:33:17","slug":"old-spice-treasure-chest-poklon-paket","status":"publish","type":"product","link":"https:\/\/singuli.wpress.me\/index.php\/proizvod\/old-spice-treasure-chest-poklon-paket\/","title":{"rendered":"OLD SPICE Treasure Chest, poklon paket"},"content":{"rendered":"<p>Oslobodi nevjerojatnu 24-satnu svje\u017einu 7 dana u tjednu* uz darovne komplete Old Spice! Tra\u017ei\u0161 savr\u0161en dar za lovca na blago koji sa stilom kre\u0107e u pustolovine i legendarno miri\u0161e? Ne tra\u017ei dalje! Darovni komplet Treasure Chest sadr\u017ei dezodorans u stiku Deep Sea, gel za tu\u0161iranje Deep Sea i losion za njegu nakon brijanja Captain, prekrasno upakirane u prepoznatljivoj \u0161krinjici s blagom Old Spice koja se mo\u017ee ponovo koristiti za spremanje stvari ili \u010duvanje piratskog blaga. Ne mo\u017ee\u0161 pogrije\u0161iti s mirisima parfemske kvalitete: Old Spice Deep Sea sa svje\u017eim mirisom morskog povjetarca, rascvjetanog cvije\u0107a i so\u010dnih citrusa vodi u podvodni raj dok Old Spice Captain s mirisom divljih morskih valova, sandalovine i pikantnog bergamota pretvara svakog mu\u0161karca u neustra\u0161ivog kapetana svje\u017eine. Kako to da ovaj darovni komplet Old Spice nije ve\u0107 u tvojoj ko\u0161arici? (*kada se koriste gel za tu\u0161iranje i dezodorans)<\/p>\n","protected":false},"excerpt":{"rendered":"<p>Komplet s dva mirisa: Set uklju\u010duje dezodorans u stiku i gel za tu\u0161iranje s mirisom &#8220;Deep Sea&#8221; te losion za njegu nakon brijanja s mirisom &#8220;Captain&#8221;<br \/>\nMirisi parfemske kvalitete: U\u017eivajte u svje\u017eem mirisu morskog povjetarca i citrusa uz &#8220;Deep Sea&#8221; te klasi\u010dnim notama sandalovine i bergamota uz &#8220;Captain&#8221;<br \/>\nEkskluzivno pakiranje: Dolazi u prepoznatljivoj, vi\u0161ekratno iskoristivoj \u0161krinjici s blagom, idealnoj za \u010duvanje sitnica.<\/p>\n","protected":false},"featured_media":36141,"template":"","meta":{"_seopress_robots_primary_cat":"","_seopress_titles_title":"","_seopress_titles_desc":"","_seopress_robots_index":"","iawp_total_views":0},"product_brand":[448],"product_cat":[261,277],"product_tag":[],"class_list":{"0":"post-36140","1":"product","2":"type-product","3":"status-publish","4":"has-post-thumbnail","6":"product_brand-old-spice","7":"product_cat-hrana-i-pice","8":"product_cat-slatkisi-i-grickalice-261","10":"first","11":"outofstock","12":"shipping-taxable","13":"purchasable","14":"product-type-simple"},"_links":{"self":[{"href":"https:\/\/singuli.wpress.me\/index.php\/wp-json\/wp\/v2\/product\/36140","targetHints":{"allow":["GET"]}}],"collection":[{"href":"https:\/\/singuli.wpress.me\/index.php\/wp-json\/wp\/v2\/product"}],"about":[{"href":"https:\/\/singuli.wpress.me\/index.php\/wp-json\/wp\/v2\/types\/product"}],"version-history":[{"count":0,"href":"https:\/\/singuli.wpress.me\/index.php\/wp-json\/wp\/v2\/product\/36140\/revisions"}],"wp:featuredmedia":[{"embeddable":true,"href":"https:\/\/singuli.wpress.me\/index.php\/wp-json\/wp\/v2\/media\/36141"}],"wp:attachment":[{"href":"https:\/\/singuli.wpress.me\/index.php\/wp-json\/wp\/v2\/media?parent=36140"}],"wp:term":[{"taxonomy":"product_brand","embeddable":true,"href":"https:\/\/singuli.wpress.me\/index.php\/wp-json\/wp\/v2\/product_brand?post=36140"},{"taxonomy":"product_cat","embeddable":true,"href":"https:\/\/singuli.wpress.me\/index.php\/wp-json\/wp\/v2\/product_cat?post=36140"},{"taxonomy":"product_tag","embeddable":true,"href":"https:\/\/singuli.wpress.me\/index.php\/wp-json\/wp\/v2\/product_tag?post=36140"}],"curies":[{"name":"wp","href":"https:\/\/api.w.org\/{rel}","templated":true}]}}