{"id":36157,"date":"2026-04-18T01:53:50","date_gmt":"2026-04-18T01:53:50","guid":{"rendered":"https:\/\/singuli.wpress.me\/index.php\/proizvod\/gillette-proglide-set-poklon-paket\/"},"modified":"2026-04-20T12:33:17","modified_gmt":"2026-04-20T12:33:17","slug":"gillette-proglide-set-poklon-paket","status":"publish","type":"product","link":"https:\/\/singuli.wpress.me\/index.php\/proizvod\/gillette-proglide-set-poklon-paket\/","title":{"rendered":"GILLETTE ProGlide set, poklon paket"},"content":{"rendered":"<p>U\u017eivajte u nevjerojatno temeljitom i ugodnom brijanju koje pru\u017ea Gillette ProGlide. Iskoristite prednosti tehnologije dr\u0161ke FlexBall koja se besprijekorno prilago\u0111ava svakoj jedinstvenoj konturi lica kako biste dohvatili doslovno svaku dla\u010dicu, dok lubrikacija prije i nakon prelaska o\u0161trica glatko usmjerava brija\u010d. Precizni trimer i za\u0161titna mikrokrilca osiguravaju uredno i precizno brijanje uz nje\u017eno usmjeravanje dla\u010dica prema o\u0161trici. Uz to, u\u017eivajte u dugotrajnoj vrijednosti uz svaku zamjensku britvicu ProGlide koja pru\u017ea do 30 brijanja* (*na temelju brijanja triput tjedno).<\/p>\n","protected":false},"excerpt":{"rendered":"<p>Set uklju\u010duje 1 Gillette ProGlide brija\u010d, 4 zamjenske britvice, 200 ml gela za brijanje i prakti\u010dnu putnu torbicu<br \/>\nPrecizno brijanje: Brija\u010d s tehnologijom FlexBall prilago\u0111ava se svakoj konturi lica, a precizni trimer osigurava uredno brijanje na te\u0161ko dostupnim mjestima<br \/>\nLubrikacija EverGlide osigurava iznimno glatko klizanje, dok svaka zamjenska britvica omogu\u0107uje do 30 brijanja<\/p>\n","protected":false},"featured_media":36158,"template":"","meta":{"_seopress_robots_primary_cat":"","_seopress_titles_title":"","_seopress_titles_desc":"","_seopress_robots_index":"","iawp_total_views":0},"product_brand":[323],"product_cat":[261,277],"product_tag":[],"class_list":{"0":"post-36157","1":"product","2":"type-product","3":"status-publish","4":"has-post-thumbnail","6":"product_brand-gillette","7":"product_cat-hrana-i-pice","8":"product_cat-slatkisi-i-grickalice-261","10":"first","11":"instock","12":"shipping-taxable","13":"purchasable","14":"product-type-simple"},"_links":{"self":[{"href":"https:\/\/singuli.wpress.me\/index.php\/wp-json\/wp\/v2\/product\/36157","targetHints":{"allow":["GET"]}}],"collection":[{"href":"https:\/\/singuli.wpress.me\/index.php\/wp-json\/wp\/v2\/product"}],"about":[{"href":"https:\/\/singuli.wpress.me\/index.php\/wp-json\/wp\/v2\/types\/product"}],"version-history":[{"count":0,"href":"https:\/\/singuli.wpress.me\/index.php\/wp-json\/wp\/v2\/product\/36157\/revisions"}],"wp:featuredmedia":[{"embeddable":true,"href":"https:\/\/singuli.wpress.me\/index.php\/wp-json\/wp\/v2\/media\/36158"}],"wp:attachment":[{"href":"https:\/\/singuli.wpress.me\/index.php\/wp-json\/wp\/v2\/media?parent=36157"}],"wp:term":[{"taxonomy":"product_brand","embeddable":true,"href":"https:\/\/singuli.wpress.me\/index.php\/wp-json\/wp\/v2\/product_brand?post=36157"},{"taxonomy":"product_cat","embeddable":true,"href":"https:\/\/singuli.wpress.me\/index.php\/wp-json\/wp\/v2\/product_cat?post=36157"},{"taxonomy":"product_tag","embeddable":true,"href":"https:\/\/singuli.wpress.me\/index.php\/wp-json\/wp\/v2\/product_tag?post=36157"}],"curies":[{"name":"wp","href":"https:\/\/api.w.org\/{rel}","templated":true}]}}