{"id":36159,"date":"2026-04-18T01:53:50","date_gmt":"2026-04-18T01:53:50","guid":{"rendered":"https:\/\/singuli.wpress.me\/index.php\/proizvod\/gillette-comfortglide-breeze-brijac-s-zamjenskim-britvicama\/"},"modified":"2026-04-20T12:33:17","modified_gmt":"2026-04-20T12:33:17","slug":"gillette-comfortglide-breeze-brijac-s-zamjenskim-britvicama","status":"publish","type":"product","link":"https:\/\/singuli.wpress.me\/index.php\/proizvod\/gillette-comfortglide-breeze-brijac-s-zamjenskim-britvicama\/","title":{"rendered":"GILLETTE Comfortglide Breeze, brija\u010d s zamjenskim britvicama"},"content":{"rendered":"<p>O\u0161trice Venusovih brija\u010da i britvica za \u017eene dizajnirane su upravo za \u017eensko tijelo. \u017denski brija\u010di Venus Comfortglide Breeze imaju 3 o\u0161trice za glatko i temeljito brijanje. Zamjenske britvice za brija\u010d imaju ugra\u0111ene trakice s gelom koje otpu\u0161taju maslac za tijelo svje\u017eeg mirisa kako bi o\u0161trice ugodnije klizile po ko\u017ei. S pokretljivom glavom koja se prilago\u0111ava konturama va\u0161eg tijela. Sve britvice Gillette Venus mogu se koristiti sa svim dr\u0161kama Gillette Venus (osim Gillette Simply Venus i Gillette Venus Pubic Hair and Skin).<\/p>\n","protected":false},"excerpt":{"rendered":"<p>Ugra\u0111ene trakice s gelom: Brija\u010d s 3 o\u0161trice ima ugra\u0111ene trakice s gelom koje otpu\u0161taju bogatu pjenu s mirisom frezije za glatko klizanje i za\u0161titu od iritacija<br \/>\nPokretljiva glava prilago\u0111ava se konturama tijela, a ergonomska dr\u0161ka sa SoftGrip gelom izra\u0111ena je od 30% reciklirane plastike za udobnost<br \/>\nPakiranje uklju\u010duje 3 zamjenske britvice, za\u0161titni poklopac i vje\u0161alicu za tu\u0161, a sve Venus britvice kompatibilne su sa svim Venus dr\u0161kama<\/p>\n","protected":false},"featured_media":36160,"template":"","meta":{"_seopress_robots_primary_cat":"","_seopress_titles_title":"","_seopress_titles_desc":"","_seopress_robots_index":"","iawp_total_views":0},"product_brand":[323],"product_cat":[261,277],"product_tag":[],"class_list":{"0":"post-36159","1":"product","2":"type-product","3":"status-publish","4":"has-post-thumbnail","6":"product_brand-gillette","7":"product_cat-hrana-i-pice","8":"product_cat-slatkisi-i-grickalice-261","10":"first","11":"outofstock","12":"shipping-taxable","13":"purchasable","14":"product-type-simple"},"_links":{"self":[{"href":"https:\/\/singuli.wpress.me\/index.php\/wp-json\/wp\/v2\/product\/36159","targetHints":{"allow":["GET"]}}],"collection":[{"href":"https:\/\/singuli.wpress.me\/index.php\/wp-json\/wp\/v2\/product"}],"about":[{"href":"https:\/\/singuli.wpress.me\/index.php\/wp-json\/wp\/v2\/types\/product"}],"version-history":[{"count":0,"href":"https:\/\/singuli.wpress.me\/index.php\/wp-json\/wp\/v2\/product\/36159\/revisions"}],"wp:featuredmedia":[{"embeddable":true,"href":"https:\/\/singuli.wpress.me\/index.php\/wp-json\/wp\/v2\/media\/36160"}],"wp:attachment":[{"href":"https:\/\/singuli.wpress.me\/index.php\/wp-json\/wp\/v2\/media?parent=36159"}],"wp:term":[{"taxonomy":"product_brand","embeddable":true,"href":"https:\/\/singuli.wpress.me\/index.php\/wp-json\/wp\/v2\/product_brand?post=36159"},{"taxonomy":"product_cat","embeddable":true,"href":"https:\/\/singuli.wpress.me\/index.php\/wp-json\/wp\/v2\/product_cat?post=36159"},{"taxonomy":"product_tag","embeddable":true,"href":"https:\/\/singuli.wpress.me\/index.php\/wp-json\/wp\/v2\/product_tag?post=36159"}],"curies":[{"name":"wp","href":"https:\/\/api.w.org\/{rel}","templated":true}]}}