{"id":36165,"date":"2026-04-18T01:53:52","date_gmt":"2026-04-18T01:53:52","guid":{"rendered":"https:\/\/singuli.wpress.me\/index.php\/proizvod\/fisher-price-ll-psic-sveznalica-edukativna-igra\/"},"modified":"2026-04-20T12:33:17","modified_gmt":"2026-04-20T12:33:17","slug":"fisher-price-ll-psic-sveznalica-edukativna-igra","status":"publish","type":"product","link":"https:\/\/singuli.wpress.me\/index.php\/proizvod\/fisher-price-ll-psic-sveznalica-edukativna-igra\/","title":{"rendered":"FISHER PRICE L&amp;L psi\u0107 Sveznalica, edukativna igra"},"content":{"rendered":"<p>\n    Redizajnirani bebin prvi pli\u0161anac za u\u010denje \u2013 Psi\u0107 (ili Seka)<\/p>\n<p>\n    Bebin prvi pli\u0161anac za u\u010denje i zabavu dobio je novi izgled! Ovaj mekani, umiljati prijatelj savr\u0161en je za u\u010denje i zabavu mali\u0161ana.<\/p>\n<p>\n    Pli\u0161anac sadr\u017ei preko 80 pou\u010dnih pjesmica, zvukova i rije\u010di!<\/p>\n<p>\n    Interakcija se ostvaruje pritiskom na 5 tipki koje aktiviraju sadr\u017eaj za u\u010denje prvih rije\u010di, slova, boja i vi\u0161e. Posebna zna\u010dajka je svjetle\u0107e srce koje svijetli u razli\u010ditim bojama, poma\u017ee u u\u010denju boja i dr\u017ei djetetovu pa\u017enju.<\/p>\n<p>\n    Uz 3 Razine znanja, mo\u017eete prilagoditi sadr\u017eaj to\u010dnoj razvojnoj fazi va\u0161eg djeteta.<\/p>\n<p>Redizajnirane zna\u010dajke:<\/p>\n<p>    Pobolj\u0161an dizajn: Psi\u0107 (ili Seka) sada sjedi kako bi potaknuo interakciju.<br \/>\n    Udobnost: Interaktivan sadr\u017eaj je smje\u0161ten na jedno mjesto, \u0161to osigurava da unutarnje o\u017ei\u010denje ne smeta bebi prilikom grljenja i ma\u017eenja.<br \/>\n    Osjetilni razvoj: Pli\u0161anac ima sada jo\u0161 vi\u0161e osjetilnih elemenata, uklju\u010duju\u0107i saten, silikon i druge mekane materijale.<\/p>\n","protected":false},"excerpt":{"rendered":"<p>Edukativni sadr\u017eaj: Vi\u0161e od 80 pjesmica, zvukova i rije\u010di uz 3 Razine znanja<br \/>\nSvjetlosna i taktilna stimulacija: Svjetle\u0107e srce i dodani osjetilni elementi (saten, silikon).<br \/>\nRedizajn za udobnost: Interaktivni sadr\u017eaj smje\u0161ten na jedno mjesto za udobnije grljenje i ma\u017eenje.<\/p>\n","protected":false},"featured_media":36166,"template":"","meta":{"_seopress_robots_primary_cat":"","_seopress_titles_title":"","_seopress_titles_desc":"","_seopress_robots_index":"","iawp_total_views":0},"product_brand":[458],"product_cat":[221,291],"product_tag":[],"class_list":{"0":"post-36165","1":"product","2":"type-product","3":"status-publish","4":"has-post-thumbnail","6":"product_brand-fisher-price","7":"product_cat-igracke","8":"product_cat-igracke-za-djecu-221","10":"first","11":"instock","12":"shipping-taxable","13":"purchasable","14":"product-type-simple"},"_links":{"self":[{"href":"https:\/\/singuli.wpress.me\/index.php\/wp-json\/wp\/v2\/product\/36165","targetHints":{"allow":["GET"]}}],"collection":[{"href":"https:\/\/singuli.wpress.me\/index.php\/wp-json\/wp\/v2\/product"}],"about":[{"href":"https:\/\/singuli.wpress.me\/index.php\/wp-json\/wp\/v2\/types\/product"}],"version-history":[{"count":0,"href":"https:\/\/singuli.wpress.me\/index.php\/wp-json\/wp\/v2\/product\/36165\/revisions"}],"wp:featuredmedia":[{"embeddable":true,"href":"https:\/\/singuli.wpress.me\/index.php\/wp-json\/wp\/v2\/media\/36166"}],"wp:attachment":[{"href":"https:\/\/singuli.wpress.me\/index.php\/wp-json\/wp\/v2\/media?parent=36165"}],"wp:term":[{"taxonomy":"product_brand","embeddable":true,"href":"https:\/\/singuli.wpress.me\/index.php\/wp-json\/wp\/v2\/product_brand?post=36165"},{"taxonomy":"product_cat","embeddable":true,"href":"https:\/\/singuli.wpress.me\/index.php\/wp-json\/wp\/v2\/product_cat?post=36165"},{"taxonomy":"product_tag","embeddable":true,"href":"https:\/\/singuli.wpress.me\/index.php\/wp-json\/wp\/v2\/product_tag?post=36165"}],"curies":[{"name":"wp","href":"https:\/\/api.w.org\/{rel}","templated":true}]}}