{"id":36177,"date":"2026-04-18T01:53:59","date_gmt":"2026-04-18T01:53:59","guid":{"rendered":"https:\/\/singuli.wpress.me\/index.php\/proizvod\/dana-moscow-mule-4-5-koktel-0-33-l\/"},"modified":"2026-04-20T12:33:17","modified_gmt":"2026-04-20T12:33:17","slug":"dana-moscow-mule-4-5-koktel-0-33-l","status":"publish","type":"product","link":"https:\/\/singuli.wpress.me\/index.php\/proizvod\/dana-moscow-mule-4-5-koktel-0-33-l\/","title":{"rendered":"DANA Moscow Mule 4.5%, koktel, 0.33, \u00a0l"},"content":{"rendered":"<p>Dana Moscow Mule je osvje\u017eavaju\u0107a klasika u prakti\u010dnom pakiranju, inspirirana zlatnim dobom koktela 1940-ih godina. Ovo savr\u0161eno uravnote\u017eeno, gazirano pi\u0107e spremno je za trenutno u\u017eivanje. U svakom gutljaju, do\u017eivjet \u0107ete spoj pikantne svje\u017eine \u0111umbira, citrusne note limete i nje\u017ene snage vrhunske votke.<\/p>\n","protected":false},"excerpt":{"rendered":"<p>Idealno za trenutno u\u017eivanje bez dodatne pripreme<br \/>\nUravnote\u017eena mje\u0161avina \u0111umbira, limete i votke, inspirirana klasi\u010dnim Moscow Muleom<br \/>\nJednostavno za no\u0161enje i konzumaciju bilo gdje<\/p>\n","protected":false},"featured_media":36178,"template":"","meta":{"_seopress_robots_primary_cat":"","_seopress_titles_title":"","_seopress_titles_desc":"","_seopress_robots_index":"","iawp_total_views":0},"product_brand":[485],"product_cat":[298,261],"product_tag":[],"class_list":{"0":"post-36177","1":"product","2":"type-product","3":"status-publish","4":"has-post-thumbnail","6":"product_brand-dana","7":"product_cat-alkoholna-pica-261","8":"product_cat-hrana-i-pice","10":"first","11":"instock","12":"shipping-taxable","13":"purchasable","14":"product-type-simple"},"_links":{"self":[{"href":"https:\/\/singuli.wpress.me\/index.php\/wp-json\/wp\/v2\/product\/36177","targetHints":{"allow":["GET"]}}],"collection":[{"href":"https:\/\/singuli.wpress.me\/index.php\/wp-json\/wp\/v2\/product"}],"about":[{"href":"https:\/\/singuli.wpress.me\/index.php\/wp-json\/wp\/v2\/types\/product"}],"version-history":[{"count":0,"href":"https:\/\/singuli.wpress.me\/index.php\/wp-json\/wp\/v2\/product\/36177\/revisions"}],"wp:featuredmedia":[{"embeddable":true,"href":"https:\/\/singuli.wpress.me\/index.php\/wp-json\/wp\/v2\/media\/36178"}],"wp:attachment":[{"href":"https:\/\/singuli.wpress.me\/index.php\/wp-json\/wp\/v2\/media?parent=36177"}],"wp:term":[{"taxonomy":"product_brand","embeddable":true,"href":"https:\/\/singuli.wpress.me\/index.php\/wp-json\/wp\/v2\/product_brand?post=36177"},{"taxonomy":"product_cat","embeddable":true,"href":"https:\/\/singuli.wpress.me\/index.php\/wp-json\/wp\/v2\/product_cat?post=36177"},{"taxonomy":"product_tag","embeddable":true,"href":"https:\/\/singuli.wpress.me\/index.php\/wp-json\/wp\/v2\/product_tag?post=36177"}],"curies":[{"name":"wp","href":"https:\/\/api.w.org\/{rel}","templated":true}]}}