{"id":36199,"date":"2026-04-18T01:54:08","date_gmt":"2026-04-18T01:54:08","guid":{"rendered":"https:\/\/singuli.wpress.me\/index.php\/proizvod\/spirax-s6-gtme-75w80-mjenjacko-ulje-209-l\/"},"modified":"2026-04-20T12:33:17","modified_gmt":"2026-04-20T12:33:17","slug":"spirax-s6-gtme-75w80-mjenjacko-ulje-209-l","status":"publish","type":"product","link":"https:\/\/singuli.wpress.me\/index.php\/proizvod\/spirax-s6-gtme-75w80-mjenjacko-ulje-209-l\/","title":{"rendered":"SPIRAX S6 GTME 75W80, mjenja\u010dko ulje, 209\u00a0l"},"content":{"rendered":"<p>Ovo je napredno, visokou\u010dinkovito ulje za mjenja\u010de, posebno formulirano za automatske ru\u010dne mjenja\u010de u komercijalnim vozilima. Razvijeno je kako bi zadovoljilo zahtjeve najnovijih pogonskih sklopova proizvo\u0111a\u010da MAN, Scania i Navistar. Njegova jedinstvena formula osigurava iznimnu za\u0161titu i performanse, omogu\u0107uju\u0107i najdulje preporu\u010dene intervale izmjene ulja. Idealno za profesionalne voza\u010de i vozne parkove koji tra\u017ee pouzdanost i produljen vijek trajanja mjenja\u010da.<\/p>\n","protected":false},"excerpt":{"rendered":"<p>Iznimna za\u0161tita od tro\u0161enja i habanja, produ\u017euju\u0107i vijek trajanja mjenja\u010da<br \/>\nSpecijalno razvijeno da podr\u017ei najdulje preporu\u010dene intervale izmjene ulja<br \/>\nFormulirano za najnoviju generaciju pogonskih sklopova proizvo\u0111a\u010da MAN, Scania i Navistar<\/p>\n","protected":false},"featured_media":36200,"template":"","meta":{"_seopress_robots_primary_cat":"","_seopress_titles_title":"","_seopress_titles_desc":"","_seopress_robots_index":"","iawp_total_views":0},"product_brand":[371],"product_cat":[243,276],"product_tag":[],"class_list":{"0":"post-36199","1":"product","2":"type-product","3":"status-publish","4":"has-post-thumbnail","6":"product_brand-spirax","7":"product_cat-automobili-i-motori","8":"product_cat-industrijska-i-specijalna-ulja-243","10":"first","11":"instock","12":"shipping-taxable","13":"purchasable","14":"product-type-simple"},"_links":{"self":[{"href":"https:\/\/singuli.wpress.me\/index.php\/wp-json\/wp\/v2\/product\/36199","targetHints":{"allow":["GET"]}}],"collection":[{"href":"https:\/\/singuli.wpress.me\/index.php\/wp-json\/wp\/v2\/product"}],"about":[{"href":"https:\/\/singuli.wpress.me\/index.php\/wp-json\/wp\/v2\/types\/product"}],"version-history":[{"count":0,"href":"https:\/\/singuli.wpress.me\/index.php\/wp-json\/wp\/v2\/product\/36199\/revisions"}],"wp:featuredmedia":[{"embeddable":true,"href":"https:\/\/singuli.wpress.me\/index.php\/wp-json\/wp\/v2\/media\/36200"}],"wp:attachment":[{"href":"https:\/\/singuli.wpress.me\/index.php\/wp-json\/wp\/v2\/media?parent=36199"}],"wp:term":[{"taxonomy":"product_brand","embeddable":true,"href":"https:\/\/singuli.wpress.me\/index.php\/wp-json\/wp\/v2\/product_brand?post=36199"},{"taxonomy":"product_cat","embeddable":true,"href":"https:\/\/singuli.wpress.me\/index.php\/wp-json\/wp\/v2\/product_cat?post=36199"},{"taxonomy":"product_tag","embeddable":true,"href":"https:\/\/singuli.wpress.me\/index.php\/wp-json\/wp\/v2\/product_tag?post=36199"}],"curies":[{"name":"wp","href":"https:\/\/api.w.org\/{rel}","templated":true}]}}