{"id":36208,"date":"2026-04-18T01:54:10","date_gmt":"2026-04-18T01:54:10","guid":{"rendered":"https:\/\/singuli.wpress.me\/index.php\/proizvod\/spirax-s2-a-85w140-osovinsko-ulje-20-l\/"},"modified":"2026-04-20T12:33:17","modified_gmt":"2026-04-20T12:33:17","slug":"spirax-s2-a-85w140-osovinsko-ulje-20-l","status":"publish","type":"product","link":"https:\/\/singuli.wpress.me\/index.php\/proizvod\/spirax-s2-a-85w140-osovinsko-ulje-20-l\/","title":{"rendered":"SPIRAX S2 A 85W140, osovinsko ulje, 20\u00a0l"},"content":{"rendered":"<p>Ovo <strong>vrlo kvalitetno GL-5 osovinsko ulje<\/strong> dizajnirano je kako bi pru\u017eilo maksimalnu za\u0161titu i performanse za osovine i prijenose koji rade u te\u0161kim uvjetima.<\/p>\n<p>Zahvaljuju\u0107i visokoj kvaliteti baznog ulja i posebno odabranim aditivima, ovo ulje osigurava:<\/p>\n<ul>\n<li><strong>Izvrsnu za\u0161titu<\/strong> od tro\u0161enja, korozije i oksidacije, \u010dime se produljuje vijek trajanja opreme.<\/li>\n<li><strong>Postojan uljni film<\/strong> izme\u0111u zubaca zup\u010danika, \u010dak i pri velikim brzinama i udarnim optere\u0107enjima.<\/li>\n<li><strong>Pouzdanost u svim uvjetima:<\/strong> Odr\u017eava te\u010dljivost pri niskim temperaturama, a stabilnost pri visokim.<\/li>\n<\/ul>\n<p><strong>Primjena:<\/strong> Preporu\u010duje se za automobilske diferencijale, mjenja\u010dke kutije motocikala (odvojene od motora), te srednje do te\u0161ko optere\u0107ene mjenja\u010de u stacionarnoj opremi.<\/p>\n","protected":false},"excerpt":{"rendered":"<p>Posebni aditivi \u0161tite od habanja i korozije \u010dak i pri udarnim optere\u0107enjima i velikim brzinama<br \/>\nOdr\u017eava izvrsnu te\u010dljivost na niskim temperaturama i otpornost na oksidaciju pri visokim<br \/>\nPogodno za diferencijale, automobilske prijenose i mjenja\u010dke kutije motocikala<\/p>\n","protected":false},"featured_media":36209,"template":"","meta":{"_seopress_robots_primary_cat":"","_seopress_titles_title":"","_seopress_titles_desc":"","_seopress_robots_index":"","iawp_total_views":0},"product_brand":[371],"product_cat":[243,276],"product_tag":[],"class_list":{"0":"post-36208","1":"product","2":"type-product","3":"status-publish","4":"has-post-thumbnail","6":"product_brand-spirax","7":"product_cat-automobili-i-motori","8":"product_cat-industrijska-i-specijalna-ulja-243","10":"first","11":"instock","12":"shipping-taxable","13":"purchasable","14":"product-type-simple"},"_links":{"self":[{"href":"https:\/\/singuli.wpress.me\/index.php\/wp-json\/wp\/v2\/product\/36208","targetHints":{"allow":["GET"]}}],"collection":[{"href":"https:\/\/singuli.wpress.me\/index.php\/wp-json\/wp\/v2\/product"}],"about":[{"href":"https:\/\/singuli.wpress.me\/index.php\/wp-json\/wp\/v2\/types\/product"}],"version-history":[{"count":0,"href":"https:\/\/singuli.wpress.me\/index.php\/wp-json\/wp\/v2\/product\/36208\/revisions"}],"wp:featuredmedia":[{"embeddable":true,"href":"https:\/\/singuli.wpress.me\/index.php\/wp-json\/wp\/v2\/media\/36209"}],"wp:attachment":[{"href":"https:\/\/singuli.wpress.me\/index.php\/wp-json\/wp\/v2\/media?parent=36208"}],"wp:term":[{"taxonomy":"product_brand","embeddable":true,"href":"https:\/\/singuli.wpress.me\/index.php\/wp-json\/wp\/v2\/product_brand?post=36208"},{"taxonomy":"product_cat","embeddable":true,"href":"https:\/\/singuli.wpress.me\/index.php\/wp-json\/wp\/v2\/product_cat?post=36208"},{"taxonomy":"product_tag","embeddable":true,"href":"https:\/\/singuli.wpress.me\/index.php\/wp-json\/wp\/v2\/product_tag?post=36208"}],"curies":[{"name":"wp","href":"https:\/\/api.w.org\/{rel}","templated":true}]}}