{"id":36218,"date":"2026-04-18T01:54:12","date_gmt":"2026-04-18T01:54:12","guid":{"rendered":"https:\/\/singuli.wpress.me\/index.php\/proizvod\/corena-s4-r-32-ulje-za-zracne-kompresore-20-l\/"},"modified":"2026-04-20T12:33:17","modified_gmt":"2026-04-20T12:33:17","slug":"corena-s4-r-32-ulje-za-zracne-kompresore-20-l","status":"publish","type":"product","link":"https:\/\/singuli.wpress.me\/index.php\/proizvod\/corena-s4-r-32-ulje-za-zracne-kompresore-20-l\/","title":{"rendered":"CORENA S4 R 32, ulje za zra\u010dne kompresore, 20\u00a0l"},"content":{"rendered":"<p>Shell Corena S4 R: Napredno sinteti\u010dko ulje za kompresore<\/p>\n<p>Shell Corena S4 R napredno je sinteti\u010dko ulje stvoreno za naju\u010dinkovitije podmazivanje rotacijskih kliznih i vij\u010danih zra\u010dnih kompresora. Koristi jedinstveni, napredni sustav aditiva koji osigurava izvanrednu za\u0161titu i performanse. Ovo ulje je dizajnirano za duge intervale odr\u017eavanja, pru\u017eaju\u0107i za\u0161titu do 10.000 radnih sati, a pod odre\u0111enim uvjetima \u010dak i do 12.000 radnih sati. Osim za kompresore, prikladno je i za le\u017eajeve i cirkulacijske sustave.<\/p>\n","protected":false},"excerpt":{"rendered":"<p>Jedinstveni sustav aditiva osigurava izvrsnu za\u0161titu i performanse<br \/>\nOmogu\u0107uje intervale izmjene ulja do 12.000 radnih sati<br \/>\nPrikladno za rotacijske kompresore, le\u017eajeve i cirkulacijske sustave<\/p>\n","protected":false},"featured_media":36219,"template":"","meta":{"_seopress_robots_primary_cat":"","_seopress_titles_title":"","_seopress_titles_desc":"","_seopress_robots_index":"","iawp_total_views":0},"product_brand":[461],"product_cat":[243,276],"product_tag":[],"class_list":{"0":"post-36218","1":"product","2":"type-product","3":"status-publish","4":"has-post-thumbnail","6":"product_brand-corena","7":"product_cat-automobili-i-motori","8":"product_cat-industrijska-i-specijalna-ulja-243","10":"first","11":"instock","12":"shipping-taxable","13":"purchasable","14":"product-type-simple"},"_links":{"self":[{"href":"https:\/\/singuli.wpress.me\/index.php\/wp-json\/wp\/v2\/product\/36218","targetHints":{"allow":["GET"]}}],"collection":[{"href":"https:\/\/singuli.wpress.me\/index.php\/wp-json\/wp\/v2\/product"}],"about":[{"href":"https:\/\/singuli.wpress.me\/index.php\/wp-json\/wp\/v2\/types\/product"}],"version-history":[{"count":0,"href":"https:\/\/singuli.wpress.me\/index.php\/wp-json\/wp\/v2\/product\/36218\/revisions"}],"wp:featuredmedia":[{"embeddable":true,"href":"https:\/\/singuli.wpress.me\/index.php\/wp-json\/wp\/v2\/media\/36219"}],"wp:attachment":[{"href":"https:\/\/singuli.wpress.me\/index.php\/wp-json\/wp\/v2\/media?parent=36218"}],"wp:term":[{"taxonomy":"product_brand","embeddable":true,"href":"https:\/\/singuli.wpress.me\/index.php\/wp-json\/wp\/v2\/product_brand?post=36218"},{"taxonomy":"product_cat","embeddable":true,"href":"https:\/\/singuli.wpress.me\/index.php\/wp-json\/wp\/v2\/product_cat?post=36218"},{"taxonomy":"product_tag","embeddable":true,"href":"https:\/\/singuli.wpress.me\/index.php\/wp-json\/wp\/v2\/product_tag?post=36218"}],"curies":[{"name":"wp","href":"https:\/\/api.w.org\/{rel}","templated":true}]}}