{"id":36220,"date":"2026-04-18T01:54:12","date_gmt":"2026-04-18T01:54:12","guid":{"rendered":"https:\/\/singuli.wpress.me\/index.php\/proizvod\/glade-sandalovina-i-jasmin-mirisni-stapici-50-ml\/"},"modified":"2026-04-20T12:33:17","modified_gmt":"2026-04-20T12:33:17","slug":"glade-sandalovina-i-jasmin-mirisni-stapici-50-ml","status":"publish","type":"product","link":"https:\/\/singuli.wpress.me\/index.php\/proizvod\/glade-sandalovina-i-jasmin-mirisni-stapici-50-ml\/","title":{"rendered":"GLADE Sandalovina i jasmin, mirisni \u0161tapi\u0107i, 50\u00a0ml"},"content":{"rendered":"<p>Glade\u00ae Reed Diffuser &#8211; Sensual Sandalwood &amp; Jasmine osvje\u017eiva\u010d prostora pru\u017ea luksuzan miris sandalovine i jasmina, stvaraju\u0107i senzualnu atmosferu u va\u0161em domu. S 5 mirisnih \u0161tapi\u0107a, ovaj difuzor osigurava do 5 tjedana svje\u017eine. Idealan je za dugotrajno osvje\u017eenje prostora, donose\u0107i osje\u0107aj mira i harmonije.<\/p>\n","protected":false},"excerpt":{"rendered":"<p>Miris sandalovine i jasmina<br \/>\nOsigurava do 5 tjedana svje\u017eine<br \/>\nStvara senzualnu atmosferu<\/p>\n","protected":false},"featured_media":36221,"template":"","meta":{"_seopress_robots_primary_cat":"","_seopress_titles_title":"","_seopress_titles_desc":"","_seopress_robots_index":"","iawp_total_views":0},"product_brand":[405],"product_cat":[243,272,294,238],"product_tag":[],"class_list":{"0":"post-36220","1":"product","2":"type-product","3":"status-publish","4":"has-post-thumbnail","6":"product_brand-glade","7":"product_cat-automobili-i-motori","8":"product_cat-motorna-ulja-243","9":"product_cat-osvjezivaci-zraka-238","10":"product_cat-sve-za-dom","12":"first","13":"instock","14":"shipping-taxable","15":"purchasable","16":"product-type-simple"},"_links":{"self":[{"href":"https:\/\/singuli.wpress.me\/index.php\/wp-json\/wp\/v2\/product\/36220","targetHints":{"allow":["GET"]}}],"collection":[{"href":"https:\/\/singuli.wpress.me\/index.php\/wp-json\/wp\/v2\/product"}],"about":[{"href":"https:\/\/singuli.wpress.me\/index.php\/wp-json\/wp\/v2\/types\/product"}],"version-history":[{"count":0,"href":"https:\/\/singuli.wpress.me\/index.php\/wp-json\/wp\/v2\/product\/36220\/revisions"}],"wp:featuredmedia":[{"embeddable":true,"href":"https:\/\/singuli.wpress.me\/index.php\/wp-json\/wp\/v2\/media\/36221"}],"wp:attachment":[{"href":"https:\/\/singuli.wpress.me\/index.php\/wp-json\/wp\/v2\/media?parent=36220"}],"wp:term":[{"taxonomy":"product_brand","embeddable":true,"href":"https:\/\/singuli.wpress.me\/index.php\/wp-json\/wp\/v2\/product_brand?post=36220"},{"taxonomy":"product_cat","embeddable":true,"href":"https:\/\/singuli.wpress.me\/index.php\/wp-json\/wp\/v2\/product_cat?post=36220"},{"taxonomy":"product_tag","embeddable":true,"href":"https:\/\/singuli.wpress.me\/index.php\/wp-json\/wp\/v2\/product_tag?post=36220"}],"curies":[{"name":"wp","href":"https:\/\/api.w.org\/{rel}","templated":true}]}}