{"id":36230,"date":"2026-04-18T01:54:14","date_gmt":"2026-04-18T01:54:14","guid":{"rendered":"https:\/\/singuli.wpress.me\/index.php\/proizvod\/glade-warm-apple-pie-osvjezivac-zraka-u-spreju-300-ml\/"},"modified":"2026-04-20T12:33:17","modified_gmt":"2026-04-20T12:33:17","slug":"glade-warm-apple-pie-osvjezivac-zraka-u-spreju-300-ml","status":"publish","type":"product","link":"https:\/\/singuli.wpress.me\/index.php\/proizvod\/glade-warm-apple-pie-osvjezivac-zraka-u-spreju-300-ml\/","title":{"rendered":"GLADE Warm Apple Pie, osvje\u017eiva\u010d zraka u spreju, 300\u00a0ml"},"content":{"rendered":"<p>Glade\u00ae osvje\u017eiva\u010d zraka u spreju dizajniran je za uklanjanje neugodnih mirisa.<br \/>\nIspunite svoje \u017eivotni prostor neodoljivim mirisom tople pite od jabuka. Va\u0161 dom postat \u0107e uto\u010di\u0161te opu\u0161tanja i topline.<\/p>\n","protected":false},"excerpt":{"rendered":"<p>Neodoljiv miris tople pite od jabuka<br \/>\nMiris ispunjava cijelu prostoriju<br \/>\nNeutralizira neugodne mirise<\/p>\n","protected":false},"featured_media":36231,"template":"","meta":{"_seopress_robots_primary_cat":"","_seopress_titles_title":"","_seopress_titles_desc":"","_seopress_robots_index":"","iawp_total_views":0},"product_brand":[405],"product_cat":[268,300],"product_tag":[],"class_list":{"0":"post-36230","1":"product","2":"type-product","3":"status-publish","4":"has-post-thumbnail","6":"product_brand-glade","7":"product_cat-kozmetika-2","8":"product_cat-njega-kose-268","10":"first","11":"outofstock","12":"shipping-taxable","13":"purchasable","14":"product-type-simple"},"_links":{"self":[{"href":"https:\/\/singuli.wpress.me\/index.php\/wp-json\/wp\/v2\/product\/36230","targetHints":{"allow":["GET"]}}],"collection":[{"href":"https:\/\/singuli.wpress.me\/index.php\/wp-json\/wp\/v2\/product"}],"about":[{"href":"https:\/\/singuli.wpress.me\/index.php\/wp-json\/wp\/v2\/types\/product"}],"version-history":[{"count":0,"href":"https:\/\/singuli.wpress.me\/index.php\/wp-json\/wp\/v2\/product\/36230\/revisions"}],"wp:featuredmedia":[{"embeddable":true,"href":"https:\/\/singuli.wpress.me\/index.php\/wp-json\/wp\/v2\/media\/36231"}],"wp:attachment":[{"href":"https:\/\/singuli.wpress.me\/index.php\/wp-json\/wp\/v2\/media?parent=36230"}],"wp:term":[{"taxonomy":"product_brand","embeddable":true,"href":"https:\/\/singuli.wpress.me\/index.php\/wp-json\/wp\/v2\/product_brand?post=36230"},{"taxonomy":"product_cat","embeddable":true,"href":"https:\/\/singuli.wpress.me\/index.php\/wp-json\/wp\/v2\/product_cat?post=36230"},{"taxonomy":"product_tag","embeddable":true,"href":"https:\/\/singuli.wpress.me\/index.php\/wp-json\/wp\/v2\/product_tag?post=36230"}],"curies":[{"name":"wp","href":"https:\/\/api.w.org\/{rel}","templated":true}]}}