{"id":36232,"date":"2026-04-18T01:54:15","date_gmt":"2026-04-18T01:54:15","guid":{"rendered":"https:\/\/singuli.wpress.me\/index.php\/proizvod\/piratix-tvrdava-zlatno-blago-figura\/"},"modified":"2026-04-20T12:33:17","modified_gmt":"2026-04-20T12:33:17","slug":"piratix-tvrdava-zlatno-blago-figura","status":"publish","type":"product","link":"https:\/\/singuli.wpress.me\/index.php\/proizvod\/piratix-tvrdava-zlatno-blago-figura\/","title":{"rendered":"PIRATIX Tvr\u0111ava zlatno blago, figura"},"content":{"rendered":"<p>Pridru\u017ei se Piratixima u otkrivanju **tajnih skrovi\u0161ta** na opasnom Otoku Morskog Psa! Svaka utvrda krije **blaga, tajne i opasnosti**, a na tebi je da ih sve osvoji\u0161! U kolekciji te \u010deka **6 razli\u010ditih utvrda** u raznim bojama \u2013 mo\u017ee\u0161 li ih sve prona\u0107i?<\/p>\n<p>Upotrijebi **ekskluzivni zlatni nov\u010di\u0107** kako bi rije\u0161io zagonetku i otklju\u010dao vrata tvr\u0111ave \u2013 samo tako mo\u017ee\u0161 u\u0107i! Ali budi spreman na obranu! Ako se suparni\u010dki lupe\u017e usudi pribli\u017eiti tvojoj bazi, iskoristi **ugra\u0111eni katapult** i lansiraj ga u zrak!<\/p>\n<p>Zauzimaj tu\u0111e baze, zamijeni njihove zastave svojom i poka\u017ei tko je **pravi gospodar mora**. Mo\u017eda ba\u0161 ti bude\u0161 sretnik koji \u0107e prona\u0107i **najrje\u0111u Zlatnu utvrdu**! Ne zaboravi: &#8220;Piratski \u017eivot \u2013 to je \u017eivot za mene!&#8221;<\/p>\n<p><strong>Pakiranje sadr\u017ei:<\/strong> 1 utvrdu, 1 Piratix figuricu, 1 dodatak (oru\u017eje\/alat), 1 ekskluzivnu zastavu i 1 zlatni nov\u010di\u0107 za otklju\u010davanje.<\/p>\n","protected":false},"excerpt":{"rendered":"<p>Koristi ekskluzivni zlatni nov\u010di\u0107 za rje\u0161avanje zagonetke i otvaranje utvrde<br \/>\nSvaka utvrda opremljena je katapultom za &#8220;lansiranje&#8221; neprijatelja<br \/>\nPostoji 6 razli\u010ditih utvrda za prikupljanje, uklju\u010duju\u0107i rijetku Zlatnu utvrdu<\/p>\n","protected":false},"featured_media":36233,"template":"","meta":{"_seopress_robots_primary_cat":"","_seopress_titles_title":"","_seopress_titles_desc":"","_seopress_robots_index":"","iawp_total_views":0},"product_brand":[780],"product_cat":[221,263],"product_tag":[],"class_list":{"0":"post-36232","1":"product","2":"type-product","3":"status-publish","4":"has-post-thumbnail","6":"product_brand-piratix","7":"product_cat-igracke","8":"product_cat-tematske-igracke-221","10":"first","11":"instock","12":"shipping-taxable","13":"purchasable","14":"product-type-simple"},"_links":{"self":[{"href":"https:\/\/singuli.wpress.me\/index.php\/wp-json\/wp\/v2\/product\/36232","targetHints":{"allow":["GET"]}}],"collection":[{"href":"https:\/\/singuli.wpress.me\/index.php\/wp-json\/wp\/v2\/product"}],"about":[{"href":"https:\/\/singuli.wpress.me\/index.php\/wp-json\/wp\/v2\/types\/product"}],"version-history":[{"count":0,"href":"https:\/\/singuli.wpress.me\/index.php\/wp-json\/wp\/v2\/product\/36232\/revisions"}],"wp:featuredmedia":[{"embeddable":true,"href":"https:\/\/singuli.wpress.me\/index.php\/wp-json\/wp\/v2\/media\/36233"}],"wp:attachment":[{"href":"https:\/\/singuli.wpress.me\/index.php\/wp-json\/wp\/v2\/media?parent=36232"}],"wp:term":[{"taxonomy":"product_brand","embeddable":true,"href":"https:\/\/singuli.wpress.me\/index.php\/wp-json\/wp\/v2\/product_brand?post=36232"},{"taxonomy":"product_cat","embeddable":true,"href":"https:\/\/singuli.wpress.me\/index.php\/wp-json\/wp\/v2\/product_cat?post=36232"},{"taxonomy":"product_tag","embeddable":true,"href":"https:\/\/singuli.wpress.me\/index.php\/wp-json\/wp\/v2\/product_tag?post=36232"}],"curies":[{"name":"wp","href":"https:\/\/api.w.org\/{rel}","templated":true}]}}