{"id":36249,"date":"2026-04-18T01:54:26","date_gmt":"2026-04-18T01:54:26","guid":{"rendered":"https:\/\/singuli.wpress.me\/index.php\/proizvod\/piratix-zlatno-blago-figure-4-kom\/"},"modified":"2026-04-20T12:33:17","modified_gmt":"2026-04-20T12:33:17","slug":"piratix-zlatno-blago-figure-4-kom","status":"publish","type":"product","link":"https:\/\/singuli.wpress.me\/index.php\/proizvod\/piratix-zlatno-blago-figure-4-kom\/","title":{"rendered":"PIRATIX Zlatno blago, figure, 4 kom"},"content":{"rendered":"<p>\n    <strong>Piratix \u2013 Super Paket: 4 figurice za pro\u0161irenje kolekcije<\/strong>\n<\/p>\n<p>\n    Zapo\u010dni ili pro\u0161iri svoju <strong>Piratix kolekciju<\/strong> uz ovaj super paket! U njemu te \u010dekaju <strong>4 figurice<\/strong> s pripadaju\u0107im <strong>dodacima<\/strong> (oru\u017eja ili alati), spremne za pustolovine na moru!\n<\/p>\n<h3>Kolekcionarska groznica:<\/h3>\n<ul>\n<li>Postoji <strong>6 razli\u010ditih modela<\/strong> figurica u <strong>2 boje<\/strong> \u2013 koji \u0107e\u0161 ti prona\u0107i u svom pakiranju?<\/li>\n<li>A mo\u017eda ba\u0161 u ovom pakiranju otkrije\u0161 <strong>ultra rijetkog Zlatnobradog<\/strong>, legendarnog kapetana kojeg tra\u017ee svi gusari!<\/li>\n<\/ul>\n<p>\n    Ukrcaj se i kreni po blago s novom posadom!<\/p>\n","protected":false},"excerpt":{"rendered":"<p>Pro\u0161irenje Piratix kolekcije (figurice iznena\u0111enja)<br \/>\n4 Piratix figurice i 4 dodatka<br \/>\n6 razli\u010ditih modela u 2 boje (ukupno 12 varijacija)<\/p>\n","protected":false},"featured_media":36250,"template":"","meta":{"_seopress_robots_primary_cat":"","_seopress_titles_title":"","_seopress_titles_desc":"","_seopress_robots_index":"","iawp_total_views":0},"product_brand":[780],"product_cat":[221,263],"product_tag":[],"class_list":{"0":"post-36249","1":"product","2":"type-product","3":"status-publish","4":"has-post-thumbnail","6":"product_brand-piratix","7":"product_cat-igracke","8":"product_cat-tematske-igracke-221","10":"first","11":"instock","12":"shipping-taxable","13":"purchasable","14":"product-type-simple"},"_links":{"self":[{"href":"https:\/\/singuli.wpress.me\/index.php\/wp-json\/wp\/v2\/product\/36249","targetHints":{"allow":["GET"]}}],"collection":[{"href":"https:\/\/singuli.wpress.me\/index.php\/wp-json\/wp\/v2\/product"}],"about":[{"href":"https:\/\/singuli.wpress.me\/index.php\/wp-json\/wp\/v2\/types\/product"}],"version-history":[{"count":0,"href":"https:\/\/singuli.wpress.me\/index.php\/wp-json\/wp\/v2\/product\/36249\/revisions"}],"wp:featuredmedia":[{"embeddable":true,"href":"https:\/\/singuli.wpress.me\/index.php\/wp-json\/wp\/v2\/media\/36250"}],"wp:attachment":[{"href":"https:\/\/singuli.wpress.me\/index.php\/wp-json\/wp\/v2\/media?parent=36249"}],"wp:term":[{"taxonomy":"product_brand","embeddable":true,"href":"https:\/\/singuli.wpress.me\/index.php\/wp-json\/wp\/v2\/product_brand?post=36249"},{"taxonomy":"product_cat","embeddable":true,"href":"https:\/\/singuli.wpress.me\/index.php\/wp-json\/wp\/v2\/product_cat?post=36249"},{"taxonomy":"product_tag","embeddable":true,"href":"https:\/\/singuli.wpress.me\/index.php\/wp-json\/wp\/v2\/product_tag?post=36249"}],"curies":[{"name":"wp","href":"https:\/\/api.w.org\/{rel}","templated":true}]}}