{"id":36254,"date":"2026-04-18T01:54:29","date_gmt":"2026-04-18T01:54:29","guid":{"rendered":"https:\/\/singuli.wpress.me\/index.php\/proizvod\/piratix-nebeski-lovac-set-za-igru\/"},"modified":"2026-04-20T12:33:17","modified_gmt":"2026-04-20T12:33:17","slug":"piratix-nebeski-lovac-set-za-igru","status":"publish","type":"product","link":"https:\/\/singuli.wpress.me\/index.php\/proizvod\/piratix-nebeski-lovac-set-za-igru\/","title":{"rendered":"PIRATIX Nebeski lovac, set za igru"},"content":{"rendered":"<p>\n    <strong>Piratix \u2013 Nebeski lovac: Legendarni lete\u0107i gusarski brod<\/strong>\n<\/p>\n<p>\n    Upoznajte <strong>Nebeskog lovca<\/strong> \u2013 legendarni lete\u0107i gusarski brod koji je dobio <strong>mo\u0107i papige!<\/strong>\n<\/p>\n<p>\n    Kapetan Wings prona\u0161ao je Blago Papige na Orlovom Vrhu, a zahvaljuju\u0107i njemu, brod je stekao nevjerojatnu snagu: upotrijebi posebni <strong>nov\u010di\u0107<\/strong> i <strong>aktiviraj mo\u0107na krila<\/strong> \u2013 ona divlje zamahuju i tjeraju brod da juri brzinom od \u010dak <strong>200 \u010dvorova!<\/strong>\n<\/p>\n<h3>Akcija i mo\u0107:<\/h3>\n<p>\n    Uz spektakularno letenje, brod je opremljen i mo\u0107nim oru\u017ejem. Mo\u017ee\u0161 <strong>ispaliti top s ekskluzivnom kuglom<\/strong> i potopiti svaki brod koji ti se usudi na\u0107i na putu.\n<\/p>\n<p>\n    Ukrcaj se s ekskluzivnom Piratix figuricom i poleti prema gusarskoj avanturi iznad Otoka Morskog Psa!<\/p>\n","protected":false},"excerpt":{"rendered":"<p>Lete\u0107i gusarski brod za akcijsku igru<br \/>\nAktivacija mo\u0107nih krila posebnim nov\u010di\u0107em (simulacija brzine od 200 \u010dvorova)<br \/>\nBrod, ekskluzivna figurica, nov\u010di\u0107, top i topovska kugla<\/p>\n","protected":false},"featured_media":36255,"template":"","meta":{"_seopress_robots_primary_cat":"","_seopress_titles_title":"","_seopress_titles_desc":"","_seopress_robots_index":"","iawp_total_views":0},"product_brand":[780],"product_cat":[221,263],"product_tag":[],"class_list":{"0":"post-36254","1":"product","2":"type-product","3":"status-publish","4":"has-post-thumbnail","6":"product_brand-piratix","7":"product_cat-igracke","8":"product_cat-tematske-igracke-221","10":"first","11":"instock","12":"shipping-taxable","13":"purchasable","14":"product-type-simple"},"_links":{"self":[{"href":"https:\/\/singuli.wpress.me\/index.php\/wp-json\/wp\/v2\/product\/36254","targetHints":{"allow":["GET"]}}],"collection":[{"href":"https:\/\/singuli.wpress.me\/index.php\/wp-json\/wp\/v2\/product"}],"about":[{"href":"https:\/\/singuli.wpress.me\/index.php\/wp-json\/wp\/v2\/types\/product"}],"version-history":[{"count":0,"href":"https:\/\/singuli.wpress.me\/index.php\/wp-json\/wp\/v2\/product\/36254\/revisions"}],"wp:featuredmedia":[{"embeddable":true,"href":"https:\/\/singuli.wpress.me\/index.php\/wp-json\/wp\/v2\/media\/36255"}],"wp:attachment":[{"href":"https:\/\/singuli.wpress.me\/index.php\/wp-json\/wp\/v2\/media?parent=36254"}],"wp:term":[{"taxonomy":"product_brand","embeddable":true,"href":"https:\/\/singuli.wpress.me\/index.php\/wp-json\/wp\/v2\/product_brand?post=36254"},{"taxonomy":"product_cat","embeddable":true,"href":"https:\/\/singuli.wpress.me\/index.php\/wp-json\/wp\/v2\/product_cat?post=36254"},{"taxonomy":"product_tag","embeddable":true,"href":"https:\/\/singuli.wpress.me\/index.php\/wp-json\/wp\/v2\/product_tag?post=36254"}],"curies":[{"name":"wp","href":"https:\/\/api.w.org\/{rel}","templated":true}]}}