{"id":36259,"date":"2026-04-18T01:54:32","date_gmt":"2026-04-18T01:54:32","guid":{"rendered":"https:\/\/singuli.wpress.me\/index.php\/proizvod\/piratix-razbijac-mora-set-za-igru\/"},"modified":"2026-04-20T12:33:17","modified_gmt":"2026-04-20T12:33:17","slug":"piratix-razbijac-mora-set-za-igru","status":"publish","type":"product","link":"https:\/\/singuli.wpress.me\/index.php\/proizvod\/piratix-razbijac-mora-set-za-igru\/","title":{"rendered":"PIRATIX Razbija\u010d mora, set za igru"},"content":{"rendered":"<p>\n    <strong>Piratix \u2013 Razbija\u010d mora: Legendarni gusarski brod s mo\u0107ima raka<\/strong>\n<\/p>\n<p>\n    Upoznajte <strong>Razbija\u010da mora<\/strong> \u2013 legendarni gusarski brod koji je stekao <strong>nadnaravnu snagu raka!<\/strong>\n<\/p>\n<p>\n    Kapetan Jastog prona\u0161ao je Blago Raka na najopasnijem grebenu Otoka Morskog Psa. Zahvaljuju\u0107i toj mo\u0107i, mo\u017ee\u0161 upotrijebiti posebni <strong>nov\u010di\u0107<\/strong> i <strong>aktivirati mo\u0107na klije\u0161ta broda<\/strong> \u2013 ona mogu <strong>zdrobiti trup svakog neprijateljskog broda<\/strong> koji im se na\u0111e na putu!\n<\/p>\n<h3>Akcija i uni\u0161tenje:<\/h3>\n<p>\n    Ali to nije sve \u2013 za bitke na daljinu, ispali kuglu iz <strong>topa<\/strong> i potopi neprijateljsku posadu prije nego \u0161to uspije pobje\u0107i.\n<\/p>\n<p>\n    Ukrcaj se s ekskluzivnom Piratix figuricom i zaplovi prema gusarskoj slavi i pobjedi!<\/p>\n","protected":false},"excerpt":{"rendered":"<p>Gusarski brod za akcijsku igru s mehani\u010dkom funkcijom<br \/>\nAktivacija mo\u0107nih klije\u0161ta posebnim nov\u010di\u0107em (simulacija drobljenja trupa)<br \/>\nTop s ekskluzivnom topovskom kuglom za ispaljivanje<\/p>\n","protected":false},"featured_media":36260,"template":"","meta":{"_seopress_robots_primary_cat":"","_seopress_titles_title":"","_seopress_titles_desc":"","_seopress_robots_index":"","iawp_total_views":0},"product_brand":[780],"product_cat":[221,263],"product_tag":[],"class_list":{"0":"post-36259","1":"product","2":"type-product","3":"status-publish","4":"has-post-thumbnail","6":"product_brand-piratix","7":"product_cat-igracke","8":"product_cat-tematske-igracke-221","10":"first","11":"instock","12":"shipping-taxable","13":"purchasable","14":"product-type-simple"},"_links":{"self":[{"href":"https:\/\/singuli.wpress.me\/index.php\/wp-json\/wp\/v2\/product\/36259","targetHints":{"allow":["GET"]}}],"collection":[{"href":"https:\/\/singuli.wpress.me\/index.php\/wp-json\/wp\/v2\/product"}],"about":[{"href":"https:\/\/singuli.wpress.me\/index.php\/wp-json\/wp\/v2\/types\/product"}],"version-history":[{"count":0,"href":"https:\/\/singuli.wpress.me\/index.php\/wp-json\/wp\/v2\/product\/36259\/revisions"}],"wp:featuredmedia":[{"embeddable":true,"href":"https:\/\/singuli.wpress.me\/index.php\/wp-json\/wp\/v2\/media\/36260"}],"wp:attachment":[{"href":"https:\/\/singuli.wpress.me\/index.php\/wp-json\/wp\/v2\/media?parent=36259"}],"wp:term":[{"taxonomy":"product_brand","embeddable":true,"href":"https:\/\/singuli.wpress.me\/index.php\/wp-json\/wp\/v2\/product_brand?post=36259"},{"taxonomy":"product_cat","embeddable":true,"href":"https:\/\/singuli.wpress.me\/index.php\/wp-json\/wp\/v2\/product_cat?post=36259"},{"taxonomy":"product_tag","embeddable":true,"href":"https:\/\/singuli.wpress.me\/index.php\/wp-json\/wp\/v2\/product_tag?post=36259"}],"curies":[{"name":"wp","href":"https:\/\/api.w.org\/{rel}","templated":true}]}}