{"id":36265,"date":"2026-04-18T01:54:35","date_gmt":"2026-04-18T01:54:35","guid":{"rendered":"https:\/\/singuli.wpress.me\/index.php\/proizvod\/piratix-kraljevski-morski-pas-set-za-igru\/"},"modified":"2026-04-20T12:33:17","modified_gmt":"2026-04-20T12:33:17","slug":"piratix-kraljevski-morski-pas-set-za-igru","status":"publish","type":"product","link":"https:\/\/singuli.wpress.me\/index.php\/proizvod\/piratix-kraljevski-morski-pas-set-za-igru\/","title":{"rendered":"PIRATIX Kraljevski morski pas, set za igru"},"content":{"rendered":"<p>\n    <strong>Piratix \u2013 Kraljevski Morski Pas s kapetanom Hermittom<\/strong>\n<\/p>\n<p>\n    <strong>Kraljevski Morski Pas<\/strong> vlada oceanom \u2013 a sada je pod tvojom kontrolom!\n<\/p>\n<p>\n    Zajedno s <strong>kapetanom Hermittom<\/strong>, uhvati svakog tko ti se usudi suprotstaviti \u2013 jednim <strong>mo\u0107nim ugrizom!<\/strong>\n<\/p>\n<p>\n    Kraljevski Morski Pas stekao je posebne mo\u0107i kada je slu\u010dajno progutao blago kralja morskog psa. Iskoristi te mo\u0107i i zaplovi dubokim i opasnim vodama <strong>Otoka Morskog Psa<\/strong>.\n<\/p>\n<h3>Zagonetka blje\u0161tavog nov\u010di\u0107a:<\/h3>\n<p>\n    Samo uz posebni <strong>blje\u0161tavi nov\u010di\u0107<\/strong> mo\u0107i \u0107e\u0161 osloboditi izgubljene du\u0161e koje su zavr\u0161ile u njegovim \u010deljustima. Naravno&#8230; samo ako to \u017eeli\u0161!\n<\/p>\n<p>\n    Neka te duh Piratixa vodi, kapetane!<\/p>\n","protected":false},"excerpt":{"rendered":"<p>Akcijski set za igru s temom gusara i morskih stvorenja<br \/>\nKraljevski Morski Pas (s mo\u0107nim ugrizom) i Kapetan Hermitt (ekskluzivna figurica)<br \/>\nFigurica morskog psa, ekskluzivna Piratix figurica, blje\u0161tavi nov\u010di\u0107 i dodatak<\/p>\n","protected":false},"featured_media":36266,"template":"","meta":{"_seopress_robots_primary_cat":"","_seopress_titles_title":"","_seopress_titles_desc":"","_seopress_robots_index":"","iawp_total_views":0},"product_brand":[780],"product_cat":[221,263],"product_tag":[],"class_list":{"0":"post-36265","1":"product","2":"type-product","3":"status-publish","4":"has-post-thumbnail","6":"product_brand-piratix","7":"product_cat-igracke","8":"product_cat-tematske-igracke-221","10":"first","11":"instock","12":"shipping-taxable","13":"purchasable","14":"product-type-simple"},"_links":{"self":[{"href":"https:\/\/singuli.wpress.me\/index.php\/wp-json\/wp\/v2\/product\/36265","targetHints":{"allow":["GET"]}}],"collection":[{"href":"https:\/\/singuli.wpress.me\/index.php\/wp-json\/wp\/v2\/product"}],"about":[{"href":"https:\/\/singuli.wpress.me\/index.php\/wp-json\/wp\/v2\/types\/product"}],"version-history":[{"count":0,"href":"https:\/\/singuli.wpress.me\/index.php\/wp-json\/wp\/v2\/product\/36265\/revisions"}],"wp:featuredmedia":[{"embeddable":true,"href":"https:\/\/singuli.wpress.me\/index.php\/wp-json\/wp\/v2\/media\/36266"}],"wp:attachment":[{"href":"https:\/\/singuli.wpress.me\/index.php\/wp-json\/wp\/v2\/media?parent=36265"}],"wp:term":[{"taxonomy":"product_brand","embeddable":true,"href":"https:\/\/singuli.wpress.me\/index.php\/wp-json\/wp\/v2\/product_brand?post=36265"},{"taxonomy":"product_cat","embeddable":true,"href":"https:\/\/singuli.wpress.me\/index.php\/wp-json\/wp\/v2\/product_cat?post=36265"},{"taxonomy":"product_tag","embeddable":true,"href":"https:\/\/singuli.wpress.me\/index.php\/wp-json\/wp\/v2\/product_tag?post=36265"}],"curies":[{"name":"wp","href":"https:\/\/api.w.org\/{rel}","templated":true}]}}