{"id":36271,"date":"2026-04-18T01:54:39","date_gmt":"2026-04-18T01:54:39","guid":{"rendered":"https:\/\/singuli.wpress.me\/index.php\/proizvod\/piratix-cudoviste-u-skrinji-set-za-igru\/"},"modified":"2026-04-20T12:33:17","modified_gmt":"2026-04-20T12:33:17","slug":"piratix-cudoviste-u-skrinji-set-za-igru","status":"publish","type":"product","link":"https:\/\/singuli.wpress.me\/index.php\/proizvod\/piratix-cudoviste-u-skrinji-set-za-igru\/","title":{"rendered":"PIRATIX \u010cudovi\u0161te u \u0161krinji, set za igru"},"content":{"rendered":"<p>\n    <strong>Piratix \u2013 Ukleti kov\u010deg s blagom \u010dudovi\u0161ta<\/strong>\n<\/p>\n<p>\n    More je prepuno opasnosti, a s dna oceana vreba jedna od najve\u0107ih \u2013 <strong>ukleti kov\u010deg s vlastitom voljom!<\/strong> Ali Piratix se ne boji ni\u010dega!\n<\/p>\n<p>\n    Pridru\u017ei se avanturi i <strong>otkrij posebno \u010cudovi\u0161te u \u0161krinji<\/strong> te ga upotrijebi kako bi rije\u0161io zagonetku kov\u010dega.\n<\/p>\n<h3>Opasnost i blago:<\/h3>\n<ul>\n<li><strong>Pazi dobro:<\/strong> Ako pogrije\u0161i\u0161 u rje\u0161avanju zagonetke, pojavit \u0107e se <strong>morsko \u010dudovi\u0161te<\/strong> i poku\u0161ati te povu\u0107i sa sobom u mra\u010dne dubine!<\/li>\n<li><strong>Nagrada:<\/strong> Ako uspije\u0161, oslobodit \u0107e\u0161 <strong>ukletu gusarsku posadu<\/strong> zato\u010denu godinama. Ho\u0107e li ti zahvaliti zlatom i rubinima, ili \u0107e poku\u0161ati ukrasti tvoje blago?<\/li>\n<\/ul>\n<p>\n    <strong>Izbor je na tebi, gusaru!<\/strong><\/p>\n","protected":false},"excerpt":{"rendered":"<p>Set za ma\u0161tovitu igru na temu gusara i \u010dudovi\u0161ta<br \/>\nKov\u010deg s Blagom \u010cudovi\u0161ta (interaktivna zagonetka)<br \/>\n3 ekskluzivne Piratix figurice, kov\u010deg, nov\u010di\u0107 i 3 dodatka<\/p>\n","protected":false},"featured_media":36272,"template":"","meta":{"_seopress_robots_primary_cat":"","_seopress_titles_title":"","_seopress_titles_desc":"","_seopress_robots_index":"","iawp_total_views":0},"product_brand":[780],"product_cat":[221,263],"product_tag":[],"class_list":{"0":"post-36271","1":"product","2":"type-product","3":"status-publish","4":"has-post-thumbnail","6":"product_brand-piratix","7":"product_cat-igracke","8":"product_cat-tematske-igracke-221","10":"first","11":"instock","12":"shipping-taxable","13":"purchasable","14":"product-type-simple"},"_links":{"self":[{"href":"https:\/\/singuli.wpress.me\/index.php\/wp-json\/wp\/v2\/product\/36271","targetHints":{"allow":["GET"]}}],"collection":[{"href":"https:\/\/singuli.wpress.me\/index.php\/wp-json\/wp\/v2\/product"}],"about":[{"href":"https:\/\/singuli.wpress.me\/index.php\/wp-json\/wp\/v2\/types\/product"}],"version-history":[{"count":0,"href":"https:\/\/singuli.wpress.me\/index.php\/wp-json\/wp\/v2\/product\/36271\/revisions"}],"wp:featuredmedia":[{"embeddable":true,"href":"https:\/\/singuli.wpress.me\/index.php\/wp-json\/wp\/v2\/media\/36272"}],"wp:attachment":[{"href":"https:\/\/singuli.wpress.me\/index.php\/wp-json\/wp\/v2\/media?parent=36271"}],"wp:term":[{"taxonomy":"product_brand","embeddable":true,"href":"https:\/\/singuli.wpress.me\/index.php\/wp-json\/wp\/v2\/product_brand?post=36271"},{"taxonomy":"product_cat","embeddable":true,"href":"https:\/\/singuli.wpress.me\/index.php\/wp-json\/wp\/v2\/product_cat?post=36271"},{"taxonomy":"product_tag","embeddable":true,"href":"https:\/\/singuli.wpress.me\/index.php\/wp-json\/wp\/v2\/product_tag?post=36271"}],"curies":[{"name":"wp","href":"https:\/\/api.w.org\/{rel}","templated":true}]}}