{"id":36291,"date":"2026-04-18T01:54:46","date_gmt":"2026-04-18T01:54:46","guid":{"rendered":"https:\/\/singuli.wpress.me\/index.php\/proizvod\/glade-warm-apple-pie-punjenje-za-osvjezivac-zraka-269-ml\/"},"modified":"2026-04-20T12:33:17","modified_gmt":"2026-04-20T12:33:17","slug":"glade-warm-apple-pie-punjenje-za-osvjezivac-zraka-269-ml","status":"publish","type":"product","link":"https:\/\/singuli.wpress.me\/index.php\/proizvod\/glade-warm-apple-pie-punjenje-za-osvjezivac-zraka-269-ml\/","title":{"rendered":"GLADE Warm Apple Pie, punjenje za osvje\u017eiva\u010d zraka, 269\u00a0ml"},"content":{"rendered":"<p>\n    Glade\u00ae Automatic Spray punjenje \u2013 Warm Apple Pie\u2122 (Limitirana zimska kolekcija)<\/p>\n<p>\n    Unesite mirisnu toplinu doma u svaki kutak svog doma uz Glade\u00ae punjenje Warm Apple Pie\u2122 iz limitirane zimske kolekcije. Ovo punjenje za automatski osvje\u017eiva\u010d zraka donosi prepoznatljiv miris doma\u0107e pite od jabuka.<\/p>\n<p>\n    Mirisne note tople pite od jabuka sastoje se od slatkih nota jabuke i zimskih za\u010dina, a miris je oboga\u0107en esencijalnim uljima koja stvaraju ugodan osje\u0107aj opu\u0161tanja tijekom hladnih dana i stvaraju blagdansku atmosferu.<\/p>\n<p>\n    Punjenje je namijenjeno za upotrebu s Glade\u00ae automatskim osvje\u017eiva\u010dem zraka, uklanja neugodne mirise i osigurava neprekidnu svje\u017einu do 60 dana (ako se koristi s najduljom postavkom ispu\u0161tanja mirisa).<\/p>\n<p>Klju\u010dne prednosti:<\/p>\n<p>    Warm Apple Pie\u2122 \u2013 miris tople pite od jabuka i zimskih za\u010dina.<br \/>\n    Oboga\u0107en esencijalnim uljima za ugodan miris.<br \/>\n    Do 60 dana svje\u017eine i u\u010dinkovito uklanjanje neugodnih mirisa.<br \/>\n    Limitirana zimska kolekcija.<\/p>\n","protected":false},"excerpt":{"rendered":"<p>Miris Warm Apple Pie (topla pita od jabuka) oboga\u0107en esencijalnim uljima<br \/>\nPru\u017ea do 60 dana neprekidne svje\u017eine<br \/>\nU\u010dinkovito uklanja neugodne mirise i stvara blagdansku atmosferu<\/p>\n","protected":false},"featured_media":36292,"template":"","meta":{"_seopress_robots_primary_cat":"","_seopress_titles_title":"","_seopress_titles_desc":"","_seopress_robots_index":"","iawp_total_views":0},"product_brand":[405],"product_cat":[294,238],"product_tag":[],"class_list":{"0":"post-36291","1":"product","2":"type-product","3":"status-publish","4":"has-post-thumbnail","6":"product_brand-glade","7":"product_cat-osvjezivaci-zraka-238","8":"product_cat-sve-za-dom","10":"first","11":"outofstock","12":"shipping-taxable","13":"purchasable","14":"product-type-simple"},"_links":{"self":[{"href":"https:\/\/singuli.wpress.me\/index.php\/wp-json\/wp\/v2\/product\/36291","targetHints":{"allow":["GET"]}}],"collection":[{"href":"https:\/\/singuli.wpress.me\/index.php\/wp-json\/wp\/v2\/product"}],"about":[{"href":"https:\/\/singuli.wpress.me\/index.php\/wp-json\/wp\/v2\/types\/product"}],"version-history":[{"count":0,"href":"https:\/\/singuli.wpress.me\/index.php\/wp-json\/wp\/v2\/product\/36291\/revisions"}],"wp:featuredmedia":[{"embeddable":true,"href":"https:\/\/singuli.wpress.me\/index.php\/wp-json\/wp\/v2\/media\/36292"}],"wp:attachment":[{"href":"https:\/\/singuli.wpress.me\/index.php\/wp-json\/wp\/v2\/media?parent=36291"}],"wp:term":[{"taxonomy":"product_brand","embeddable":true,"href":"https:\/\/singuli.wpress.me\/index.php\/wp-json\/wp\/v2\/product_brand?post=36291"},{"taxonomy":"product_cat","embeddable":true,"href":"https:\/\/singuli.wpress.me\/index.php\/wp-json\/wp\/v2\/product_cat?post=36291"},{"taxonomy":"product_tag","embeddable":true,"href":"https:\/\/singuli.wpress.me\/index.php\/wp-json\/wp\/v2\/product_tag?post=36291"}],"curies":[{"name":"wp","href":"https:\/\/api.w.org\/{rel}","templated":true}]}}