{"id":36297,"date":"2026-04-18T01:54:47","date_gmt":"2026-04-18T01:54:47","guid":{"rendered":"https:\/\/singuli.wpress.me\/index.php\/proizvod\/barbie-dreamtopia-sirena-lutka\/"},"modified":"2026-04-21T00:26:46","modified_gmt":"2026-04-21T00:26:46","slug":"barbie-dreamtopia-sirena-lutka","status":"publish","type":"product","link":"https:\/\/singuli.wpress.me\/index.php\/proizvod\/barbie-dreamtopia-sirena-lutka\/","title":{"rendered":"BARBIE Dreamtopia sirena, lutka"},"content":{"rendered":"<p>\n    Barbie lutka Rascvjetana sirena s magi\u010dnim cvjetanjem<\/p>\n<p>\n    Procvjetajte u zabavu s Barbie lutkom rascvjetana sirena! Ova \u010darobna lutka donosi prekrasan cvjetni prikaz pod suncem ili morem.<\/p>\n<p>\n    Jednostavno pomaknite polugu na njezinim le\u0111ima kako biste vidjeli kako cvije\u0107e magi\u010dno &#8216;cvjeta&#8217; od njezina steznika do peraja, i to iznova i iznova!<\/p>\n<p>\n    Lutka ima o\u010daravaju\u0107i izgled: ombre peraje, prelijevaju\u0107e cvije\u0107e na stezniku i prekrasnu dugu plavu kosu s ru\u017ei\u010dastim pramenovima, ukra\u0161enu bisernom trakom za glavu. Djeca se s njom mogu igrati i na kopnu i u vodi.<\/p>\n","protected":false},"excerpt":{"rendered":"<p>Magi\u010dna funkcija: Cvije\u0107e magi\u010dno &#8216;cvjeta&#8217; pomicanjem poluge<br \/>\nZabava u vodi: Prikladna za igru na kopnu i u vodi<br \/>\nDetaljan izgled: Ombre peraje i plava kosa s ru\u017ei\u010dastim pramenovima<\/p>\n","protected":false},"featured_media":36298,"template":"","meta":{"_seopress_robots_primary_cat":"","_seopress_titles_title":"","_seopress_titles_desc":"","_seopress_robots_index":"","iawp_total_views":0},"product_brand":[324],"product_cat":[221,291],"product_tag":[],"class_list":{"0":"post-36297","1":"product","2":"type-product","3":"status-publish","4":"has-post-thumbnail","6":"product_brand-barbie","7":"product_cat-igracke","8":"product_cat-igracke-za-djecu-221","10":"first","11":"instock","12":"shipping-taxable","13":"purchasable","14":"product-type-simple"},"_links":{"self":[{"href":"https:\/\/singuli.wpress.me\/index.php\/wp-json\/wp\/v2\/product\/36297","targetHints":{"allow":["GET"]}}],"collection":[{"href":"https:\/\/singuli.wpress.me\/index.php\/wp-json\/wp\/v2\/product"}],"about":[{"href":"https:\/\/singuli.wpress.me\/index.php\/wp-json\/wp\/v2\/types\/product"}],"version-history":[{"count":0,"href":"https:\/\/singuli.wpress.me\/index.php\/wp-json\/wp\/v2\/product\/36297\/revisions"}],"wp:featuredmedia":[{"embeddable":true,"href":"https:\/\/singuli.wpress.me\/index.php\/wp-json\/wp\/v2\/media\/36298"}],"wp:attachment":[{"href":"https:\/\/singuli.wpress.me\/index.php\/wp-json\/wp\/v2\/media?parent=36297"}],"wp:term":[{"taxonomy":"product_brand","embeddable":true,"href":"https:\/\/singuli.wpress.me\/index.php\/wp-json\/wp\/v2\/product_brand?post=36297"},{"taxonomy":"product_cat","embeddable":true,"href":"https:\/\/singuli.wpress.me\/index.php\/wp-json\/wp\/v2\/product_cat?post=36297"},{"taxonomy":"product_tag","embeddable":true,"href":"https:\/\/singuli.wpress.me\/index.php\/wp-json\/wp\/v2\/product_tag?post=36297"}],"curies":[{"name":"wp","href":"https:\/\/api.w.org\/{rel}","templated":true}]}}