{"id":36303,"date":"2026-04-18T01:54:50","date_gmt":"2026-04-18T01:54:50","guid":{"rendered":"https:\/\/singuli.wpress.me\/index.php\/proizvod\/barbie-dreamtopia-rascvjetana-sirena-lutka\/"},"modified":"2026-04-21T00:26:46","modified_gmt":"2026-04-21T00:26:46","slug":"barbie-dreamtopia-rascvjetana-sirena-lutka","status":"publish","type":"product","link":"https:\/\/singuli.wpress.me\/index.php\/proizvod\/barbie-dreamtopia-rascvjetana-sirena-lutka\/","title":{"rendered":"BARBIE Dreamtopia Rascvjetana sirena, lutka"},"content":{"rendered":"<p>Procvjetajte u svijet ma\u0161te uz novu Barbie lutku rascvjetanu sirenu! Ova o\u010daravaju\u0107a lutka donosi magiju podmorskog vrta izravno u dje\u010dje ruke. Jednostavnim pomicanjem poluge na njezinim le\u0111ima, svjedo\u010dit \u0107ete \u010darobnom trenutku u kojem cvije\u0107e &quot;cvjeta&quot; du\u017e cijele figure \u2013 od steznika pa sve do njezinih peraja. Najbolje od svega je \u0161to se ova transformacija mo\u017ee ponavljati iznova i iznova! Barbie sirena spremna je za igru na suhom, ali i u vodi, stvaraju\u0107i prekrasan cvjetni prikaz bez obzira jeste li pod suncem ili u moru<\/p>\n","protected":false},"excerpt":{"rendered":"<p>Mehanizam na le\u0111ima omogu\u0107uje da cvije\u0107e &#8220;procvjeta&#8221; od steznika do peraja<br \/>\nLutka je dizajnirana za svestranu igru, uklju\u010duju\u0107i kupanje i morske pustolovine<br \/>\nCvjetni efekt mo\u017ee se aktivirati iznova i iznova za neprestani vizualni do\u017eivljaj<\/p>\n","protected":false},"featured_media":36304,"template":"","meta":{"_seopress_robots_primary_cat":"","_seopress_titles_title":"","_seopress_titles_desc":"","_seopress_robots_index":"","iawp_total_views":0},"product_brand":[324],"product_cat":[221,291],"product_tag":[],"class_list":{"0":"post-36303","1":"product","2":"type-product","3":"status-publish","4":"has-post-thumbnail","6":"product_brand-barbie","7":"product_cat-igracke","8":"product_cat-igracke-za-djecu-221","10":"first","11":"instock","12":"shipping-taxable","13":"purchasable","14":"product-type-simple"},"_links":{"self":[{"href":"https:\/\/singuli.wpress.me\/index.php\/wp-json\/wp\/v2\/product\/36303","targetHints":{"allow":["GET"]}}],"collection":[{"href":"https:\/\/singuli.wpress.me\/index.php\/wp-json\/wp\/v2\/product"}],"about":[{"href":"https:\/\/singuli.wpress.me\/index.php\/wp-json\/wp\/v2\/types\/product"}],"version-history":[{"count":0,"href":"https:\/\/singuli.wpress.me\/index.php\/wp-json\/wp\/v2\/product\/36303\/revisions"}],"wp:featuredmedia":[{"embeddable":true,"href":"https:\/\/singuli.wpress.me\/index.php\/wp-json\/wp\/v2\/media\/36304"}],"wp:attachment":[{"href":"https:\/\/singuli.wpress.me\/index.php\/wp-json\/wp\/v2\/media?parent=36303"}],"wp:term":[{"taxonomy":"product_brand","embeddable":true,"href":"https:\/\/singuli.wpress.me\/index.php\/wp-json\/wp\/v2\/product_brand?post=36303"},{"taxonomy":"product_cat","embeddable":true,"href":"https:\/\/singuli.wpress.me\/index.php\/wp-json\/wp\/v2\/product_cat?post=36303"},{"taxonomy":"product_tag","embeddable":true,"href":"https:\/\/singuli.wpress.me\/index.php\/wp-json\/wp\/v2\/product_tag?post=36303"}],"curies":[{"name":"wp","href":"https:\/\/api.w.org\/{rel}","templated":true}]}}