{"id":36308,"date":"2026-04-18T01:54:52","date_gmt":"2026-04-18T01:54:52","guid":{"rendered":"https:\/\/singuli.wpress.me\/index.php\/proizvod\/barbie-rodendanska-zabava-lutka-plava\/"},"modified":"2026-04-20T12:33:18","modified_gmt":"2026-04-20T12:33:18","slug":"barbie-rodendanska-zabava-lutka-plava","status":"publish","type":"product","link":"https:\/\/singuli.wpress.me\/index.php\/proizvod\/barbie-rodendanska-zabava-lutka-plava\/","title":{"rendered":"BARBIE ro\u0111endanska zabava, lutka, plava"},"content":{"rendered":"<p>\n    Barbie lutka Ro\u0111endanska zabava iznena\u0111enja (s 10 iznena\u0111enja)<\/p>\n<p>\n    S 10 iznena\u0111enja u jednom pakiranju, Barbie lutke ro\u0111endanska zabava iznena\u0111enja pru\u017eaju jedinstveno iskustvo raspakiranja!<\/p>\n<p>\n    Pakiranje je inspirirano poklon-kutijama i ima zabavnu temu ro\u0111endana za ku\u0107ne ljubimce.<\/p>\n<p>\n    Otkrijte Barbie lutku, a zatim nastavite &#8216;raspakirati&#8217; poklone kako biste prona\u0161li:<\/p>\n<p>\n    Modne dodatke za zabavu<br \/>\n    Preslatkog ljubimca s dodatkom za odijevanje<br \/>\n    Alate za ukra\u0161avanje torti<\/p>\n<p>\n    Savr\u0161en poklon za svaku ro\u0111endansku proslavu!<\/p>\n","protected":false},"excerpt":{"rendered":"<p>Pakiranje s 10 iznena\u0111enja za jedinstveno iskustvo raspakiranja<br \/>\nTematska uloga: Ro\u0111endanska zabava za ku\u0107ne ljubimce<br \/>\nUklju\u010deni dodaci: Ljubimac s odje\u0107om i alate za ukra\u0161avanje torti<\/p>\n","protected":false},"featured_media":36309,"template":"","meta":{"_seopress_robots_primary_cat":"","_seopress_titles_title":"","_seopress_titles_desc":"","_seopress_robots_index":"","iawp_total_views":0},"product_brand":[324],"product_cat":[221,291],"product_tag":[],"class_list":{"0":"post-36308","1":"product","2":"type-product","3":"status-publish","4":"has-post-thumbnail","6":"product_brand-barbie","7":"product_cat-igracke","8":"product_cat-igracke-za-djecu-221","10":"first","11":"instock","12":"shipping-taxable","13":"purchasable","14":"product-type-simple"},"_links":{"self":[{"href":"https:\/\/singuli.wpress.me\/index.php\/wp-json\/wp\/v2\/product\/36308","targetHints":{"allow":["GET"]}}],"collection":[{"href":"https:\/\/singuli.wpress.me\/index.php\/wp-json\/wp\/v2\/product"}],"about":[{"href":"https:\/\/singuli.wpress.me\/index.php\/wp-json\/wp\/v2\/types\/product"}],"version-history":[{"count":0,"href":"https:\/\/singuli.wpress.me\/index.php\/wp-json\/wp\/v2\/product\/36308\/revisions"}],"wp:featuredmedia":[{"embeddable":true,"href":"https:\/\/singuli.wpress.me\/index.php\/wp-json\/wp\/v2\/media\/36309"}],"wp:attachment":[{"href":"https:\/\/singuli.wpress.me\/index.php\/wp-json\/wp\/v2\/media?parent=36308"}],"wp:term":[{"taxonomy":"product_brand","embeddable":true,"href":"https:\/\/singuli.wpress.me\/index.php\/wp-json\/wp\/v2\/product_brand?post=36308"},{"taxonomy":"product_cat","embeddable":true,"href":"https:\/\/singuli.wpress.me\/index.php\/wp-json\/wp\/v2\/product_cat?post=36308"},{"taxonomy":"product_tag","embeddable":true,"href":"https:\/\/singuli.wpress.me\/index.php\/wp-json\/wp\/v2\/product_tag?post=36308"}],"curies":[{"name":"wp","href":"https:\/\/api.w.org\/{rel}","templated":true}]}}