{"id":36326,"date":"2026-04-18T01:55:00","date_gmt":"2026-04-18T01:55:00","guid":{"rendered":"https:\/\/singuli.wpress.me\/index.php\/proizvod\/disney-princeze-cupcake-set\/"},"modified":"2026-04-20T12:33:18","modified_gmt":"2026-04-20T12:33:18","slug":"disney-princeze-cupcake-set","status":"publish","type":"product","link":"https:\/\/singuli.wpress.me\/index.php\/proizvod\/disney-princeze-cupcake-set\/","title":{"rendered":"DISNEY princeze cupcake, set"},"content":{"rendered":"<p>Pretvorite obi\u010dan dan u \u010darobnu proslavu uz Disney mirisni cupcake koji krije nevjerojatno iznena\u0111enje! Kada se ovaj neodoljivi kola\u010di\u0107 raspakira, prava \u010dajanka mo\u017ee po\u010deti. Unutar mirisnog pakiranja krije se mala lutka Disneyjeve princeze uz dva dodatka za \u010dajanku. Inovativan dizajn omogu\u0107uje da se dijelovi kola\u010di\u0107a iskoriste za igru: vrh cupcakea postaje prekrasna suknjica za lutku, dok dno slu\u017ei kao savr\u0161en stol za zabavu.<\/p>\n","protected":false},"excerpt":{"rendered":"<p>Svaki cupcake \u0161iri ugodan miris i krije tajnu Disney princezu<br \/>\nPakiranje se pretvara u odje\u0107u za lutku (suknjicu) i namje\u0161taj za igru<br \/>\nUz lutku dolaze i dva dodatka potrebna za savr\u0161eno poslu\u017eivanje \u010daja<\/p>\n","protected":false},"featured_media":36327,"template":"","meta":{"_seopress_robots_primary_cat":"","_seopress_titles_title":"","_seopress_titles_desc":"","_seopress_robots_index":"","iawp_total_views":0},"product_brand":[522],"product_cat":[221,263],"product_tag":[],"class_list":{"0":"post-36326","1":"product","2":"type-product","3":"status-publish","4":"has-post-thumbnail","6":"product_brand-disney","7":"product_cat-igracke","8":"product_cat-tematske-igracke-221","10":"first","11":"instock","12":"shipping-taxable","13":"purchasable","14":"product-type-simple"},"_links":{"self":[{"href":"https:\/\/singuli.wpress.me\/index.php\/wp-json\/wp\/v2\/product\/36326","targetHints":{"allow":["GET"]}}],"collection":[{"href":"https:\/\/singuli.wpress.me\/index.php\/wp-json\/wp\/v2\/product"}],"about":[{"href":"https:\/\/singuli.wpress.me\/index.php\/wp-json\/wp\/v2\/types\/product"}],"version-history":[{"count":0,"href":"https:\/\/singuli.wpress.me\/index.php\/wp-json\/wp\/v2\/product\/36326\/revisions"}],"wp:featuredmedia":[{"embeddable":true,"href":"https:\/\/singuli.wpress.me\/index.php\/wp-json\/wp\/v2\/media\/36327"}],"wp:attachment":[{"href":"https:\/\/singuli.wpress.me\/index.php\/wp-json\/wp\/v2\/media?parent=36326"}],"wp:term":[{"taxonomy":"product_brand","embeddable":true,"href":"https:\/\/singuli.wpress.me\/index.php\/wp-json\/wp\/v2\/product_brand?post=36326"},{"taxonomy":"product_cat","embeddable":true,"href":"https:\/\/singuli.wpress.me\/index.php\/wp-json\/wp\/v2\/product_cat?post=36326"},{"taxonomy":"product_tag","embeddable":true,"href":"https:\/\/singuli.wpress.me\/index.php\/wp-json\/wp\/v2\/product_tag?post=36326"}],"curies":[{"name":"wp","href":"https:\/\/api.w.org\/{rel}","templated":true}]}}