{"id":36334,"date":"2026-04-18T01:55:03","date_gmt":"2026-04-18T01:55:03","guid":{"rendered":"https:\/\/singuli.wpress.me\/index.php\/proizvod\/barbie-plesacica-lutka\/"},"modified":"2026-04-20T12:33:18","modified_gmt":"2026-04-20T12:33:18","slug":"barbie-plesacica-lutka","status":"publish","type":"product","link":"https:\/\/singuli.wpress.me\/index.php\/proizvod\/barbie-plesacica-lutka\/","title":{"rendered":"BARBIE plesa\u010dica, lutka"},"content":{"rendered":"<p>\n    Modna Barbie lutka \u2013 Plesa\u010dica svjetska prvakinja<\/p>\n<p>\n    Ova modna Barbie lutka omogu\u0107uje djeci da zamisle svoju karijeru svjetske prvakinje u plesu!<\/p>\n<p>\n    Barbie plesa\u010dica je spremna za pobjedu. Nosi elegantnu, crvenu svjetlucavu haljinu na jedno rame, savr\u0161eno uparenu sa zlatnim nau\u0161nicama i \u0161tiklama.<\/p>\n<p>\n    Zamislite veliku pobjedu i proslavite je uz lutkin dodatak u obliku trofeja za prvenstvo!<\/p>\n","protected":false},"excerpt":{"rendered":"<p>Tematska uloga: Svjetska prvakinja u plesu<br \/>\nElegantna odje\u0107a: Crvena svjetlucava haljina, zlatne nau\u0161nice i \u0161tikle<br \/>\nDodatak za igru: Uklju\u010den trofej za prvenstvo<\/p>\n","protected":false},"featured_media":36335,"template":"","meta":{"_seopress_robots_primary_cat":"","_seopress_titles_title":"","_seopress_titles_desc":"","_seopress_robots_index":"","iawp_total_views":0},"product_brand":[324],"product_cat":[221,291],"product_tag":[],"class_list":{"0":"post-36334","1":"product","2":"type-product","3":"status-publish","4":"has-post-thumbnail","6":"product_brand-barbie","7":"product_cat-igracke","8":"product_cat-igracke-za-djecu-221","10":"first","11":"instock","12":"shipping-taxable","13":"purchasable","14":"product-type-simple"},"_links":{"self":[{"href":"https:\/\/singuli.wpress.me\/index.php\/wp-json\/wp\/v2\/product\/36334","targetHints":{"allow":["GET"]}}],"collection":[{"href":"https:\/\/singuli.wpress.me\/index.php\/wp-json\/wp\/v2\/product"}],"about":[{"href":"https:\/\/singuli.wpress.me\/index.php\/wp-json\/wp\/v2\/types\/product"}],"version-history":[{"count":0,"href":"https:\/\/singuli.wpress.me\/index.php\/wp-json\/wp\/v2\/product\/36334\/revisions"}],"wp:featuredmedia":[{"embeddable":true,"href":"https:\/\/singuli.wpress.me\/index.php\/wp-json\/wp\/v2\/media\/36335"}],"wp:attachment":[{"href":"https:\/\/singuli.wpress.me\/index.php\/wp-json\/wp\/v2\/media?parent=36334"}],"wp:term":[{"taxonomy":"product_brand","embeddable":true,"href":"https:\/\/singuli.wpress.me\/index.php\/wp-json\/wp\/v2\/product_brand?post=36334"},{"taxonomy":"product_cat","embeddable":true,"href":"https:\/\/singuli.wpress.me\/index.php\/wp-json\/wp\/v2\/product_cat?post=36334"},{"taxonomy":"product_tag","embeddable":true,"href":"https:\/\/singuli.wpress.me\/index.php\/wp-json\/wp\/v2\/product_tag?post=36334"}],"curies":[{"name":"wp","href":"https:\/\/api.w.org\/{rel}","templated":true}]}}