{"id":36338,"date":"2026-04-18T01:55:04","date_gmt":"2026-04-18T01:55:04","guid":{"rendered":"https:\/\/singuli.wpress.me\/index.php\/proizvod\/games-uno-party-karte-drustvena-igra\/"},"modified":"2026-04-20T12:33:18","modified_gmt":"2026-04-20T12:33:18","slug":"games-uno-party-karte-drustvena-igra","status":"publish","type":"product","link":"https:\/\/singuli.wpress.me\/index.php\/proizvod\/games-uno-party-karte-drustvena-igra\/","title":{"rendered":"GAMES UNO Party! Karte, dru\u0161tvena igra"},"content":{"rendered":"<p>\n    UNO Party \u2013 Karti\u010dna igra za velike grupe (6\u201314 igra\u010da)<\/p>\n<p>\n    Okupite sve za UNO Party igru s kartama! Spaja klasi\u010dnu UNO igru s dodatnim kartama i posebnim pravilima osmi\u0161ljenim posebno za velike grupe kako bi zabava trajala!<\/p>\n<p>\n    Igra\u010di i dalje uskla\u0111uju boje i brojeve ba\u0161 kao u klasi\u010dnoj igri, ali ima puno vi\u0161e karata (s do 14 igra\u010da u igri, stvari mogu postati bu\u010dne, lude i divlje!).<\/p>\n<p>\n    Pravila ove verzije nala\u017eu igra\u010dima da dodaju karte dok netko ne mo\u017ee igrati, pokazuju\u0107i na druge igra\u010de kako bi izvukli karte i povezuju\u0107i dva igra\u010da koji moraju izvla\u010diti karte u isto vrijeme. Postoji \u010dak i novo pravilo Speed Play.<\/p>\n<p>\n    Osmi\u0161ljena za 6 do 14 igra\u010da u dobi od 7 godina i vi\u0161e, UNO Party je zabavna igra za okupljanje obitelji i prijatelja na zabavama i ve\u010derima igara!<\/p>\n","protected":false},"excerpt":{"rendered":"<p>Pro\u0161irena igra: Klasi\u010dni UNO s dodatnim kartama i pravilima za velika okupljanja<br \/>\nBroj igra\u010da: Idealno za 6 do 14 igra\u010da.<br \/>\nNova pravila: Uklju\u010duje pravila poput dodavanja karata, pokazivanja, povezivanja igra\u010da i Speed Play<\/p>\n","protected":false},"featured_media":36339,"template":"","meta":{"_seopress_robots_primary_cat":"","_seopress_titles_title":"","_seopress_titles_desc":"","_seopress_robots_index":"","iawp_total_views":0},"product_brand":[390],"product_cat":[290,221],"product_tag":[],"class_list":{"0":"post-36338","1":"product","2":"type-product","3":"status-publish","4":"has-post-thumbnail","6":"product_brand-games","7":"product_cat-drustvene-igre-221","8":"product_cat-igracke","10":"first","11":"outofstock","12":"shipping-taxable","13":"purchasable","14":"product-type-simple"},"_links":{"self":[{"href":"https:\/\/singuli.wpress.me\/index.php\/wp-json\/wp\/v2\/product\/36338","targetHints":{"allow":["GET"]}}],"collection":[{"href":"https:\/\/singuli.wpress.me\/index.php\/wp-json\/wp\/v2\/product"}],"about":[{"href":"https:\/\/singuli.wpress.me\/index.php\/wp-json\/wp\/v2\/types\/product"}],"version-history":[{"count":0,"href":"https:\/\/singuli.wpress.me\/index.php\/wp-json\/wp\/v2\/product\/36338\/revisions"}],"wp:featuredmedia":[{"embeddable":true,"href":"https:\/\/singuli.wpress.me\/index.php\/wp-json\/wp\/v2\/media\/36339"}],"wp:attachment":[{"href":"https:\/\/singuli.wpress.me\/index.php\/wp-json\/wp\/v2\/media?parent=36338"}],"wp:term":[{"taxonomy":"product_brand","embeddable":true,"href":"https:\/\/singuli.wpress.me\/index.php\/wp-json\/wp\/v2\/product_brand?post=36338"},{"taxonomy":"product_cat","embeddable":true,"href":"https:\/\/singuli.wpress.me\/index.php\/wp-json\/wp\/v2\/product_cat?post=36338"},{"taxonomy":"product_tag","embeddable":true,"href":"https:\/\/singuli.wpress.me\/index.php\/wp-json\/wp\/v2\/product_tag?post=36338"}],"curies":[{"name":"wp","href":"https:\/\/api.w.org\/{rel}","templated":true}]}}