{"id":36342,"date":"2026-04-18T01:55:07","date_gmt":"2026-04-18T01:55:07","guid":{"rendered":"https:\/\/singuli.wpress.me\/index.php\/proizvod\/games-uno-zero-karte-drustvena-igra\/"},"modified":"2026-04-20T12:33:18","modified_gmt":"2026-04-20T12:33:18","slug":"games-uno-zero-karte-drustvena-igra","status":"publish","type":"product","link":"https:\/\/singuli.wpress.me\/index.php\/proizvod\/games-uno-zero-karte-drustvena-igra\/","title":{"rendered":"GAMES UNO Zero karte, dru\u0161tvena igra"},"content":{"rendered":"<p>\n    UNO Zero \u2013 Karti\u010dna igra s ciljem postizanja nule<\/p>\n<p>\n    U UNO Zero cilj je posti\u0107i najni\u017ei mogu\u0107i rezultat, po mogu\u0107nosti nula! Ova igra kombinira klasi\u010dnu UNO zabavu s jedinstvenom strategijom.<\/p>\n<p>\n    Umjesto da dr\u017ee karte u ruci, igra\u010di prvo postavljaju karte licem prema dolje ispred sebe u rasporedu mre\u017ee 2&#215;3. Zatim razmjenjuju karte ve\u0107e vrijednosti za one s ni\u017eom vrijedno\u0161\u0107u, poku\u0161avaju\u0107i nadmudriti svoje protivnike i osvojiti \u0161to manje bodova. Rezultat bi trebao biti nizak, ali emocije su visoke!<\/p>\n<p>Klju\u010dne zna\u010dajke:<\/p>\n<p>    Posebne karte, kao \u0161to su Promjena smjera i Stop, mijenjaju lice igre.<br \/>\n    Pristupa\u010dan dizajn: Svaka kartica ima posebnu grafiku koja vam poma\u017ee identificirati boju, omogu\u0107uju\u0107i igra\u010dima s problemima prepoznavanja boja da lako sudjeluju.<br \/>\n    Strategija: Cilj je zamijeniti karte kako bi se dobio najni\u017ei mogu\u0107i rezultat.<\/p>\n<p>\n    Dizajnirana za 2 do 8 igra\u010da u dobi od 7 i vi\u0161e godina, dru\u0161tvena igra kartama UNO Zero savr\u0161ena je za ve\u010der igre s obitelji ili prijateljima.<\/p>\n","protected":false},"excerpt":{"rendered":"<p>Cilj igre: Posti\u0107i najni\u017ei mogu\u0107i rezultat (nula)<br \/>\nJedinstveni na\u010din igre: Karte se postavljaju u mre\u017eu 2&#215;3 i razmjenjuju<br \/>\nPristupa\u010dnost: Posebna grafika na karticama za lak\u0161e prepoznavanje boje<\/p>\n","protected":false},"featured_media":36343,"template":"","meta":{"_seopress_robots_primary_cat":"","_seopress_titles_title":"","_seopress_titles_desc":"","_seopress_robots_index":"","iawp_total_views":0},"product_brand":[390],"product_cat":[290,221],"product_tag":[],"class_list":{"0":"post-36342","1":"product","2":"type-product","3":"status-publish","4":"has-post-thumbnail","6":"product_brand-games","7":"product_cat-drustvene-igre-221","8":"product_cat-igracke","10":"first","11":"instock","12":"shipping-taxable","13":"purchasable","14":"product-type-simple"},"_links":{"self":[{"href":"https:\/\/singuli.wpress.me\/index.php\/wp-json\/wp\/v2\/product\/36342","targetHints":{"allow":["GET"]}}],"collection":[{"href":"https:\/\/singuli.wpress.me\/index.php\/wp-json\/wp\/v2\/product"}],"about":[{"href":"https:\/\/singuli.wpress.me\/index.php\/wp-json\/wp\/v2\/types\/product"}],"version-history":[{"count":0,"href":"https:\/\/singuli.wpress.me\/index.php\/wp-json\/wp\/v2\/product\/36342\/revisions"}],"wp:featuredmedia":[{"embeddable":true,"href":"https:\/\/singuli.wpress.me\/index.php\/wp-json\/wp\/v2\/media\/36343"}],"wp:attachment":[{"href":"https:\/\/singuli.wpress.me\/index.php\/wp-json\/wp\/v2\/media?parent=36342"}],"wp:term":[{"taxonomy":"product_brand","embeddable":true,"href":"https:\/\/singuli.wpress.me\/index.php\/wp-json\/wp\/v2\/product_brand?post=36342"},{"taxonomy":"product_cat","embeddable":true,"href":"https:\/\/singuli.wpress.me\/index.php\/wp-json\/wp\/v2\/product_cat?post=36342"},{"taxonomy":"product_tag","embeddable":true,"href":"https:\/\/singuli.wpress.me\/index.php\/wp-json\/wp\/v2\/product_tag?post=36342"}],"curies":[{"name":"wp","href":"https:\/\/api.w.org\/{rel}","templated":true}]}}