{"id":36346,"date":"2026-04-18T01:55:09","date_gmt":"2026-04-18T01:55:09","guid":{"rendered":"https:\/\/singuli.wpress.me\/index.php\/proizvod\/ristora-gogo-mlijeko-u-prahu-1-kg\/"},"modified":"2026-04-20T12:33:18","modified_gmt":"2026-04-20T12:33:18","slug":"ristora-gogo-mlijeko-u-prahu-1-kg","status":"publish","type":"product","link":"https:\/\/singuli.wpress.me\/index.php\/proizvod\/ristora-gogo-mlijeko-u-prahu-1-kg\/","title":{"rendered":"RISTORA GOGO, mlijeko u prahu, 1\u00a0kg"},"content":{"rendered":"<p>GOGO je visokokvalitetna instant mje\u0161avina u prahu namijenjena pripremi ukusnog bijelog mlije\u010dnog napitka. Idealna je kao dodatak kavi ili \u010daju (6-8 g po porciji). Zahvaljuju\u0107i granuliranom sastavu, osigurava postojanost i bogatu teksturu pri svakom kori\u0161tenju.<\/p>\n","protected":false},"excerpt":{"rendered":"<p>Granulirana struktura omogu\u0107uje trenutno otapanje u toploj vodi ili kavi bez stvaranja grudica<br \/>\nSavr\u0161en izbor za automate za kavu, uredsku upotrebu ili oboga\u0107ivanje okusa toplih napitaka kod ku\u0107e<\/p>\n","protected":false},"featured_media":36347,"template":"","meta":{"_seopress_robots_primary_cat":"","_seopress_titles_title":"","_seopress_titles_desc":"","_seopress_robots_index":"","iawp_total_views":0},"product_brand":[781],"product_cat":[261,275],"product_tag":[],"class_list":{"0":"post-36346","1":"product","2":"type-product","3":"status-publish","4":"has-post-thumbnail","6":"product_brand-ristora","7":"product_cat-hrana-i-pice","8":"product_cat-kava-i-cajevi-261","10":"first","11":"instock","12":"shipping-taxable","13":"purchasable","14":"product-type-simple"},"_links":{"self":[{"href":"https:\/\/singuli.wpress.me\/index.php\/wp-json\/wp\/v2\/product\/36346","targetHints":{"allow":["GET"]}}],"collection":[{"href":"https:\/\/singuli.wpress.me\/index.php\/wp-json\/wp\/v2\/product"}],"about":[{"href":"https:\/\/singuli.wpress.me\/index.php\/wp-json\/wp\/v2\/types\/product"}],"version-history":[{"count":0,"href":"https:\/\/singuli.wpress.me\/index.php\/wp-json\/wp\/v2\/product\/36346\/revisions"}],"wp:featuredmedia":[{"embeddable":true,"href":"https:\/\/singuli.wpress.me\/index.php\/wp-json\/wp\/v2\/media\/36347"}],"wp:attachment":[{"href":"https:\/\/singuli.wpress.me\/index.php\/wp-json\/wp\/v2\/media?parent=36346"}],"wp:term":[{"taxonomy":"product_brand","embeddable":true,"href":"https:\/\/singuli.wpress.me\/index.php\/wp-json\/wp\/v2\/product_brand?post=36346"},{"taxonomy":"product_cat","embeddable":true,"href":"https:\/\/singuli.wpress.me\/index.php\/wp-json\/wp\/v2\/product_cat?post=36346"},{"taxonomy":"product_tag","embeddable":true,"href":"https:\/\/singuli.wpress.me\/index.php\/wp-json\/wp\/v2\/product_tag?post=36346"}],"curies":[{"name":"wp","href":"https:\/\/api.w.org\/{rel}","templated":true}]}}