{"id":36350,"date":"2026-04-18T01:55:10","date_gmt":"2026-04-18T01:55:10","guid":{"rendered":"https:\/\/singuli.wpress.me\/index.php\/proizvod\/littlest-pet-shop-lps-wave-figura\/"},"modified":"2026-04-21T00:26:46","modified_gmt":"2026-04-21T00:26:46","slug":"littlest-pet-shop-lps-wave-figura","status":"publish","type":"product","link":"https:\/\/singuli.wpress.me\/index.php\/proizvod\/littlest-pet-shop-lps-wave-figura\/","title":{"rendered":"LITTLEST PET SHOP LPS Wave, figura"},"content":{"rendered":"<p>Pro\u0161irite svoju kolekciju s **18 preslatkih, potpuno novih ljubimaca** iz Serije 4 Littlest Pet Shop! Upoznajte omiljene \u017eivotinje poput **mopsa, \u010diuvave, koale i kuni\u0107a spu\u0161tenih u\u0161iju**, a svaka je figurica prepuna jedinstvene osobnosti, slatko\u0107e i \u0161arma.<\/p>\n<p>Svako pakiranje donosi **jednog ljubimca i tematski dodatak** inspiriran hranom ili modom. Ho\u0107e li tvoj ljubimac u\u017eivati u *bubble tea* napitku, grickati mini-burger ili nositi glamuroznu ma\u0161nu? Otkrijte sve mogu\u0107nosti!<\/p>\n<p>Uz svakog ljubimca dobivate i **kolekcionarsku karticu** koja otkriva sve detalje: ime, razinu, osobnost i rijetkost. Budite na oprezu i poku\u0161ajte uloviti **Gold Chase Pandu** \u2013 sjajnog, izuzetno rijetkog ljubimca, ultimativni kolekcionarski primjerak! Uz toliko ljubimaca, lako je stvoriti savr\u0161enu Littlest Pet Shop ekipu.<\/p>\n","protected":false},"excerpt":{"rendered":"<p>Velika kolekcija s popularnim \u017eivotinjama<br \/>\nOtkriva rijetkost, osobnost i razinu svakog ljubimca<br \/>\nMogu\u0107nost pronalaska izuzetno rijetke Gold Chase Pande<\/p>\n","protected":false},"featured_media":36351,"template":"","meta":{"_seopress_robots_primary_cat":"","_seopress_titles_title":"","_seopress_titles_desc":"","_seopress_robots_index":"","iawp_total_views":0},"product_brand":[766],"product_cat":[221,263],"product_tag":[],"class_list":{"0":"post-36350","1":"product","2":"type-product","3":"status-publish","4":"has-post-thumbnail","6":"product_brand-littlest-pet-shop","7":"product_cat-igracke","8":"product_cat-tematske-igracke-221","10":"first","11":"instock","12":"shipping-taxable","13":"purchasable","14":"product-type-simple"},"_links":{"self":[{"href":"https:\/\/singuli.wpress.me\/index.php\/wp-json\/wp\/v2\/product\/36350","targetHints":{"allow":["GET"]}}],"collection":[{"href":"https:\/\/singuli.wpress.me\/index.php\/wp-json\/wp\/v2\/product"}],"about":[{"href":"https:\/\/singuli.wpress.me\/index.php\/wp-json\/wp\/v2\/types\/product"}],"version-history":[{"count":0,"href":"https:\/\/singuli.wpress.me\/index.php\/wp-json\/wp\/v2\/product\/36350\/revisions"}],"wp:featuredmedia":[{"embeddable":true,"href":"https:\/\/singuli.wpress.me\/index.php\/wp-json\/wp\/v2\/media\/36351"}],"wp:attachment":[{"href":"https:\/\/singuli.wpress.me\/index.php\/wp-json\/wp\/v2\/media?parent=36350"}],"wp:term":[{"taxonomy":"product_brand","embeddable":true,"href":"https:\/\/singuli.wpress.me\/index.php\/wp-json\/wp\/v2\/product_brand?post=36350"},{"taxonomy":"product_cat","embeddable":true,"href":"https:\/\/singuli.wpress.me\/index.php\/wp-json\/wp\/v2\/product_cat?post=36350"},{"taxonomy":"product_tag","embeddable":true,"href":"https:\/\/singuli.wpress.me\/index.php\/wp-json\/wp\/v2\/product_tag?post=36350"}],"curies":[{"name":"wp","href":"https:\/\/api.w.org\/{rel}","templated":true}]}}