{"id":36356,"date":"2026-04-18T01:55:14","date_gmt":"2026-04-18T01:55:14","guid":{"rendered":"https:\/\/singuli.wpress.me\/index.php\/proizvod\/make-it-real-kreativni-svijet-perlica-igracka\/"},"modified":"2026-04-20T12:33:18","modified_gmt":"2026-04-20T12:33:18","slug":"make-it-real-kreativni-svijet-perlica-igracka","status":"publish","type":"product","link":"https:\/\/singuli.wpress.me\/index.php\/proizvod\/make-it-real-kreativni-svijet-perlica-igracka\/","title":{"rendered":"MAKE IT REAL Kreativni svijet perlica, igra\u010dka"},"content":{"rendered":"<p>Pripremite se za izradu **preko 30 jedinstvenih narukvica prijateljstva** uz ovaj fantasti\u010dan kreativni set! S **vi\u0161e od 1440 perlica i privjesaka** unutra, mogu\u0107nosti su beskrajne \u2013 izradite savr\u0161ene narukvice za sebe, svoje najbolje prijatelje ili one koje tek upoznate!<\/p>\n<p>Sav materijal dolazi u **prakti\u010dnoj kutiji za no\u0161enje**, koja je idealna za ponijeti na **izlete, dru\u017eenja ili radionice u pokretu**. Pove\u017eite se s prijateljima kroz igru i **potaknite svoju kreativnost** izradom nakita.<\/p>\n<p>Set sadr\u017ei sve \u0161to vam je potrebno: **1430 raznih perlica, 10 privjesaka, elasti\u010dni konac i jednostavne upute**. Slijedite predlo\u017eene uzorke ili pustite ma\u0161ti na volju i kreirajte svoj vlastiti, jedinstveni dizajn!<\/p>\n<p><strong>Sadr\u017eaj:<\/strong> Kutija za pohranu, 10 privjesaka, 1430 perlica, 10 m prozirne elasti\u010dne vrpce i upute.<\/p>\n","protected":false},"excerpt":{"rendered":"<p>Uklju\u010duje preko 1440 perlica i privjesaka<br \/>\nSav materijal dolazi u prakti\u010dnoj kutiji za lako no\u0161enje i putovanja<br \/>\nIdealan za razmjenu narukvica prijateljstva i kreativno povezivanje<\/p>\n","protected":false},"featured_media":36357,"template":"","meta":{"_seopress_robots_primary_cat":"","_seopress_titles_title":"","_seopress_titles_desc":"","_seopress_robots_index":"","iawp_total_views":0},"product_brand":[441],"product_cat":[221,291],"product_tag":[],"class_list":{"0":"post-36356","1":"product","2":"type-product","3":"status-publish","4":"has-post-thumbnail","6":"product_brand-make-it-real","7":"product_cat-igracke","8":"product_cat-igracke-za-djecu-221","10":"first","11":"instock","12":"shipping-taxable","13":"purchasable","14":"product-type-simple"},"_links":{"self":[{"href":"https:\/\/singuli.wpress.me\/index.php\/wp-json\/wp\/v2\/product\/36356","targetHints":{"allow":["GET"]}}],"collection":[{"href":"https:\/\/singuli.wpress.me\/index.php\/wp-json\/wp\/v2\/product"}],"about":[{"href":"https:\/\/singuli.wpress.me\/index.php\/wp-json\/wp\/v2\/types\/product"}],"version-history":[{"count":0,"href":"https:\/\/singuli.wpress.me\/index.php\/wp-json\/wp\/v2\/product\/36356\/revisions"}],"wp:featuredmedia":[{"embeddable":true,"href":"https:\/\/singuli.wpress.me\/index.php\/wp-json\/wp\/v2\/media\/36357"}],"wp:attachment":[{"href":"https:\/\/singuli.wpress.me\/index.php\/wp-json\/wp\/v2\/media?parent=36356"}],"wp:term":[{"taxonomy":"product_brand","embeddable":true,"href":"https:\/\/singuli.wpress.me\/index.php\/wp-json\/wp\/v2\/product_brand?post=36356"},{"taxonomy":"product_cat","embeddable":true,"href":"https:\/\/singuli.wpress.me\/index.php\/wp-json\/wp\/v2\/product_cat?post=36356"},{"taxonomy":"product_tag","embeddable":true,"href":"https:\/\/singuli.wpress.me\/index.php\/wp-json\/wp\/v2\/product_tag?post=36356"}],"curies":[{"name":"wp","href":"https:\/\/api.w.org\/{rel}","templated":true}]}}