{"id":36368,"date":"2026-04-18T01:55:22","date_gmt":"2026-04-18T01:55:22","guid":{"rendered":"https:\/\/singuli.wpress.me\/index.php\/proizvod\/make-it-real-macaron-set-za-izradu-narukvica-igracka\/"},"modified":"2026-04-20T12:33:18","modified_gmt":"2026-04-20T12:33:18","slug":"make-it-real-macaron-set-za-izradu-narukvica-igracka","status":"publish","type":"product","link":"https:\/\/singuli.wpress.me\/index.php\/proizvod\/make-it-real-macaron-set-za-izradu-narukvica-igracka\/","title":{"rendered":"MAKE IT REAL Macaron set za izradu narukvica, igra\u010dka"},"content":{"rendered":"<p>Izrada narukvica nikada nije bila sla\u0111a! Upoznajte set **Macaron Narukvice**, gdje tri neodoljive makaron kutijice skrivaju sve \u0161to vam je potrebno za izradu **\u010dak 12 unikatnih narukvica**. Dizajn kutijica je toliko sladak da \u0107e odu\u0161eviti svakog malog kreativca.<\/p>\n<p>Svaki macaron set sadr\u017ei materijal za izradu 4 narukvice, s tematskim perlicama i privjescima.<\/p>\n<p>Izrada je jednostavna: **rub macarona** slu\u017ei kao mjera\u010d za elasti\u010dni konac, a zatim otvorite kutijicu i zapo\u010dnite stvaranje! Po zavr\u0161etku, sav materijal i gotove narukvice **mo\u017eete uredno pospremiti** natrag u macaron kutijice. Nosite ih sami ili ih podijelite s prijateljima kao savr\u0161en poklon!<\/p>\n<p><strong>Sadr\u017eaj:<\/strong> 3 macaron kutijice, 3 x 1,5 m elasti\u010dne vrpce, 6 privjesaka i preko 380 perlica.<\/p>\n","protected":false},"excerpt":{"rendered":"<p>Materijal i narukvice pohranjeni su u 3 \u0161armantne kutijice u obliku makarona<br \/>\nSet omogu\u0107uje izradu ukupno 12 unikatnih narukvica<br \/>\nMacaron kutijice slu\u017ee kao prakti\u010dan alat za mjerenje i za pohranu<\/p>\n","protected":false},"featured_media":36369,"template":"","meta":{"_seopress_robots_primary_cat":"","_seopress_titles_title":"","_seopress_titles_desc":"","_seopress_robots_index":"","iawp_total_views":0},"product_brand":[441],"product_cat":[221,291],"product_tag":[],"class_list":{"0":"post-36368","1":"product","2":"type-product","3":"status-publish","4":"has-post-thumbnail","6":"product_brand-make-it-real","7":"product_cat-igracke","8":"product_cat-igracke-za-djecu-221","10":"first","11":"instock","12":"shipping-taxable","13":"purchasable","14":"product-type-simple"},"_links":{"self":[{"href":"https:\/\/singuli.wpress.me\/index.php\/wp-json\/wp\/v2\/product\/36368","targetHints":{"allow":["GET"]}}],"collection":[{"href":"https:\/\/singuli.wpress.me\/index.php\/wp-json\/wp\/v2\/product"}],"about":[{"href":"https:\/\/singuli.wpress.me\/index.php\/wp-json\/wp\/v2\/types\/product"}],"version-history":[{"count":0,"href":"https:\/\/singuli.wpress.me\/index.php\/wp-json\/wp\/v2\/product\/36368\/revisions"}],"wp:featuredmedia":[{"embeddable":true,"href":"https:\/\/singuli.wpress.me\/index.php\/wp-json\/wp\/v2\/media\/36369"}],"wp:attachment":[{"href":"https:\/\/singuli.wpress.me\/index.php\/wp-json\/wp\/v2\/media?parent=36368"}],"wp:term":[{"taxonomy":"product_brand","embeddable":true,"href":"https:\/\/singuli.wpress.me\/index.php\/wp-json\/wp\/v2\/product_brand?post=36368"},{"taxonomy":"product_cat","embeddable":true,"href":"https:\/\/singuli.wpress.me\/index.php\/wp-json\/wp\/v2\/product_cat?post=36368"},{"taxonomy":"product_tag","embeddable":true,"href":"https:\/\/singuli.wpress.me\/index.php\/wp-json\/wp\/v2\/product_tag?post=36368"}],"curies":[{"name":"wp","href":"https:\/\/api.w.org\/{rel}","templated":true}]}}