{"id":36408,"date":"2026-04-18T01:55:37","date_gmt":"2026-04-18T01:55:37","guid":{"rendered":"https:\/\/singuli.wpress.me\/index.php\/proizvod\/rmz-bmw-132-autic\/"},"modified":"2026-04-20T12:33:18","modified_gmt":"2026-04-20T12:33:18","slug":"rmz-bmw-132-autic","status":"publish","type":"product","link":"https:\/\/singuli.wpress.me\/index.php\/proizvod\/rmz-bmw-132-autic\/","title":{"rendered":"RMZ BMW 1:32, auti\u0107"},"content":{"rendered":"<p>Pripremi se za brzu i uzbudljivu **zabavu za male i velike** zaljubljenike u automobile! Ovaj **kvalitetan model u mjerilu 1:32** savr\u0161eno kombinira izdr\u017eljivost i detaljnost, izra\u0111en od metalnih i plasti\u010dnih dijelova s pa\u017eljivo reproduciranim detaljima.<\/p>\n<p>Model nudi **interaktivne funkcije** koje igru \u010dine realisti\u010dnijom: vrata se otvaraju, a tu je i mo\u0107na **\u201epull back\u201d funkcija** \u2013 povuci ga unatrag i gledaj kako samostalno juri naprijed!<\/p>\n<p>Povla\u010denjem se tako\u0111er aktiviraju **svjetlosni i zvu\u010dni efekti**, podi\u017eu\u0107i igru na novu razinu uzbu\u0111enja. S pokretnim kota\u010dima, idealan je za **dinami\u010dnu igru** ili kao fantasti\u010dan **dodatak kolekcionarskoj zbirci**.<\/p>\n<p>Za rad su potrebne 3x AG13 baterije koje su ve\u0107 prilo\u017eene, tako da zabava mo\u017ee odmah po\u010deti!<\/p>\n","protected":false},"excerpt":{"rendered":"<p>Uklju\u010duje pull back funkciju, otvaranje vrata te svjetlosne i zvu\u010dne efekte<br \/>\nModel je u mjerilu 1:32, izra\u0111en od metalnih i plasti\u010dnih dijelova, idealan za igru i kolekciju<br \/>\nBaterije (AG13) su prilo\u017eene uz proizvod<\/p>\n","protected":false},"featured_media":36409,"template":"","meta":{"_seopress_robots_primary_cat":"","_seopress_titles_title":"","_seopress_titles_desc":"","_seopress_robots_index":"","iawp_total_views":0},"product_brand":[783],"product_cat":[221,263],"product_tag":[],"class_list":{"0":"post-36408","1":"product","2":"type-product","3":"status-publish","4":"has-post-thumbnail","6":"product_brand-rmz","7":"product_cat-igracke","8":"product_cat-tematske-igracke-221","10":"first","11":"outofstock","12":"shipping-taxable","13":"purchasable","14":"product-type-simple"},"_links":{"self":[{"href":"https:\/\/singuli.wpress.me\/index.php\/wp-json\/wp\/v2\/product\/36408","targetHints":{"allow":["GET"]}}],"collection":[{"href":"https:\/\/singuli.wpress.me\/index.php\/wp-json\/wp\/v2\/product"}],"about":[{"href":"https:\/\/singuli.wpress.me\/index.php\/wp-json\/wp\/v2\/types\/product"}],"version-history":[{"count":0,"href":"https:\/\/singuli.wpress.me\/index.php\/wp-json\/wp\/v2\/product\/36408\/revisions"}],"wp:featuredmedia":[{"embeddable":true,"href":"https:\/\/singuli.wpress.me\/index.php\/wp-json\/wp\/v2\/media\/36409"}],"wp:attachment":[{"href":"https:\/\/singuli.wpress.me\/index.php\/wp-json\/wp\/v2\/media?parent=36408"}],"wp:term":[{"taxonomy":"product_brand","embeddable":true,"href":"https:\/\/singuli.wpress.me\/index.php\/wp-json\/wp\/v2\/product_brand?post=36408"},{"taxonomy":"product_cat","embeddable":true,"href":"https:\/\/singuli.wpress.me\/index.php\/wp-json\/wp\/v2\/product_cat?post=36408"},{"taxonomy":"product_tag","embeddable":true,"href":"https:\/\/singuli.wpress.me\/index.php\/wp-json\/wp\/v2\/product_tag?post=36408"}],"curies":[{"name":"wp","href":"https:\/\/api.w.org\/{rel}","templated":true}]}}