{"id":36414,"date":"2026-04-18T01:55:39","date_gmt":"2026-04-18T01:55:39","guid":{"rendered":"https:\/\/singuli.wpress.me\/index.php\/proizvod\/pantene-sampon-za-kosu-400-ml\/"},"modified":"2026-04-21T00:26:47","modified_gmt":"2026-04-21T00:26:47","slug":"pantene-sampon-za-kosu-400-ml","status":"publish","type":"product","link":"https:\/\/singuli.wpress.me\/index.php\/proizvod\/pantene-sampon-za-kosu-400-ml\/","title":{"rendered":"PANTENE, \u0161ampon za kosu, 400\u00a0ml"},"content":{"rendered":"<p>Otkrijte \u0161ampon Pantene Hydration Recharge, vrhunski izvor njege i za\u0161tite za va\u0161u kosu. Na\u0161a nje\u017ena formula s provitaminom PRO-V i inovativnom tehnologijom ACTIVE NUTRI-PLEX \u010disti va\u0161u kosu i istovremeno je njeguje hidratantnim nutrijentima. Kad se upotrebljava s na\u0161im balzamom koji se ne ispire, u trenu transformira suhu kosu i ostavlja je mekom, glatkom i sjajnom, dok istovremeno poma\u017ee za\u0161tititi veze u vlasima kose. Upotpunite svoju rutinu na\u0161om kremom za za\u0161titu kose od topline koja pru\u017ea dodatnu njegu kada se aktivira izlaganjem visokim temperaturama.<\/p>\n","protected":false},"excerpt":{"rendered":"<p>HIDRATIZIRANA, VIDLJIVO ZDRAVA KOSA: na\u0161 \u0161ampon Hydration Recharge nje\u017eno \u010disti i hrani va\u0161u kosu nutrijentima kako bi ona neprekidno bila meka i sjajna<br \/>\nSVAKODNEVNA DOZA HIDRATACIJE ZA VA\u0160U KOSU: na\u0161a formula Pro-V cilja normalnu i suhu kosu, njeguju\u0107i je hranjivim sastojcima<br \/>\nS FORMULOM PRO-V I TEHNOLOGIJOM ACTIVE NUTRI-PLEX: ovaj \u0161ampon za suhu kosu poma\u017ee obnoviti va\u0161u kosu iznutra dok istovremeno \u0161titi veze u vlasima kose<\/p>\n","protected":false},"featured_media":36415,"template":"","meta":{"_seopress_robots_primary_cat":"","_seopress_titles_title":"","_seopress_titles_desc":"","_seopress_robots_index":"","iawp_total_views":0},"product_brand":[411],"product_cat":[268,300],"product_tag":[],"class_list":{"0":"post-36414","1":"product","2":"type-product","3":"status-publish","4":"has-post-thumbnail","6":"product_brand-pantene","7":"product_cat-kozmetika-2","8":"product_cat-njega-kose-268","10":"first","11":"instock","12":"shipping-taxable","13":"purchasable","14":"product-type-simple"},"_links":{"self":[{"href":"https:\/\/singuli.wpress.me\/index.php\/wp-json\/wp\/v2\/product\/36414","targetHints":{"allow":["GET"]}}],"collection":[{"href":"https:\/\/singuli.wpress.me\/index.php\/wp-json\/wp\/v2\/product"}],"about":[{"href":"https:\/\/singuli.wpress.me\/index.php\/wp-json\/wp\/v2\/types\/product"}],"version-history":[{"count":0,"href":"https:\/\/singuli.wpress.me\/index.php\/wp-json\/wp\/v2\/product\/36414\/revisions"}],"wp:featuredmedia":[{"embeddable":true,"href":"https:\/\/singuli.wpress.me\/index.php\/wp-json\/wp\/v2\/media\/36415"}],"wp:attachment":[{"href":"https:\/\/singuli.wpress.me\/index.php\/wp-json\/wp\/v2\/media?parent=36414"}],"wp:term":[{"taxonomy":"product_brand","embeddable":true,"href":"https:\/\/singuli.wpress.me\/index.php\/wp-json\/wp\/v2\/product_brand?post=36414"},{"taxonomy":"product_cat","embeddable":true,"href":"https:\/\/singuli.wpress.me\/index.php\/wp-json\/wp\/v2\/product_cat?post=36414"},{"taxonomy":"product_tag","embeddable":true,"href":"https:\/\/singuli.wpress.me\/index.php\/wp-json\/wp\/v2\/product_tag?post=36414"}],"curies":[{"name":"wp","href":"https:\/\/api.w.org\/{rel}","templated":true}]}}