{"id":36416,"date":"2026-04-18T01:55:39","date_gmt":"2026-04-18T01:55:39","guid":{"rendered":"https:\/\/singuli.wpress.me\/index.php\/proizvod\/pantene-maska-za-kosu-300-ml\/"},"modified":"2026-04-21T00:26:47","modified_gmt":"2026-04-21T00:26:47","slug":"pantene-maska-za-kosu-300-ml","status":"publish","type":"product","link":"https:\/\/singuli.wpress.me\/index.php\/proizvod\/pantene-maska-za-kosu-300-ml\/","title":{"rendered":"PANTENE, maska za kosu, 300\u00a0ml"},"content":{"rendered":"<p>Otkrijte masku za kosu Pantene Pro-V Hydration Recharge Keratin Protect, na\u0161 najintenzivniji tretman za obnavljanje vla\u017enosti za iznimno suhu kosu. Oboga\u0107ena mikronutrijentima, na\u0161a formula PRO-V s tehnologijom ACTIVE NUTRI-PLEX dubinski hrani kosu kroz do 8 slojeva kutikule i istovremeno zadr\u017eava vla\u017enost u svakoj vlasi. Ova maska \u200b\u200btransformira va\u0161u kosu nakon samo jedne upotrebe, ostavljaju\u0107i je neodoljivo mekom, glatkom i sjajnom. Nanesite kao dio svakodnevne rutine njege kose. Za dodatnu njegu upotrijebite preko no\u0107i i isperite ujutro.<\/p>\n","protected":false},"excerpt":{"rendered":"<p>HIDRATIZIRANA, VIDLJIVO ZDRAVA KOSA: na\u0161a maska dubinski \u200b\u200bhrani kosu kroz do 8 slojeva kutikule, ostavljaju\u0107i je neprekidno mekom i sjajnom nakon samo jedne upotrebe<br \/>\nNAJBOGATIJA DOZA HIDRATACIJE ZA VA\u0160U KOSU: na\u0161a najintenzivnija hidratantna maska \u200b\u200bposebno je osmi\u0161ljena za preobrazbu iznimno suhe kose u neprekidno sjajnu kosu<br \/>\nS FORMULOM PRO-V I TEHNOLOGIJOM ACTIVE NUTRI-PLEX: ova maska prodire \u200b\u200bduboko u svaki pramen kose, pru\u017eaju\u0107i joj maksimalnu hidrataciju i pritom zadr\u017eava vla\u017enost<\/p>\n","protected":false},"featured_media":36417,"template":"","meta":{"_seopress_robots_primary_cat":"","_seopress_titles_title":"","_seopress_titles_desc":"","_seopress_robots_index":"","iawp_total_views":0},"product_brand":[411],"product_cat":[268,300],"product_tag":[],"class_list":{"0":"post-36416","1":"product","2":"type-product","3":"status-publish","4":"has-post-thumbnail","6":"product_brand-pantene","7":"product_cat-kozmetika-2","8":"product_cat-njega-kose-268","10":"first","11":"outofstock","12":"shipping-taxable","13":"purchasable","14":"product-type-simple"},"_links":{"self":[{"href":"https:\/\/singuli.wpress.me\/index.php\/wp-json\/wp\/v2\/product\/36416","targetHints":{"allow":["GET"]}}],"collection":[{"href":"https:\/\/singuli.wpress.me\/index.php\/wp-json\/wp\/v2\/product"}],"about":[{"href":"https:\/\/singuli.wpress.me\/index.php\/wp-json\/wp\/v2\/types\/product"}],"version-history":[{"count":0,"href":"https:\/\/singuli.wpress.me\/index.php\/wp-json\/wp\/v2\/product\/36416\/revisions"}],"wp:featuredmedia":[{"embeddable":true,"href":"https:\/\/singuli.wpress.me\/index.php\/wp-json\/wp\/v2\/media\/36417"}],"wp:attachment":[{"href":"https:\/\/singuli.wpress.me\/index.php\/wp-json\/wp\/v2\/media?parent=36416"}],"wp:term":[{"taxonomy":"product_brand","embeddable":true,"href":"https:\/\/singuli.wpress.me\/index.php\/wp-json\/wp\/v2\/product_brand?post=36416"},{"taxonomy":"product_cat","embeddable":true,"href":"https:\/\/singuli.wpress.me\/index.php\/wp-json\/wp\/v2\/product_cat?post=36416"},{"taxonomy":"product_tag","embeddable":true,"href":"https:\/\/singuli.wpress.me\/index.php\/wp-json\/wp\/v2\/product_tag?post=36416"}],"curies":[{"name":"wp","href":"https:\/\/api.w.org\/{rel}","templated":true}]}}