{"id":36419,"date":"2026-04-18T01:55:46","date_gmt":"2026-04-18T01:55:46","guid":{"rendered":"https:\/\/singuli.wpress.me\/index.php\/proizvod\/pantene-balzam-za-kosu-220-ml\/"},"modified":"2026-04-21T00:26:47","modified_gmt":"2026-04-21T00:26:47","slug":"pantene-balzam-za-kosu-220-ml","status":"publish","type":"product","link":"https:\/\/singuli.wpress.me\/index.php\/proizvod\/pantene-balzam-za-kosu-220-ml\/","title":{"rendered":"PANTENE, balzam za kosu, 220\u00a0ml"},"content":{"rendered":"<p>Otkrijte intenzivni balzam Pantene Hydration Recharge 3 Minute Miracle, vrhunski spas za vrlo suhu kosu. Oboga\u0107ena provitaminom B5, lipidima za ja\u010danje kose i za\u0161titnim antioksidansima, ova bogata formula u trenu prodire u vlasi kose i dubinski ih hrani hidratantnim nutrijentima. Pretvorite svoju suhu kosu u meke i sjajne uvojke nakon samo jedne upotrebe. Uz \u010detiri razli\u010dita na\u010dina upotrebe, koristite ovaj balzam u kombinaciji s ostatkom kolekcije Hydration Recharge za cjelovitu rutinu njege kose.<\/p>\n","protected":false},"excerpt":{"rendered":"<p>HIDRATIZIRANA, VIDLJIVO ZDRAVA KOSA: na\u0161 balzam za dubinsku njegu u trenu se otapa u va\u0161oj kosi i ostavlja je neprekidno mekanom i sjajnom te obnovljenom iznutra prema van<br \/>\nDUBINSKA DOZA HIDRATACIJE ZA VA\u0160U KOSU: na\u0161a formula Pro-V pretvara normalnu do gustu, vrlo suhu kosu u neprekidno meku i sjajnu kosu nakon samo 1 upotrebe<br \/>\nS FORMULOM PRO-V I TEHNOLOGIJOM ACTIVE NUTRI-PLEX: ovaj serum temeljito hrani svaki pramen kose i maksimalno ga hidratizira za dubinsku obnovu iznutra prema van<\/p>\n","protected":false},"featured_media":36420,"template":"","meta":{"_seopress_robots_primary_cat":"","_seopress_titles_title":"","_seopress_titles_desc":"","_seopress_robots_index":"","iawp_total_views":0},"product_brand":[411],"product_cat":[268,300],"product_tag":[],"class_list":{"0":"post-36419","1":"product","2":"type-product","3":"status-publish","4":"has-post-thumbnail","6":"product_brand-pantene","7":"product_cat-kozmetika-2","8":"product_cat-njega-kose-268","10":"first","11":"instock","12":"shipping-taxable","13":"purchasable","14":"product-type-simple"},"_links":{"self":[{"href":"https:\/\/singuli.wpress.me\/index.php\/wp-json\/wp\/v2\/product\/36419","targetHints":{"allow":["GET"]}}],"collection":[{"href":"https:\/\/singuli.wpress.me\/index.php\/wp-json\/wp\/v2\/product"}],"about":[{"href":"https:\/\/singuli.wpress.me\/index.php\/wp-json\/wp\/v2\/types\/product"}],"version-history":[{"count":0,"href":"https:\/\/singuli.wpress.me\/index.php\/wp-json\/wp\/v2\/product\/36419\/revisions"}],"wp:featuredmedia":[{"embeddable":true,"href":"https:\/\/singuli.wpress.me\/index.php\/wp-json\/wp\/v2\/media\/36420"}],"wp:attachment":[{"href":"https:\/\/singuli.wpress.me\/index.php\/wp-json\/wp\/v2\/media?parent=36419"}],"wp:term":[{"taxonomy":"product_brand","embeddable":true,"href":"https:\/\/singuli.wpress.me\/index.php\/wp-json\/wp\/v2\/product_brand?post=36419"},{"taxonomy":"product_cat","embeddable":true,"href":"https:\/\/singuli.wpress.me\/index.php\/wp-json\/wp\/v2\/product_cat?post=36419"},{"taxonomy":"product_tag","embeddable":true,"href":"https:\/\/singuli.wpress.me\/index.php\/wp-json\/wp\/v2\/product_tag?post=36419"}],"curies":[{"name":"wp","href":"https:\/\/api.w.org\/{rel}","templated":true}]}}