{"id":36422,"date":"2026-04-18T01:55:51","date_gmt":"2026-04-18T01:55:51","guid":{"rendered":"https:\/\/singuli.wpress.me\/index.php\/proizvod\/pantene-balzam-za-kosu-275-ml\/"},"modified":"2026-04-21T00:26:48","modified_gmt":"2026-04-21T00:26:48","slug":"pantene-balzam-za-kosu-275-ml","status":"publish","type":"product","link":"https:\/\/singuli.wpress.me\/index.php\/proizvod\/pantene-balzam-za-kosu-275-ml\/","title":{"rendered":"PANTENE, balzam za kosu, 275\u00a0ml"},"content":{"rendered":"<p>Otkrijte balzam Pantene Hydration Recharge, vrhunsko rje\u0161enje za neposlu\u0161nu ili suhu kosu. Ovaj lagani balzam, koji se po \u017eelji ostavlja na kosi ili ispire, njeguje va\u0161u kosu hidratantnim nutrijentima i zadr\u017eava ih u vlasima za dugotrajnu hidrataciju i vidljivo zdravu kosu. Upotrijebite ga s ostatkom kolekcije Hydration Recharge za cjelovitu rutinu njege kose. Upotpunite svoju rutinu na\u0161om kremom za za\u0161titu kose od topline koja pru\u017ea dodatnu njegu kada se aktivira izlaganjem visokim temperaturama.<\/p>\n","protected":false},"excerpt":{"rendered":"<p>HIDRATIZIRANA, VIDLJIVO ZDRAVA KOSA: na\u0161 lagani balzam Hydration Recharge u trenu transformira va\u0161u kosu, ostavljaju\u0107i je neprekidno mekom i sjajnom<br \/>\nSVAKODNEVNA DOZA HIDRATACIJE ZA VA\u0160U KOSU: na\u0161a formula Pro-V cilja suhu, normalnu do tanku kosu, pru\u017eaju\u0107i dodatnu hidrataciju bez ote\u017eavanja<br \/>\nS FORMULOM PRO-V I TEHNOLOGIJOM ACTIVE NUTRI-PLEX: ovaj balzam koji se po \u017eelji ostavlja na kosi ili ispire poma\u017ee obnoviti va\u0161u kosu iznutra i \u0161titi veze u vlasima kose<\/p>\n","protected":false},"featured_media":36423,"template":"","meta":{"_seopress_robots_primary_cat":"","_seopress_titles_title":"","_seopress_titles_desc":"","_seopress_robots_index":"","iawp_total_views":0},"product_brand":[411],"product_cat":[268,300],"product_tag":[],"class_list":{"0":"post-36422","1":"product","2":"type-product","3":"status-publish","4":"has-post-thumbnail","6":"product_brand-pantene","7":"product_cat-kozmetika-2","8":"product_cat-njega-kose-268","10":"first","11":"instock","12":"shipping-taxable","13":"purchasable","14":"product-type-simple"},"_links":{"self":[{"href":"https:\/\/singuli.wpress.me\/index.php\/wp-json\/wp\/v2\/product\/36422","targetHints":{"allow":["GET"]}}],"collection":[{"href":"https:\/\/singuli.wpress.me\/index.php\/wp-json\/wp\/v2\/product"}],"about":[{"href":"https:\/\/singuli.wpress.me\/index.php\/wp-json\/wp\/v2\/types\/product"}],"version-history":[{"count":0,"href":"https:\/\/singuli.wpress.me\/index.php\/wp-json\/wp\/v2\/product\/36422\/revisions"}],"wp:featuredmedia":[{"embeddable":true,"href":"https:\/\/singuli.wpress.me\/index.php\/wp-json\/wp\/v2\/media\/36423"}],"wp:attachment":[{"href":"https:\/\/singuli.wpress.me\/index.php\/wp-json\/wp\/v2\/media?parent=36422"}],"wp:term":[{"taxonomy":"product_brand","embeddable":true,"href":"https:\/\/singuli.wpress.me\/index.php\/wp-json\/wp\/v2\/product_brand?post=36422"},{"taxonomy":"product_cat","embeddable":true,"href":"https:\/\/singuli.wpress.me\/index.php\/wp-json\/wp\/v2\/product_cat?post=36422"},{"taxonomy":"product_tag","embeddable":true,"href":"https:\/\/singuli.wpress.me\/index.php\/wp-json\/wp\/v2\/product_tag?post=36422"}],"curies":[{"name":"wp","href":"https:\/\/api.w.org\/{rel}","templated":true}]}}