{"id":36424,"date":"2026-04-18T01:55:53","date_gmt":"2026-04-18T01:55:53","guid":{"rendered":"https:\/\/singuli.wpress.me\/index.php\/proizvod\/pantene-balzam-za-kosu-135-ml\/"},"modified":"2026-04-21T00:26:48","modified_gmt":"2026-04-21T00:26:48","slug":"pantene-balzam-za-kosu-135-ml","status":"publish","type":"product","link":"https:\/\/singuli.wpress.me\/index.php\/proizvod\/pantene-balzam-za-kosu-135-ml\/","title":{"rendered":"PANTENE, balzam za kosu, 135\u00a0ml"},"content":{"rendered":"<p>Otkrijte kremu Pantene Hydration Recharge Heat &amp; Glow Leave-In, va\u0161e idealno rje\u0161enje za suhu i o\u0161te\u0107enu kosu. Osmi\u0161ljena s na\u0161om formulom PRO-V, ova krema za za\u0161titu od visokih temperatura osloba\u0111a dodatnu dozu hidratantnih nutrijenata kada se aktivira toplinom. Poma\u017ee u za\u0161titi od vlage, kovr\u010danja i topline do 230 \u00baC, za neprekidno meku i sjajnu kosu koju pritom ne ote\u017eava. Djeluje i kao krema za kovr\u010de na suhoj kosi izme\u0111u dva pranja. Za optimalne rezultate upotrijebite je s ostatkom kolekcije Hydration Recharge.<\/p>\n","protected":false},"excerpt":{"rendered":"<p>HIDRATIZIRANA, VIDLJIVO ZDRAVA KOSA: na\u0161 balzam koji se ne ispire aktivira se toplinom za dodatnu njegu, za neprekidno meku i sjajnu kosu<br \/>\nNJEGUJTE. ZAGRIJTE. ZABLISTAJTE: na\u0161a formula Pro-V koja se aktivira toplinom cilja sve tipove suhe, o\u0161te\u0107ene neposlu\u0161ne kose, a tako\u0111er je prikladna i za kovr\u010davu kosu<br \/>\nNA\u0160A FORMULA PRO-V KOJA SE AKTIVIRA TOPLINOM: unosi jo\u0161 vi\u0161e hidratantnih nutrijenata u kosu kada se aktivira toplinom i zadr\u017eava ih u njoj kako bi sprije\u010dila budu\u0107u suho\u0107u<\/p>\n","protected":false},"featured_media":36425,"template":"","meta":{"_seopress_robots_primary_cat":"","_seopress_titles_title":"","_seopress_titles_desc":"","_seopress_robots_index":"","iawp_total_views":0},"product_brand":[411],"product_cat":[268,300],"product_tag":[],"class_list":{"0":"post-36424","1":"product","2":"type-product","3":"status-publish","4":"has-post-thumbnail","6":"product_brand-pantene","7":"product_cat-kozmetika-2","8":"product_cat-njega-kose-268","10":"first","11":"instock","12":"shipping-taxable","13":"purchasable","14":"product-type-simple"},"_links":{"self":[{"href":"https:\/\/singuli.wpress.me\/index.php\/wp-json\/wp\/v2\/product\/36424","targetHints":{"allow":["GET"]}}],"collection":[{"href":"https:\/\/singuli.wpress.me\/index.php\/wp-json\/wp\/v2\/product"}],"about":[{"href":"https:\/\/singuli.wpress.me\/index.php\/wp-json\/wp\/v2\/types\/product"}],"version-history":[{"count":0,"href":"https:\/\/singuli.wpress.me\/index.php\/wp-json\/wp\/v2\/product\/36424\/revisions"}],"wp:featuredmedia":[{"embeddable":true,"href":"https:\/\/singuli.wpress.me\/index.php\/wp-json\/wp\/v2\/media\/36425"}],"wp:attachment":[{"href":"https:\/\/singuli.wpress.me\/index.php\/wp-json\/wp\/v2\/media?parent=36424"}],"wp:term":[{"taxonomy":"product_brand","embeddable":true,"href":"https:\/\/singuli.wpress.me\/index.php\/wp-json\/wp\/v2\/product_brand?post=36424"},{"taxonomy":"product_cat","embeddable":true,"href":"https:\/\/singuli.wpress.me\/index.php\/wp-json\/wp\/v2\/product_cat?post=36424"},{"taxonomy":"product_tag","embeddable":true,"href":"https:\/\/singuli.wpress.me\/index.php\/wp-json\/wp\/v2\/product_tag?post=36424"}],"curies":[{"name":"wp","href":"https:\/\/api.w.org\/{rel}","templated":true}]}}