{"id":36427,"date":"2026-04-18T01:55:55","date_gmt":"2026-04-18T01:55:55","guid":{"rendered":"https:\/\/singuli.wpress.me\/index.php\/proizvod\/rmz-transporter-164-set-za-igru\/"},"modified":"2026-04-20T12:33:18","modified_gmt":"2026-04-20T12:33:18","slug":"rmz-transporter-164-set-za-igru","status":"publish","type":"product","link":"https:\/\/singuli.wpress.me\/index.php\/proizvod\/rmz-transporter-164-set-za-igru\/","title":{"rendered":"RMZ Transporter 1:64, set za igru"},"content":{"rendered":"<p>Pro\u0161irite vozni park svog malog graditelja s ovom fantasti\u010dnom kolekcijom **kvalitetnih modela transportera**! Modeli su izra\u0111eni u kombinaciji **metalnih i plasti\u010dnih dijelova**, osiguravaju\u0107i izdr\u017eljivost i autenti\u010dan izgled.<\/p>\n<p>Svako vozilo ima **pokretne kota\u010de** i savr\u0161eno je dizajnirano za **dinami\u010dnu igru u pokretu**! Ovi realisti\u010dni transporteri idealni su za male ljubitelje vozila koji vole rekonstruirati scene iz gradili\u0161ta i svakodnevnog \u017eivota.<\/p>\n<p>Sakupite cijelu ekipu specijalnih vozila: dostupni su **Scania kamion s kontejnerom, transporter za vozila, mikser za beton, cisterna za gorivo, kamion za sme\u0107e i vatrogasno vozilo**.<\/p>\n<p><strong>Napomena:<\/strong> Transporteri se prodaju pojedina\u010dno. Sakupite ih sve!<\/p>\n","protected":false},"excerpt":{"rendered":"<p>Kombinacija metalnih i plasti\u010dnih dijelova s pokretnim kota\u010dima<br \/>\nDostupno \u0161est razli\u010ditih specijalnih transportera<br \/>\nIdealno za male ljubitelje vozila i igru na cesti<\/p>\n","protected":false},"featured_media":36428,"template":"","meta":{"_seopress_robots_primary_cat":"","_seopress_titles_title":"","_seopress_titles_desc":"","_seopress_robots_index":"","iawp_total_views":0},"product_brand":[783],"product_cat":[221,263],"product_tag":[],"class_list":{"0":"post-36427","1":"product","2":"type-product","3":"status-publish","4":"has-post-thumbnail","6":"product_brand-rmz","7":"product_cat-igracke","8":"product_cat-tematske-igracke-221","10":"first","11":"instock","12":"shipping-taxable","13":"purchasable","14":"product-type-simple"},"_links":{"self":[{"href":"https:\/\/singuli.wpress.me\/index.php\/wp-json\/wp\/v2\/product\/36427","targetHints":{"allow":["GET"]}}],"collection":[{"href":"https:\/\/singuli.wpress.me\/index.php\/wp-json\/wp\/v2\/product"}],"about":[{"href":"https:\/\/singuli.wpress.me\/index.php\/wp-json\/wp\/v2\/types\/product"}],"version-history":[{"count":0,"href":"https:\/\/singuli.wpress.me\/index.php\/wp-json\/wp\/v2\/product\/36427\/revisions"}],"wp:featuredmedia":[{"embeddable":true,"href":"https:\/\/singuli.wpress.me\/index.php\/wp-json\/wp\/v2\/media\/36428"}],"wp:attachment":[{"href":"https:\/\/singuli.wpress.me\/index.php\/wp-json\/wp\/v2\/media?parent=36427"}],"wp:term":[{"taxonomy":"product_brand","embeddable":true,"href":"https:\/\/singuli.wpress.me\/index.php\/wp-json\/wp\/v2\/product_brand?post=36427"},{"taxonomy":"product_cat","embeddable":true,"href":"https:\/\/singuli.wpress.me\/index.php\/wp-json\/wp\/v2\/product_cat?post=36427"},{"taxonomy":"product_tag","embeddable":true,"href":"https:\/\/singuli.wpress.me\/index.php\/wp-json\/wp\/v2\/product_tag?post=36427"}],"curies":[{"name":"wp","href":"https:\/\/api.w.org\/{rel}","templated":true}]}}