{"id":36448,"date":"2026-04-18T01:56:04","date_gmt":"2026-04-18T01:56:04","guid":{"rendered":"https:\/\/singuli.wpress.me\/index.php\/proizvod\/lindt-cokolada-grozdice-i-ljesnjak-300-g-2\/"},"modified":"2026-04-20T12:33:18","modified_gmt":"2026-04-20T12:33:18","slug":"lindt-cokolada-grozdice-i-ljesnjak-300-g-2","status":"publish","type":"product","link":"https:\/\/singuli.wpress.me\/index.php\/proizvod\/lindt-cokolada-grozdice-i-ljesnjak-300-g-2\/","title":{"rendered":"LINDT, \u010dokolada, gro\u017e\u0111ice i lje\u0161njak, 300\u00a0g"},"content":{"rendered":"<p><span style=\"font-weight: bold\">Lindtova \u0161vicarska mlije\u010dna \u010dokolada s gro\u017e\u0111icama, lje\u0161njacima i bademima<\/span> pru\u017ea jedinstveno iskustvo okusa. Kombinira glatku i kremastu mlije\u010dnu \u010dokoladu s ukusnim gro\u017e\u0111icama te lagano pr\u017eenim lje\u0161njacima i bademima za dodatnu hrskavost. Idealna je za poslu\u017eivanje gostima, kao poklon ili za vlastito u\u017eivanje.<\/p>\n<p>Mlije\u010dna \u010dokolada sadr\u017ei kakao dijelova 31% min<\/p>\n","protected":false},"excerpt":{"rendered":"<p>Najfiniji kakao<br \/>\nLindt kvaliteta najboljih sastojaka<br \/>\nPru\u017ea jedinstveno iskustvo okusa<\/p>\n","protected":false},"featured_media":36449,"template":"","meta":{"_seopress_robots_primary_cat":"","_seopress_titles_title":"","_seopress_titles_desc":"","_seopress_robots_index":"","iawp_total_views":0},"product_brand":[758],"product_cat":[261,277],"product_tag":[],"class_list":{"0":"post-36448","1":"product","2":"type-product","3":"status-publish","4":"has-post-thumbnail","6":"product_brand-lindt","7":"product_cat-hrana-i-pice","8":"product_cat-slatkisi-i-grickalice-261","10":"first","11":"instock","12":"shipping-taxable","13":"purchasable","14":"product-type-simple"},"_links":{"self":[{"href":"https:\/\/singuli.wpress.me\/index.php\/wp-json\/wp\/v2\/product\/36448","targetHints":{"allow":["GET"]}}],"collection":[{"href":"https:\/\/singuli.wpress.me\/index.php\/wp-json\/wp\/v2\/product"}],"about":[{"href":"https:\/\/singuli.wpress.me\/index.php\/wp-json\/wp\/v2\/types\/product"}],"version-history":[{"count":0,"href":"https:\/\/singuli.wpress.me\/index.php\/wp-json\/wp\/v2\/product\/36448\/revisions"}],"wp:featuredmedia":[{"embeddable":true,"href":"https:\/\/singuli.wpress.me\/index.php\/wp-json\/wp\/v2\/media\/36449"}],"wp:attachment":[{"href":"https:\/\/singuli.wpress.me\/index.php\/wp-json\/wp\/v2\/media?parent=36448"}],"wp:term":[{"taxonomy":"product_brand","embeddable":true,"href":"https:\/\/singuli.wpress.me\/index.php\/wp-json\/wp\/v2\/product_brand?post=36448"},{"taxonomy":"product_cat","embeddable":true,"href":"https:\/\/singuli.wpress.me\/index.php\/wp-json\/wp\/v2\/product_cat?post=36448"},{"taxonomy":"product_tag","embeddable":true,"href":"https:\/\/singuli.wpress.me\/index.php\/wp-json\/wp\/v2\/product_tag?post=36448"}],"curies":[{"name":"wp","href":"https:\/\/api.w.org\/{rel}","templated":true}]}}