{"id":36451,"date":"2026-04-18T01:56:05","date_gmt":"2026-04-18T01:56:05","guid":{"rendered":"https:\/\/singuli.wpress.me\/index.php\/proizvod\/glam-buddies-psic-mini-torbica\/"},"modified":"2026-04-21T00:26:48","modified_gmt":"2026-04-21T00:26:48","slug":"glam-buddies-psic-mini-torbica","status":"publish","type":"product","link":"https:\/\/singuli.wpress.me\/index.php\/proizvod\/glam-buddies-psic-mini-torbica\/","title":{"rendered":"GLAM BUDDIES psi\u0107, mini torbica"},"content":{"rendered":"<p>Ostani u trendu s **Glam Buddies** \u2013 preslatkom torbicom koja je savr\u0161en modni dodatak i \u010deka da je **personalizira\u0161 i prilagodi\u0161** isklju\u010divo svom stilu! Ova neodoljiva torbica u obliku psi\u0107a krije \u010ditav mali svijet iznena\u0111enja.<\/p>\n<p>Unutra te \u010deka: **mekani pli\u0161anac**, \u0161areni **bed\u017eevi za ukra\u0161avanje**, cool **naljepnice** i **privjesci** uz pomo\u0107 kojih \u0107e\u0161 torbicu u\u010diniti potpuno jedinstvenom.<\/p>\n<p>Torbica ima i **prakti\u010dan remen** za lako no\u0161enje preko ramena, \u0161to je \u010dini idealnom za sve avanture. U\u010dini je svojom i spremi se da zablista\u0161 gdje god po\u0161la!<\/p>\n","protected":false},"excerpt":{"rendered":"<p>Prakti\u010dna torbica i kreativni set za personalizaciju u jednom<br \/>\nSet uklju\u010duje pli\u0161anca, bed\u017eeve, naljepnice i privjeske<br \/>\nOpremljena je prakti\u010dnim remenom za udobno no\u0161enje<\/p>\n","protected":false},"featured_media":36452,"template":"","meta":{"_seopress_robots_primary_cat":"","_seopress_titles_title":"","_seopress_titles_desc":"","_seopress_robots_index":"","iawp_total_views":0},"product_brand":[490],"product_cat":[221,291],"product_tag":[],"class_list":{"0":"post-36451","1":"product","2":"type-product","3":"status-publish","4":"has-post-thumbnail","6":"product_brand-glam-buddies","7":"product_cat-igracke","8":"product_cat-igracke-za-djecu-221","10":"first","11":"outofstock","12":"shipping-taxable","13":"purchasable","14":"product-type-simple"},"_links":{"self":[{"href":"https:\/\/singuli.wpress.me\/index.php\/wp-json\/wp\/v2\/product\/36451","targetHints":{"allow":["GET"]}}],"collection":[{"href":"https:\/\/singuli.wpress.me\/index.php\/wp-json\/wp\/v2\/product"}],"about":[{"href":"https:\/\/singuli.wpress.me\/index.php\/wp-json\/wp\/v2\/types\/product"}],"version-history":[{"count":0,"href":"https:\/\/singuli.wpress.me\/index.php\/wp-json\/wp\/v2\/product\/36451\/revisions"}],"wp:featuredmedia":[{"embeddable":true,"href":"https:\/\/singuli.wpress.me\/index.php\/wp-json\/wp\/v2\/media\/36452"}],"wp:attachment":[{"href":"https:\/\/singuli.wpress.me\/index.php\/wp-json\/wp\/v2\/media?parent=36451"}],"wp:term":[{"taxonomy":"product_brand","embeddable":true,"href":"https:\/\/singuli.wpress.me\/index.php\/wp-json\/wp\/v2\/product_brand?post=36451"},{"taxonomy":"product_cat","embeddable":true,"href":"https:\/\/singuli.wpress.me\/index.php\/wp-json\/wp\/v2\/product_cat?post=36451"},{"taxonomy":"product_tag","embeddable":true,"href":"https:\/\/singuli.wpress.me\/index.php\/wp-json\/wp\/v2\/product_tag?post=36451"}],"curies":[{"name":"wp","href":"https:\/\/api.w.org\/{rel}","templated":true}]}}