{"id":36463,"date":"2026-04-18T01:56:10","date_gmt":"2026-04-18T01:56:10","guid":{"rendered":"https:\/\/singuli.wpress.me\/index.php\/proizvod\/winged-buddies-jednorog-igracka\/"},"modified":"2026-04-21T00:26:48","modified_gmt":"2026-04-21T00:26:48","slug":"winged-buddies-jednorog-igracka","status":"publish","type":"product","link":"https:\/\/singuli.wpress.me\/index.php\/proizvod\/winged-buddies-jednorog-igracka\/","title":{"rendered":"WINGED BUDDIES Jednorog, igra\u010dka"},"content":{"rendered":"<p>\n    <strong>Winged Buddies Jednorozi \u2013 Pli\u0161ano iznena\u0111enje s magi\u010dnim sjajem!<\/strong>\n<\/p>\n<p>\n    Mekani, \u010darobni i puni iznena\u0111enja \u2013 upoznajte o\u010daravaju\u0107e <strong>Winged Buddies jednoroge!<\/strong>\n<\/p>\n<p>\n    Svako jaje skriva <strong>super mekanog pli\u0161anog jednoroga<\/strong> koji donosi magi\u010dni sjaj: ima <strong>zvjezdicu koja svijetli u mraku<\/strong> na trbuhu! Jednorog tako\u0111er ima <strong>krila s \u010di\u010dkom<\/strong> koja mo\u017ee\u0161 nositi oko zape\u0161\u0107a.\n<\/p>\n<h3>\u010carobne zna\u010dajke:<\/h3>\n<ul>\n<li><strong>Eko-friendly:<\/strong> Punjen <strong>100% recikliranim materijalima<\/strong> \u2013 nje\u017eno za djecu i planet!<\/li>\n<li><strong>Kolekcija:<\/strong> Dolaze u raznim bajkovitim bojama i s \u010darobnim simbolima na prsima.<\/li>\n<li><strong>Dodatno iznena\u0111enje:<\/strong> Uz to, prona\u0107i \u0107ete <strong>naljepnice koje svijetle u mraku<\/strong> za ukra\u0161avanje sobe!<\/li>\n<li><strong>Krilca s \u010di\u010dkom<\/strong> \u2013 pokrij lice jednoroga ili ih nosi na zape\u0161\u0107u!<\/li>\n<li><strong>Veli\u010dina pli\u0161anca:<\/strong> 10 (\u0160) x 7 (D) x 11 (V) cm.<\/li>\n<\/ul>\n<p>\n    Savr\u0161eni su za sve zaljubljenike u jednoroge. Sastavite cijelu kolekciju od <strong>6 \u010darobnih jednoroga!<\/strong><\/p>\n","protected":false},"excerpt":{"rendered":"<p>Pli\u0161ana igra\u010dka iznena\u0111enja (Winged Buddies)<br \/>\nSvjetli u mraku (zvjezdica na trbuhu), krila s \u010di\u010dkom (za no\u0161enje na zape\u0161\u0107u)<br \/>\nPli\u0161anac, naljepnice koje svijetle u mraku<\/p>\n","protected":false},"featured_media":36464,"template":"","meta":{"_seopress_robots_primary_cat":"","_seopress_titles_title":"","_seopress_titles_desc":"","_seopress_robots_index":"","iawp_total_views":0},"product_brand":[785],"product_cat":[221,291],"product_tag":[],"class_list":{"0":"post-36463","1":"product","2":"type-product","3":"status-publish","4":"has-post-thumbnail","6":"product_brand-winged-buddies","7":"product_cat-igracke","8":"product_cat-igracke-za-djecu-221","10":"first","11":"instock","12":"shipping-taxable","13":"purchasable","14":"product-type-simple"},"_links":{"self":[{"href":"https:\/\/singuli.wpress.me\/index.php\/wp-json\/wp\/v2\/product\/36463","targetHints":{"allow":["GET"]}}],"collection":[{"href":"https:\/\/singuli.wpress.me\/index.php\/wp-json\/wp\/v2\/product"}],"about":[{"href":"https:\/\/singuli.wpress.me\/index.php\/wp-json\/wp\/v2\/types\/product"}],"version-history":[{"count":0,"href":"https:\/\/singuli.wpress.me\/index.php\/wp-json\/wp\/v2\/product\/36463\/revisions"}],"wp:featuredmedia":[{"embeddable":true,"href":"https:\/\/singuli.wpress.me\/index.php\/wp-json\/wp\/v2\/media\/36464"}],"wp:attachment":[{"href":"https:\/\/singuli.wpress.me\/index.php\/wp-json\/wp\/v2\/media?parent=36463"}],"wp:term":[{"taxonomy":"product_brand","embeddable":true,"href":"https:\/\/singuli.wpress.me\/index.php\/wp-json\/wp\/v2\/product_brand?post=36463"},{"taxonomy":"product_cat","embeddable":true,"href":"https:\/\/singuli.wpress.me\/index.php\/wp-json\/wp\/v2\/product_cat?post=36463"},{"taxonomy":"product_tag","embeddable":true,"href":"https:\/\/singuli.wpress.me\/index.php\/wp-json\/wp\/v2\/product_tag?post=36463"}],"curies":[{"name":"wp","href":"https:\/\/api.w.org\/{rel}","templated":true}]}}