{"id":36495,"date":"2026-04-18T01:56:23","date_gmt":"2026-04-18T01:56:23","guid":{"rendered":"https:\/\/singuli.wpress.me\/index.php\/proizvod\/braun-9667cc-srebrni-brijaci-aparat-srebrni\/"},"modified":"2026-04-20T12:33:18","modified_gmt":"2026-04-20T12:33:18","slug":"braun-9667cc-srebrni-brijaci-aparat-srebrni","status":"publish","type":"product","link":"https:\/\/singuli.wpress.me\/index.php\/proizvod\/braun-9667cc-srebrni-brijaci-aparat-srebrni\/","title":{"rendered":"BRAUN 9667cc SREBRNI, brija\u0107i aparat, srebrni"},"content":{"rendered":"<p>\n    Braun Series 9 PRO+ 9667cc elektri\u010dni brija\u0107i aparat 5+1 s jedinicom 6u1 SmartCare Center (srebrni)<\/p>\n<p>\n    Brija\u0107i aparat Braun Series 9 PRO+ dizajniran je za mu\u0161karce kako bi im pomogao u postizanju savr\u0161ene glatko\u0107e i za\u0161tite ko\u017ee. Braunov najbolji elektri\u010dni brija\u0107i aparat ima 5+1 savr\u0161eno sinkroniziranih brija\u0107ih elemenata za nje\u017eno podrezivanje najzahtjevnijih brada u svakom potezu.<\/p>\n<p>\n    Tehnologija 5+1 sinkronizira rad o\u0161trice Direct&amp;Cut, ProTrimmera (integriranog za preciznost na najdu\u017eim dla\u010dicama), mre\u017eice OptiFoil, \u0161titnika SkinGuard i o\u0161trice ProLift presvu\u010dene titanijem. Ultra tanke precizne o\u0161trice briju u\u010dinkovitije od prethodnih modela Series 9, pru\u017eaju\u0107i izuzetnu za\u0161titu ko\u017ee.<\/p>\n<p>\n    Maksimalna u\u010dinkovitost na bilo kojoj gusto\u0107i brade postignuta je tehnologijom Pro SensoAdapt, koja analizira gusto\u0107u brade 300 puta u sekundi i automatski prilago\u0111ava snagu brijanja.<\/p>\n<p>\n    Jedinica 6u1 SmartCare Center, s automatskim odabirom programa, \u010disti brija\u0107i aparat, produ\u017euje vijek trajanja o\u0161trica te su\u0161i, puni i odr\u017eava performanse aparata. Series 9 PRO+ je 100% vodootporan, prikladan za mokro i suho brijanje, s 60-minutnom litij-ionskom baterijom. Proizveden je u Njema\u010dkoj.<\/p>\n","protected":false},"excerpt":{"rendered":"<p>Uklju\u010dena jedinica 6u1 SmartCare Center za optimalno odr\u017eavanje<br \/>\nMaksimalna u\u010dinkovitost uz 5+1 element i Pro SensoAdapt tehnologiju<br \/>\nSavr\u0161ena glatko\u0107a i izuzetna za\u0161tita ko\u017ee s titanijskom o\u0161tricom ProLift<\/p>\n","protected":false},"featured_media":36496,"template":"","meta":{"_seopress_robots_primary_cat":"","_seopress_titles_title":"","_seopress_titles_desc":"","_seopress_robots_index":"","iawp_total_views":0},"product_brand":[144],"product_cat":[280,192,279],"product_tag":[],"class_list":{"0":"post-36495","1":"product","2":"type-product","3":"status-publish","4":"has-post-thumbnail","6":"product_brand-braun","7":"product_cat-aparati-za-muskarce-279","8":"product_cat-aparati-za-osobnu-njegu","9":"product_cat-brijanje-i-sisanje-192","11":"first","12":"instock","13":"shipping-taxable","14":"purchasable","15":"product-type-simple"},"_links":{"self":[{"href":"https:\/\/singuli.wpress.me\/index.php\/wp-json\/wp\/v2\/product\/36495","targetHints":{"allow":["GET"]}}],"collection":[{"href":"https:\/\/singuli.wpress.me\/index.php\/wp-json\/wp\/v2\/product"}],"about":[{"href":"https:\/\/singuli.wpress.me\/index.php\/wp-json\/wp\/v2\/types\/product"}],"version-history":[{"count":0,"href":"https:\/\/singuli.wpress.me\/index.php\/wp-json\/wp\/v2\/product\/36495\/revisions"}],"wp:featuredmedia":[{"embeddable":true,"href":"https:\/\/singuli.wpress.me\/index.php\/wp-json\/wp\/v2\/media\/36496"}],"wp:attachment":[{"href":"https:\/\/singuli.wpress.me\/index.php\/wp-json\/wp\/v2\/media?parent=36495"}],"wp:term":[{"taxonomy":"product_brand","embeddable":true,"href":"https:\/\/singuli.wpress.me\/index.php\/wp-json\/wp\/v2\/product_brand?post=36495"},{"taxonomy":"product_cat","embeddable":true,"href":"https:\/\/singuli.wpress.me\/index.php\/wp-json\/wp\/v2\/product_cat?post=36495"},{"taxonomy":"product_tag","embeddable":true,"href":"https:\/\/singuli.wpress.me\/index.php\/wp-json\/wp\/v2\/product_tag?post=36495"}],"curies":[{"name":"wp","href":"https:\/\/api.w.org\/{rel}","templated":true}]}}