{"id":36498,"date":"2026-04-18T01:56:24","date_gmt":"2026-04-18T01:56:24","guid":{"rendered":"https:\/\/singuli.wpress.me\/index.php\/proizvod\/braun-serija-7-72-c7200cc-brijaci-aparat\/"},"modified":"2026-04-21T00:26:48","modified_gmt":"2026-04-21T00:26:48","slug":"braun-serija-7-72-c7200cc-brijaci-aparat","status":"publish","type":"product","link":"https:\/\/singuli.wpress.me\/index.php\/proizvod\/braun-serija-7-72-c7200cc-brijaci-aparat\/","title":{"rendered":"BRAUN SERIJA 7 72-C7200cc, brija\u0107i aparat"},"content":{"rendered":"<p>\n    Braun Series 7 72-C7200cc elektri\u010dni be\u017ei\u010dni brija\u0107i aparat s jedinicom SmartCare (zlatni)<\/p>\n<p>\n    Brija\u0107i aparat za mu\u0161karce Braun Series 7 pru\u017ea temeljitije i br\u017ee brijanje nego ikad prije, a pritom je nje\u017ean prema ko\u017ei*. Glava 360\u00b0 SkinFlex i 3 fleksibilne o\u0161trice prilago\u0111avaju se konturama lica za ultra glatko brijanje, \u010dak i na zahtjevnim podru\u010djima.<\/p>\n<p>\n    Personalizirajte brijanje s tri na\u010dina rada: turbo za br\u017ee brijanje, nje\u017eni za izuzetno ugodno brijanje i standardni za optimalnu ravnote\u017eu brzine i nje\u017enosti.<\/p>\n<p>\n    Aparat je 100% vodootporan te prikladan za mokru i suhu upotrebu. Opremljen je litij-ionskom baterijom koja traje 60 minuta rada, a ima i mogu\u0107nost 5-minutnog brzog punjenja. Dizajniran je da traje i proizveden je u Njema\u010dkoj.<\/p>\n<p>\n    Cjeloviti komplet za mu\u0161ku njegu uklju\u010duje jedinicu SmartCare Center, koja \u010disti va\u0161 brija\u0107i aparat 10x bolje od vode, te 1 nastavak s preciznim trimerom.<\/p>\n<p>\n    U kompletu dobivate: 1 brija\u0107i aparat Series 7 u zlatnoj boji, 1 jedinicu SmartCare Center s 1 patronom za \u010di\u0161\u0107enje, 1 nastavak s preciznim trimerom, 1 putni etui, 1 punja\u010d i 1 \u010detkicu za \u010di\u0161\u0107enje.<\/p>\n<p>\n    *u odnosu na dosada\u0161nji Series 7<\/p>\n","protected":false},"excerpt":{"rendered":"<p>Glava 360\u00b0 SkinFlex i 3 fleksibilne o\u0161trice za ultra glatko brijanje<br \/>\nTri na\u010dina rada (turbo, standardni, nje\u017eni) za personalizaciju brijanja<br \/>\nUklju\u010dena jedinica SmartCare Center za vrhunsku higijenu i \u010di\u0161\u0107enje<\/p>\n","protected":false},"featured_media":36499,"template":"","meta":{"_seopress_robots_primary_cat":"","_seopress_titles_title":"","_seopress_titles_desc":"","_seopress_robots_index":"","iawp_total_views":0},"product_brand":[144],"product_cat":[280,192,279],"product_tag":[],"class_list":{"0":"post-36498","1":"product","2":"type-product","3":"status-publish","4":"has-post-thumbnail","6":"product_brand-braun","7":"product_cat-aparati-za-muskarce-279","8":"product_cat-aparati-za-osobnu-njegu","9":"product_cat-brijanje-i-sisanje-192","11":"first","12":"instock","13":"shipping-taxable","14":"purchasable","15":"product-type-simple"},"_links":{"self":[{"href":"https:\/\/singuli.wpress.me\/index.php\/wp-json\/wp\/v2\/product\/36498","targetHints":{"allow":["GET"]}}],"collection":[{"href":"https:\/\/singuli.wpress.me\/index.php\/wp-json\/wp\/v2\/product"}],"about":[{"href":"https:\/\/singuli.wpress.me\/index.php\/wp-json\/wp\/v2\/types\/product"}],"version-history":[{"count":0,"href":"https:\/\/singuli.wpress.me\/index.php\/wp-json\/wp\/v2\/product\/36498\/revisions"}],"wp:featuredmedia":[{"embeddable":true,"href":"https:\/\/singuli.wpress.me\/index.php\/wp-json\/wp\/v2\/media\/36499"}],"wp:attachment":[{"href":"https:\/\/singuli.wpress.me\/index.php\/wp-json\/wp\/v2\/media?parent=36498"}],"wp:term":[{"taxonomy":"product_brand","embeddable":true,"href":"https:\/\/singuli.wpress.me\/index.php\/wp-json\/wp\/v2\/product_brand?post=36498"},{"taxonomy":"product_cat","embeddable":true,"href":"https:\/\/singuli.wpress.me\/index.php\/wp-json\/wp\/v2\/product_cat?post=36498"},{"taxonomy":"product_tag","embeddable":true,"href":"https:\/\/singuli.wpress.me\/index.php\/wp-json\/wp\/v2\/product_tag?post=36498"}],"curies":[{"name":"wp","href":"https:\/\/api.w.org\/{rel}","templated":true}]}}