{"id":36506,"date":"2026-04-18T01:56:28","date_gmt":"2026-04-18T01:56:28","guid":{"rendered":"https:\/\/singuli.wpress.me\/index.php\/proizvod\/braun-serija-5-52-a1000s-brijaci-aparat\/"},"modified":"2026-04-20T12:33:18","modified_gmt":"2026-04-20T12:33:18","slug":"braun-serija-5-52-a1000s-brijaci-aparat","status":"publish","type":"product","link":"https:\/\/singuli.wpress.me\/index.php\/proizvod\/braun-serija-5-52-a1000s-brijaci-aparat\/","title":{"rendered":"BRAUN SERIJA 5 52-A1000s, brija\u0107i aparat"},"content":{"rendered":"<p>\n    Braun Series 5 52-A1000s elektri\u010dni be\u017ei\u010dni brija\u0107i aparat za mu\u0161karce (azurni)<\/p>\n<p>\n    Brija\u0107i aparat za mu\u0161karce Braun Series 5 pru\u017ea lako i brzo brijanje koje je nje\u017eno prema ko\u017ei. Aparat ima tri fleksibilne o\u0161trice koje se prilago\u0111avaju konturama lica za ugodno brijanje.<\/p>\n<p>\n    Ovaj model nudi personalizaciju brijanja s dva na\u010dina rada: turbo za izuzetno brzo brijanje i standardni za optimalnu ravnote\u017eu brzine i nje\u017enosti.<\/p>\n<p>\n    Aparat je 100% vodootporan te prikladan za mokru i suhu upotrebu. Opremljen je litij-ionskom baterijom koja traje 60 minuta rada, a ima i mogu\u0107nost 5-minutnog brzog punjenja. Dizajniran je da traje i proizveden je u Njema\u010dkoj.<\/p>\n<p>\n    U kompletu dobivate: 1 brija\u0107i aparat Series 5 azurne boje s crnim detaljima, 1 punja\u010d i 1 \u010detkicu za \u010di\u0161\u0107enje.<\/p>\n","protected":false},"excerpt":{"rendered":"<p>Lako i brzo brijanje s tri fleksibilne o\u0161trice<br \/>\nDva na\u010dina rada (turbo i standardni) za personalizaciju brijanja<br \/>\n100% vodootporan, za mokro i suho brijanje, s 60 minuta litij-ionske baterije<\/p>\n","protected":false},"featured_media":36507,"template":"","meta":{"_seopress_robots_primary_cat":"","_seopress_titles_title":"","_seopress_titles_desc":"","_seopress_robots_index":"","iawp_total_views":0},"product_brand":[144],"product_cat":[280,192,279],"product_tag":[],"class_list":{"0":"post-36506","1":"product","2":"type-product","3":"status-publish","4":"has-post-thumbnail","6":"product_brand-braun","7":"product_cat-aparati-za-muskarce-279","8":"product_cat-aparati-za-osobnu-njegu","9":"product_cat-brijanje-i-sisanje-192","11":"first","12":"instock","13":"shipping-taxable","14":"purchasable","15":"product-type-simple"},"_links":{"self":[{"href":"https:\/\/singuli.wpress.me\/index.php\/wp-json\/wp\/v2\/product\/36506","targetHints":{"allow":["GET"]}}],"collection":[{"href":"https:\/\/singuli.wpress.me\/index.php\/wp-json\/wp\/v2\/product"}],"about":[{"href":"https:\/\/singuli.wpress.me\/index.php\/wp-json\/wp\/v2\/types\/product"}],"version-history":[{"count":0,"href":"https:\/\/singuli.wpress.me\/index.php\/wp-json\/wp\/v2\/product\/36506\/revisions"}],"wp:featuredmedia":[{"embeddable":true,"href":"https:\/\/singuli.wpress.me\/index.php\/wp-json\/wp\/v2\/media\/36507"}],"wp:attachment":[{"href":"https:\/\/singuli.wpress.me\/index.php\/wp-json\/wp\/v2\/media?parent=36506"}],"wp:term":[{"taxonomy":"product_brand","embeddable":true,"href":"https:\/\/singuli.wpress.me\/index.php\/wp-json\/wp\/v2\/product_brand?post=36506"},{"taxonomy":"product_cat","embeddable":true,"href":"https:\/\/singuli.wpress.me\/index.php\/wp-json\/wp\/v2\/product_cat?post=36506"},{"taxonomy":"product_tag","embeddable":true,"href":"https:\/\/singuli.wpress.me\/index.php\/wp-json\/wp\/v2\/product_tag?post=36506"}],"curies":[{"name":"wp","href":"https:\/\/api.w.org\/{rel}","templated":true}]}}