{"id":36512,"date":"2026-04-18T01:56:30","date_gmt":"2026-04-18T01:56:30","guid":{"rendered":"https:\/\/singuli.wpress.me\/index.php\/proizvod\/picasso-tiles-set-sa-zvukovima-set-za-igru-20-kom\/"},"modified":"2026-04-20T12:33:18","modified_gmt":"2026-04-20T12:33:18","slug":"picasso-tiles-set-sa-zvukovima-set-za-igru-20-kom","status":"publish","type":"product","link":"https:\/\/singuli.wpress.me\/index.php\/proizvod\/picasso-tiles-set-sa-zvukovima-set-za-igru-20-kom\/","title":{"rendered":"PICASSO TILES set sa zvukovima, set za igru, 20 kom"},"content":{"rendered":"<p>\n    <strong>PicassoTiles Glazbena kutija \u2013 \u010carobni spoj magneta i glazbe<\/strong>\n<\/p>\n<p>\n    Ovaj set pru\u017ea djeci \u010daroban ulazak u svijet <strong>glazbe i magnetne igre<\/strong>!\n<\/p>\n<p>\n    Set uklju\u010duje <strong>magnetnu plo\u010dicu u obliku glazbene kutije<\/strong> koju jednostavno okrenete da je <strong>navijete<\/strong>. Nakon navijanja, kutija reproducira <strong>bezvremensku melodiju &#8220;Canon in D&#8221;<\/strong>. Ova jedinstvena plo\u010dica radi poput tradicionalne glazbene kutije, ali nudi i sve prednosti magnetske konstrukcije.\n<\/p>\n<h3>Razvoj i kreativnost:<\/h3>\n<p>\n    Osim \u0161to pru\u017ea glazbenu zabavu, set poti\u010de djecu na razvoj <strong>kreativnosti i fine motorike<\/strong> kroz igru.\n<\/p>\n<p>\n    <strong>Svestran dizajn<\/strong> omogu\u0107uje <strong>kompatibilnost s drugim PicassoTiles magnetnim blokovima<\/strong>, \u010dime se pro\u0161iruju kreativne mogu\u0107nosti. Djeca mogu stvarati vlastite glazbene kutije, oblike i strukture oko ove jedinstvene komponente.\n<\/p>\n<p>\n    Idealno za djecu svih uzrasta, ovaj set pru\u017ea nevjerojatnu zabavu i u\u010denje kroz igru s naglaskom na kreativnost.<\/p>\n","protected":false},"excerpt":{"rendered":"<p>Glazbena i magnetna igra\u010dka (magnetna plo\u010dica s glazbenom kutijom)<br \/>\nRu\u010dno navijanje (navijanje okretanjem) za reprodukciju melodije<br \/>\nKompatibilnost s drugim PicassoTiles setovima<\/p>\n","protected":false},"featured_media":36513,"template":"","meta":{"_seopress_robots_primary_cat":"","_seopress_titles_title":"","_seopress_titles_desc":"","_seopress_robots_index":"","iawp_total_views":0},"product_brand":[750],"product_cat":[221,291],"product_tag":[],"class_list":{"0":"post-36512","1":"product","2":"type-product","3":"status-publish","4":"has-post-thumbnail","6":"product_brand-picasso-tiles","7":"product_cat-igracke","8":"product_cat-igracke-za-djecu-221","10":"first","11":"instock","12":"shipping-taxable","13":"purchasable","14":"product-type-simple"},"_links":{"self":[{"href":"https:\/\/singuli.wpress.me\/index.php\/wp-json\/wp\/v2\/product\/36512","targetHints":{"allow":["GET"]}}],"collection":[{"href":"https:\/\/singuli.wpress.me\/index.php\/wp-json\/wp\/v2\/product"}],"about":[{"href":"https:\/\/singuli.wpress.me\/index.php\/wp-json\/wp\/v2\/types\/product"}],"version-history":[{"count":0,"href":"https:\/\/singuli.wpress.me\/index.php\/wp-json\/wp\/v2\/product\/36512\/revisions"}],"wp:featuredmedia":[{"embeddable":true,"href":"https:\/\/singuli.wpress.me\/index.php\/wp-json\/wp\/v2\/media\/36513"}],"wp:attachment":[{"href":"https:\/\/singuli.wpress.me\/index.php\/wp-json\/wp\/v2\/media?parent=36512"}],"wp:term":[{"taxonomy":"product_brand","embeddable":true,"href":"https:\/\/singuli.wpress.me\/index.php\/wp-json\/wp\/v2\/product_brand?post=36512"},{"taxonomy":"product_cat","embeddable":true,"href":"https:\/\/singuli.wpress.me\/index.php\/wp-json\/wp\/v2\/product_cat?post=36512"},{"taxonomy":"product_tag","embeddable":true,"href":"https:\/\/singuli.wpress.me\/index.php\/wp-json\/wp\/v2\/product_tag?post=36512"}],"curies":[{"name":"wp","href":"https:\/\/api.w.org\/{rel}","templated":true}]}}